{"id":5207,"date":"2024-01-29T14:01:43","date_gmt":"2024-01-29T14:01:43","guid":{"rendered":"https:\/\/fusioninc.wpengine.com\/?page_id=5207"},"modified":"2024-01-31T15:37:23","modified_gmt":"2024-01-31T15:37:23","slug":"application-video","status":"publish","type":"page","link":"https:\/\/www.fusion-inc.com\/pt-br\/application-video\/","title":{"rendered":"V\u00eddeos de Diferentes Aplica\u00e7\u00f5es"},"content":{"rendered":"<div class=\"alignright\"><a href=\"\/resources\/pictures-videos\/\" target=\"_blank\" rel=\"noopener\"><img decoding=\"async\" src=\"\/wp-content\/uploads\/fusion-videos-300x243-1.png\" alt=\"Fusion Videos\" title=\"Fusion Videos\"><\/a><\/div>\n<p>V\u00eddeos de diferentes aplica\u00e7\u00f5es s\u00e3o recursos para proporcionar-lhe uma introdu\u00e7\u00e3o visual \u00e0 nossa linha de pastas, sistemas de dosagem e equipamentos. Com esta vis\u00e3o da nossa tecnologia em a\u00e7\u00e3o ir\u00e1 proporcionar uma pr\u00e9-visualiza\u00e7\u00e3o dos benef\u00edcios que podem ser alcan\u00e7ados com as nossas solu\u00e7\u00f5es de brasagem em alta e baixa temperatura. Estes v\u00eddeos demonstram apenas uma pequena gama das aplica\u00e7\u00f5es e ind\u00fastrias que atendemos, como o setor automotivo, tubula\u00e7\u00f5es, contatos el\u00e9tricos, ar condicionado, prote\u00e7\u00e3o contra inc\u00eandio, instrumentos musicais, joias, etc. Por fabor retorne frequentemente para visualizar as novas atualiza\u00e7\u00f5es de v\u00eddeo.<\/p>\n<p>Fusion Inc. funciona atua localmente, e em todo o mundo, para atend\u00ea-lo.  <a href=\"\/worldwide\/#brazil\">Entre em contato conosco<\/a> ou <a href=\"\/pt-br\/request-for-quote-brazil\/\">descrever a sua aplica\u00e7\u00e3o aqui<\/a>.<\/p>\n<p><a href=\"\/resources\/pictures-videos\/\" target=\"_blank\" rel=\"noopener\">V\u00eddeos de Diferentes Aplica\u00e7\u00f5es >><\/a><\/p>\n","protected":false},"excerpt":{"rendered":"<p>V\u00eddeos de diferentes aplica\u00e7\u00f5es s\u00e3o recursos para proporcionar-lhe uma introdu\u00e7\u00e3o visual \u00e0 nossa linha de pastas, sistemas de dosagem e equipamentos. Com esta vis\u00e3o da nossa tecnologia em a\u00e7\u00e3o ir\u00e1 proporcionar uma pr\u00e9-visualiza\u00e7\u00e3o dos benef\u00edcios que podem ser alcan\u00e7ados com as nossas solu\u00e7\u00f5es de brasagem em alta e baixa temperatura. Estes v\u00eddeos demonstram apenas uma&#8230; [&#8230;]<\/p>\n<p><a class=\"btn btn-secondary understrap-read-more-link\" href=\"https:\/\/www.fusion-inc.com\/pt-br\/application-video\/\">Leia mais&#8230;<\/a><\/p>\n","protected":false},"author":26,"featured_media":0,"parent":0,"menu_order":0,"comment_status":"closed","ping_status":"closed","template":"","meta":{"_acf_changed":false,"inline_featured_image":false,"footnotes":""},"class_list":["post-5207","page","type-page","status-publish","hentry"],"acf":[],"yoast_head":"<!-- This site is optimized with the Yoast SEO plugin v27.3 - https:\/\/yoast.com\/product\/yoast-seo-wordpress\/ -->\n<title>V\u00eddeos de Diferentes Aplica\u00e7\u00f5es - Fusion, Inc.<\/title>\n<meta name=\"robots\" content=\"index, follow, max-snippet:-1, max-image-preview:large, max-video-preview:-1\" \/>\n<link rel=\"canonical\" href=\"https:\/\/www.fusion-inc.com\/pt-br\/application-video\/\" \/>\n<meta property=\"og:locale\" content=\"pt_BR\" \/>\n<meta property=\"og:type\" content=\"article\" \/>\n<meta property=\"og:title\" content=\"V\u00eddeos de Diferentes Aplica\u00e7\u00f5es - Fusion, Inc.\" \/>\n<meta property=\"og:description\" content=\"V\u00eddeos de diferentes aplica\u00e7\u00f5es s\u00e3o recursos para proporcionar-lhe uma introdu\u00e7\u00e3o visual \u00e0 nossa linha de pastas, sistemas de dosagem e equipamentos. Com esta vis\u00e3o da nossa tecnologia em a\u00e7\u00e3o ir\u00e1 proporcionar uma pr\u00e9-visualiza\u00e7\u00e3o dos benef\u00edcios que podem ser alcan\u00e7ados com as nossas solu\u00e7\u00f5es de brasagem em alta e baixa temperatura. Estes v\u00eddeos demonstram apenas uma... [...]Leia mais...\" \/>\n<meta property=\"og:url\" content=\"https:\/\/www.fusion-inc.com\/pt-br\/application-video\/\" \/>\n<meta property=\"og:site_name\" content=\"Fusion, Inc.\" \/>\n<meta property=\"article:modified_time\" content=\"2024-01-31T15:37:23+00:00\" \/>\n<meta name=\"twitter:label1\" content=\"Est. tempo de leitura\" \/>\n\t<meta name=\"twitter:data1\" content=\"1 minuto\" \/>\n<script type=\"application\/ld+json\" class=\"yoast-schema-graph\">{\"@context\":\"https:\\\/\\\/schema.org\",\"@graph\":[{\"@type\":\"WebPage\",\"@id\":\"https:\\\/\\\/www.fusion-inc.com\\\/pt-br\\\/application-video\\\/\",\"url\":\"https:\\\/\\\/www.fusion-inc.com\\\/pt-br\\\/application-video\\\/\",\"name\":\"V\u00eddeos de Diferentes Aplica\u00e7\u00f5es - Fusion, Inc.\",\"isPartOf\":{\"@id\":\"https:\\\/\\\/www.fusion-inc.com\\\/#website\"},\"datePublished\":\"2024-01-29T14:01:43+00:00\",\"dateModified\":\"2024-01-31T15:37:23+00:00\",\"breadcrumb\":{\"@id\":\"https:\\\/\\\/www.fusion-inc.com\\\/pt-br\\\/application-video\\\/#breadcrumb\"},\"inLanguage\":\"pt-BR\",\"potentialAction\":[{\"@type\":\"ReadAction\",\"target\":[\"https:\\\/\\\/www.fusion-inc.com\\\/pt-br\\\/application-video\\\/\"]}]},{\"@type\":\"BreadcrumbList\",\"@id\":\"https:\\\/\\\/www.fusion-inc.com\\\/pt-br\\\/application-video\\\/#breadcrumb\",\"itemListElement\":[{\"@type\":\"ListItem\",\"position\":1,\"name\":\"Home\",\"item\":\"https:\\\/\\\/www.fusion-inc.com\\\/pt-br\\\/\"},{\"@type\":\"ListItem\",\"position\":2,\"name\":\"V\u00eddeos de Diferentes Aplica\u00e7\u00f5es\"}]},{\"@type\":\"WebSite\",\"@id\":\"https:\\\/\\\/www.fusion-inc.com\\\/#website\",\"url\":\"https:\\\/\\\/www.fusion-inc.com\\\/\",\"name\":\"Fusion, Inc.\",\"description\":\"\",\"potentialAction\":[{\"@type\":\"SearchAction\",\"target\":{\"@type\":\"EntryPoint\",\"urlTemplate\":\"https:\\\/\\\/www.fusion-inc.com\\\/?s={search_term_string}\"},\"query-input\":{\"@type\":\"PropertyValueSpecification\",\"valueRequired\":true,\"valueName\":\"search_term_string\"}}],\"inLanguage\":\"pt-BR\"}]}<\/script>\n<!-- \/ Yoast SEO plugin. -->","yoast_head_json":{"title":"V\u00eddeos de Diferentes Aplica\u00e7\u00f5es - Fusion, Inc.","robots":{"index":"index","follow":"follow","max-snippet":"max-snippet:-1","max-image-preview":"max-image-preview:large","max-video-preview":"max-video-preview:-1"},"canonical":"https:\/\/www.fusion-inc.com\/pt-br\/application-video\/","og_locale":"pt_BR","og_type":"article","og_title":"V\u00eddeos de Diferentes Aplica\u00e7\u00f5es - Fusion, Inc.","og_description":"V\u00eddeos de diferentes aplica\u00e7\u00f5es s\u00e3o recursos para proporcionar-lhe uma introdu\u00e7\u00e3o visual \u00e0 nossa linha de pastas, sistemas de dosagem e equipamentos. Com esta vis\u00e3o da nossa tecnologia em a\u00e7\u00e3o ir\u00e1 proporcionar uma pr\u00e9-visualiza\u00e7\u00e3o dos benef\u00edcios que podem ser alcan\u00e7ados com as nossas solu\u00e7\u00f5es de brasagem em alta e baixa temperatura. Estes v\u00eddeos demonstram apenas uma... [...]Leia mais...","og_url":"https:\/\/www.fusion-inc.com\/pt-br\/application-video\/","og_site_name":"Fusion, Inc.","article_modified_time":"2024-01-31T15:37:23+00:00","twitter_misc":{"Est. tempo de leitura":"1 minuto"},"schema":{"@context":"https:\/\/schema.org","@graph":[{"@type":"WebPage","@id":"https:\/\/www.fusion-inc.com\/pt-br\/application-video\/","url":"https:\/\/www.fusion-inc.com\/pt-br\/application-video\/","name":"V\u00eddeos de Diferentes Aplica\u00e7\u00f5es - Fusion, Inc.","isPartOf":{"@id":"https:\/\/www.fusion-inc.com\/#website"},"datePublished":"2024-01-29T14:01:43+00:00","dateModified":"2024-01-31T15:37:23+00:00","breadcrumb":{"@id":"https:\/\/www.fusion-inc.com\/pt-br\/application-video\/#breadcrumb"},"inLanguage":"pt-BR","potentialAction":[{"@type":"ReadAction","target":["https:\/\/www.fusion-inc.com\/pt-br\/application-video\/"]}]},{"@type":"BreadcrumbList","@id":"https:\/\/www.fusion-inc.com\/pt-br\/application-video\/#breadcrumb","itemListElement":[{"@type":"ListItem","position":1,"name":"Home","item":"https:\/\/www.fusion-inc.com\/pt-br\/"},{"@type":"ListItem","position":2,"name":"V\u00eddeos de Diferentes Aplica\u00e7\u00f5es"}]},{"@type":"WebSite","@id":"https:\/\/www.fusion-inc.com\/#website","url":"https:\/\/www.fusion-inc.com\/","name":"Fusion, Inc.","description":"","potentialAction":[{"@type":"SearchAction","target":{"@type":"EntryPoint","urlTemplate":"https:\/\/www.fusion-inc.com\/?s={search_term_string}"},"query-input":{"@type":"PropertyValueSpecification","valueRequired":true,"valueName":"search_term_string"}}],"inLanguage":"pt-BR"}]}},"_links":{"self":[{"href":"https:\/\/www.fusion-inc.com\/pt-br\/wp-json\/wp\/v2\/pages\/5207","targetHints":{"allow":["GET"]}}],"collection":[{"href":"https:\/\/www.fusion-inc.com\/pt-br\/wp-json\/wp\/v2\/pages"}],"about":[{"href":"https:\/\/www.fusion-inc.com\/pt-br\/wp-json\/wp\/v2\/types\/page"}],"author":[{"embeddable":true,"href":"https:\/\/www.fusion-inc.com\/pt-br\/wp-json\/wp\/v2\/users\/26"}],"replies":[{"embeddable":true,"href":"https:\/\/www.fusion-inc.com\/pt-br\/wp-json\/wp\/v2\/comments?post=5207"}],"version-history":[{"count":0,"href":"https:\/\/www.fusion-inc.com\/pt-br\/wp-json\/wp\/v2\/pages\/5207\/revisions"}],"wp:attachment":[{"href":"https:\/\/www.fusion-inc.com\/pt-br\/wp-json\/wp\/v2\/media?parent=5207"}],"curies":[{"name":"wp","href":"https:\/\/api.w.org\/{rel}","templated":true}]}}