{"id":5196,"date":"2024-01-23T13:29:00","date_gmt":"2024-01-23T13:29:00","guid":{"rendered":"https:\/\/fusioninc.wpengine.com\/?page_id=5196"},"modified":"2024-01-30T14:53:29","modified_gmt":"2024-01-30T14:53:29","slug":"brazing-soldering-machines","status":"publish","type":"page","link":"https:\/\/www.fusion-inc.com\/pt-br\/brazing-soldering-machines\/","title":{"rendered":"M\u00e1quinas para a automa\u00e7\u00e3o de soldagem e de brasagem"},"content":{"rendered":"<p>A tecnologia do equipamento de brasagem de alta e baixa temperatura da Fusion Automation Inc. ajuda a reduzir os custos de brasagem e a incid\u00eancia de pe\u00e7as defeituosas, melhorando ao mesmo tempo a qualidade da jun\u00e7\u00e3o. Tipicamente, um operador carrega e descarrega as pe\u00e7as, enquanto a m\u00e1quina aplica a liga acrescida do decapante, aquecendo e resfriando a pe\u00e7a.<\/p>\n<p>Os custos de materiais s\u00e3o reduzidos com a automa\u00e7\u00e3o dos procesos de brasagem de alta e baixa temperatura devido que a liga e o decapante s\u00e3o aplicados automaticamente em quantidades bem controladas. O custo da m\u00e3o-de-obra \u00e9 reduzida significativamente, porque um operador pode produzir centenas de pe\u00e7as soldadas a cada hora.<\/p>\n<ul>\n<li><strong>M\u00e1quina Estacion\u00e1ria Braze Mate<\/strong> \u2013 m\u00e1quina de brasagem autom\u00e1tica ideal para aplica\u00e7\u00f5es de menor volume ou pequenas tiragens de v\u00e1rios estilos de pe\u00e7as<\/li>\n<li><strong>M\u00e1quina Rotativa Indexada <\/strong>\u2013 as pe\u00e7as s\u00e3o colocadas em apoios ajust\u00e1veis, passam pelas esta\u00e7\u00f5es de dosagem de pasta, aquecimento e resfriamento, permitindo a produ\u00e7\u00e3o de alto volume<\/li>\n<li><strong>M\u00e1quina de Brasagem Indu\u00e7\u00e3o<\/strong> \u2013 uma alternativa para aquecimento a g\u00e1s \/ ar<\/li>\n<li><strong>M\u00e1quina de Brasagem Indu\u00e7\u00e3o sob Atmosfera Protetora<\/strong> \u2013 uma boa alternativa ao forno para a brasagem de a\u00e7o e a\u00e7o inoxid\u00e1vel<\/li>\n<li><strong>M\u00e1quinas com Entrada de Fio<\/strong> \u2013 M\u00e1quinas que s\u00e3o uma alternativa para brasagem com pasta e que s\u00e3o especialmente \u00fateis para certos desenhos de uni\u00e3o<\/li>\n<\/ul>\n<p>Fusion Inc. \u00e9 uma das \u00fanicas fontes para o fornecimento de pastas de brasagem de alta e baixa temperatura, bem como os decapantes, ligas, sistemas de dosagem autom\u00e1tica de pasta e m\u00e1quinas para a automatiza\u00e7\u00e3o dos processos de brasagem a alta e baixa temperatura.<\/p>\n<p>Fusion Inc. atua localmente, e em todo o mundo para atend\u00ea-lo. <a href=\"\/worldwide\/#brazil\">Entre em contato conosco<\/a> ou <a href=\"\/pt-br\/request-for-quote-brazil\/\">descrever a sua aplica\u00e7\u00e3o aqui<\/a>.<\/p>\n","protected":false},"excerpt":{"rendered":"<p>A tecnologia do equipamento de brasagem de alta e baixa temperatura da Fusion Automation Inc. ajuda a reduzir os custos de brasagem e a incid\u00eancia de pe\u00e7as defeituosas, melhorando ao mesmo tempo a qualidade da jun\u00e7\u00e3o. Tipicamente, um operador carrega e descarrega as pe\u00e7as, enquanto a m\u00e1quina aplica a liga acrescida do decapante, aquecendo e&#8230; [&#8230;]<\/p>\n<p><a class=\"btn btn-secondary understrap-read-more-link\" href=\"https:\/\/www.fusion-inc.com\/pt-br\/brazing-soldering-machines\/\">Leia mais&#8230;<\/a><\/p>\n","protected":false},"author":26,"featured_media":0,"parent":0,"menu_order":0,"comment_status":"closed","ping_status":"closed","template":"page-templates\/destination-content.php","meta":{"_acf_changed":false,"inline_featured_image":false,"footnotes":""},"class_list":["post-5196","page","type-page","status-publish","hentry"],"acf":[],"yoast_head":"<!-- This site is optimized with the Yoast SEO plugin v27.3 - https:\/\/yoast.com\/product\/yoast-seo-wordpress\/ -->\n<title>M\u00e1quinas para a automa\u00e7\u00e3o de soldagem e de brasagem - Fusion, Inc.<\/title>\n<meta name=\"robots\" content=\"index, follow, max-snippet:-1, max-image-preview:large, max-video-preview:-1\" \/>\n<link rel=\"canonical\" href=\"https:\/\/www.fusion-inc.com\/products\/automated-machines\/\" \/>\n<meta property=\"og:locale\" content=\"pt_BR\" \/>\n<meta property=\"og:type\" content=\"article\" \/>\n<meta property=\"og:title\" content=\"M\u00e1quinas para a automa\u00e7\u00e3o de soldagem e de brasagem - Fusion, Inc.\" \/>\n<meta property=\"og:description\" content=\"A tecnologia do equipamento de brasagem de alta e baixa temperatura da Fusion Automation Inc. ajuda a reduzir os custos de brasagem e a incid\u00eancia de pe\u00e7as defeituosas, melhorando ao mesmo tempo a qualidade da jun\u00e7\u00e3o. Tipicamente, um operador carrega e descarrega as pe\u00e7as, enquanto a m\u00e1quina aplica a liga acrescida do decapante, aquecendo e... [...]Leia mais...\" \/>\n<meta property=\"og:url\" content=\"https:\/\/www.fusion-inc.com\/products\/automated-machines\/\" \/>\n<meta property=\"og:site_name\" content=\"Fusion, Inc.\" \/>\n<meta property=\"article:modified_time\" content=\"2024-01-30T14:53:29+00:00\" \/>\n<meta name=\"twitter:label1\" content=\"Est. tempo de leitura\" \/>\n\t<meta name=\"twitter:data1\" content=\"2 minutos\" \/>\n<script type=\"application\/ld+json\" class=\"yoast-schema-graph\">{\"@context\":\"https:\\\/\\\/schema.org\",\"@graph\":[{\"@type\":\"WebPage\",\"@id\":\"https:\\\/\\\/www.fusion-inc.com\\\/products\\\/automated-machines\\\/\",\"url\":\"https:\\\/\\\/www.fusion-inc.com\\\/products\\\/automated-machines\\\/\",\"name\":\"M\u00e1quinas para a automa\u00e7\u00e3o de soldagem e de brasagem - Fusion, Inc.\",\"isPartOf\":{\"@id\":\"https:\\\/\\\/www.fusion-inc.com\\\/#website\"},\"datePublished\":\"2024-01-23T13:29:00+00:00\",\"dateModified\":\"2024-01-30T14:53:29+00:00\",\"breadcrumb\":{\"@id\":\"https:\\\/\\\/www.fusion-inc.com\\\/products\\\/automated-machines\\\/#breadcrumb\"},\"inLanguage\":\"pt-BR\",\"potentialAction\":[{\"@type\":\"ReadAction\",\"target\":[\"https:\\\/\\\/www.fusion-inc.com\\\/products\\\/automated-machines\\\/\"]}]},{\"@type\":\"BreadcrumbList\",\"@id\":\"https:\\\/\\\/www.fusion-inc.com\\\/products\\\/automated-machines\\\/#breadcrumb\",\"itemListElement\":[{\"@type\":\"ListItem\",\"position\":1,\"name\":\"Home\",\"item\":\"https:\\\/\\\/www.fusion-inc.com\\\/pt-br\\\/\"},{\"@type\":\"ListItem\",\"position\":2,\"name\":\"M\u00e1quinas para a automa\u00e7\u00e3o de soldagem e de brasagem\"}]},{\"@type\":\"WebSite\",\"@id\":\"https:\\\/\\\/www.fusion-inc.com\\\/#website\",\"url\":\"https:\\\/\\\/www.fusion-inc.com\\\/\",\"name\":\"Fusion, Inc.\",\"description\":\"\",\"potentialAction\":[{\"@type\":\"SearchAction\",\"target\":{\"@type\":\"EntryPoint\",\"urlTemplate\":\"https:\\\/\\\/www.fusion-inc.com\\\/?s={search_term_string}\"},\"query-input\":{\"@type\":\"PropertyValueSpecification\",\"valueRequired\":true,\"valueName\":\"search_term_string\"}}],\"inLanguage\":\"pt-BR\"}]}<\/script>\n<!-- \/ Yoast SEO plugin. -->","yoast_head_json":{"title":"M\u00e1quinas para a automa\u00e7\u00e3o de soldagem e de brasagem - Fusion, Inc.","robots":{"index":"index","follow":"follow","max-snippet":"max-snippet:-1","max-image-preview":"max-image-preview:large","max-video-preview":"max-video-preview:-1"},"canonical":"https:\/\/www.fusion-inc.com\/products\/automated-machines\/","og_locale":"pt_BR","og_type":"article","og_title":"M\u00e1quinas para a automa\u00e7\u00e3o de soldagem e de brasagem - Fusion, Inc.","og_description":"A tecnologia do equipamento de brasagem de alta e baixa temperatura da Fusion Automation Inc. ajuda a reduzir os custos de brasagem e a incid\u00eancia de pe\u00e7as defeituosas, melhorando ao mesmo tempo a qualidade da jun\u00e7\u00e3o. Tipicamente, um operador carrega e descarrega as pe\u00e7as, enquanto a m\u00e1quina aplica a liga acrescida do decapante, aquecendo e... [...]Leia mais...","og_url":"https:\/\/www.fusion-inc.com\/products\/automated-machines\/","og_site_name":"Fusion, Inc.","article_modified_time":"2024-01-30T14:53:29+00:00","twitter_misc":{"Est. tempo de leitura":"2 minutos"},"schema":{"@context":"https:\/\/schema.org","@graph":[{"@type":"WebPage","@id":"https:\/\/www.fusion-inc.com\/products\/automated-machines\/","url":"https:\/\/www.fusion-inc.com\/products\/automated-machines\/","name":"M\u00e1quinas para a automa\u00e7\u00e3o de soldagem e de brasagem - Fusion, Inc.","isPartOf":{"@id":"https:\/\/www.fusion-inc.com\/#website"},"datePublished":"2024-01-23T13:29:00+00:00","dateModified":"2024-01-30T14:53:29+00:00","breadcrumb":{"@id":"https:\/\/www.fusion-inc.com\/products\/automated-machines\/#breadcrumb"},"inLanguage":"pt-BR","potentialAction":[{"@type":"ReadAction","target":["https:\/\/www.fusion-inc.com\/products\/automated-machines\/"]}]},{"@type":"BreadcrumbList","@id":"https:\/\/www.fusion-inc.com\/products\/automated-machines\/#breadcrumb","itemListElement":[{"@type":"ListItem","position":1,"name":"Home","item":"https:\/\/www.fusion-inc.com\/pt-br\/"},{"@type":"ListItem","position":2,"name":"M\u00e1quinas para a automa\u00e7\u00e3o de soldagem e de brasagem"}]},{"@type":"WebSite","@id":"https:\/\/www.fusion-inc.com\/#website","url":"https:\/\/www.fusion-inc.com\/","name":"Fusion, Inc.","description":"","potentialAction":[{"@type":"SearchAction","target":{"@type":"EntryPoint","urlTemplate":"https:\/\/www.fusion-inc.com\/?s={search_term_string}"},"query-input":{"@type":"PropertyValueSpecification","valueRequired":true,"valueName":"search_term_string"}}],"inLanguage":"pt-BR"}]}},"_links":{"self":[{"href":"https:\/\/www.fusion-inc.com\/pt-br\/wp-json\/wp\/v2\/pages\/5196","targetHints":{"allow":["GET"]}}],"collection":[{"href":"https:\/\/www.fusion-inc.com\/pt-br\/wp-json\/wp\/v2\/pages"}],"about":[{"href":"https:\/\/www.fusion-inc.com\/pt-br\/wp-json\/wp\/v2\/types\/page"}],"author":[{"embeddable":true,"href":"https:\/\/www.fusion-inc.com\/pt-br\/wp-json\/wp\/v2\/users\/26"}],"replies":[{"embeddable":true,"href":"https:\/\/www.fusion-inc.com\/pt-br\/wp-json\/wp\/v2\/comments?post=5196"}],"version-history":[{"count":0,"href":"https:\/\/www.fusion-inc.com\/pt-br\/wp-json\/wp\/v2\/pages\/5196\/revisions"}],"wp:attachment":[{"href":"https:\/\/www.fusion-inc.com\/pt-br\/wp-json\/wp\/v2\/media?parent=5196"}],"curies":[{"name":"wp","href":"https:\/\/api.w.org\/{rel}","templated":true}]}}