{"id":5167,"date":"2024-01-23T11:28:37","date_gmt":"2024-01-23T11:28:37","guid":{"rendered":"https:\/\/fusioninc.wpengine.com\/?page_id=5167"},"modified":"2024-01-31T15:46:03","modified_gmt":"2024-01-31T15:46:03","slug":"paste-filler-metal","status":"publish","type":"page","link":"https:\/\/www.fusion-inc.com\/pt-br\/paste-filler-metal\/","title":{"rendered":"Ligas em Pasta para soldagem de alta e baixa temperatura"},"content":{"rendered":"<div class=\"alignright\"><a class=\"lightbox\" href=\"\/wp-content\/uploads\/fillerTopPic.jpg\"><img decoding=\"async\" src=\"\/wp-content\/uploads\/fillerTopPic.jpg\" alt=\"Paste Filler Metals \" title=\"Paste Filler Metals \"><\/a><\/div>\n<p>Fusion Inc. oferece uma ampla gama de pastas para aplica\u00e7\u00f5es de brasagem de alta e baixa temperatura. As f\u00f3rmulas da Fusion Inc, para as ligas de pasta de brasagem consistem de uma liga finamente atomizada, um agente decapante e ligante neutros que s\u00e3o misturados numa suspens\u00e3o homog\u00eanea. Cada um destes elementos tem uma fun\u00e7\u00e3o \u00fanica, uma vez misturados em uma liga de pasta Fusion Inc. Estes compostos desenvolvidos especificamente para brasagem de alta e baixa temperatura s\u00e3o adequados para uma grande variedade de uni\u00f5es e nossos sistemas de dosagem autom\u00e1tica permitem que os usu\u00e1rios controlem de forma exata a quantidade de pasta aplicada, o que significa redu\u00e7\u00e3o de custos, bem como s\u00e9ries uniformes e pe\u00e7as de alta qualidade. Al\u00e9m disso, pode alterar as caracter\u00edsticas da pasta, como a viscosidade e a fluidez, por exemplo.<\/p>\n<p>A gama de ligas em pasta de brasagem de alta e baixa temperatura da Fusion Inc. inclui uma variedade de ligas como por exemplo: de prata, cobre, cobre \/ f\u00f3sforo, n\u00edquel e alum\u00ednio, que atendem as mais diversas necessidades da ind\u00fastria. Ligas e decapantes tamb\u00e9m est\u00e3o dispon\u00edveis para a brasagem de prata e ouro, e para a brasagem de ambos a\u00e7o, a\u00e7o inoxid\u00e1vel, cobre, lat\u00e3o e alum\u00ednio como o carboneto de tungst\u00e9nio. \u00c9 poss\u00edvel alterar a concentra\u00e7\u00e3o de material de enchimento, a fim de obter o melhor equil\u00edbrio entre desempenho e efici\u00eancia de custo.<\/p>\n<p>Fusion Inc. \u00e9 a fornecedora exclusiva para pastas de brasagem de alta e baixa temperatura, decapantes, sistemas de dosagem, m\u00e1quinas para a automa\u00e7\u00e3o de processos relacionados ao mundo de brasagem de alta e baixa temperatura.<\/p>\n<p><a href=\"\/wp-content\/uploads\/PasteBrazing-Soldering-Alloys.pdf\" target=\"_blank\" rel=\"noopener\"><img decoding=\"async\" src=\"\/wp-content\/uploads\/filler-metals-pdf-thumb.jpg\" alt=\"Filler Metals Pdf Thumb\" \ntitle=\"Filler Metals Pdf Thumb\" class=\"pdf_icon\"><br \/>Abrir PDF >><\/a><\/p>\n<p>Fusion Inc. atua localmente, e em todo o mundo, para atend\u00ea-lo. <a href=\"\/worldwide\/#brazil\">Entre em contato conosco<\/a> ou <a href=\"\/pt-br\/request-for-quote-brazil\/\">descrever a sua aplica\u00e7\u00e3o aqui<\/a>.<\/p>\n","protected":false},"excerpt":{"rendered":"<p>Fusion Inc. oferece uma ampla gama de pastas para aplica\u00e7\u00f5es de brasagem de alta e baixa temperatura. As f\u00f3rmulas da Fusion Inc, para as ligas de pasta de brasagem consistem de uma liga finamente atomizada, um agente decapante e ligante neutros que s\u00e3o misturados numa suspens\u00e3o homog\u00eanea. Cada um destes elementos tem uma fun\u00e7\u00e3o \u00fanica,&#8230; [&#8230;]<\/p>\n<p><a class=\"btn btn-secondary understrap-read-more-link\" href=\"https:\/\/www.fusion-inc.com\/pt-br\/paste-filler-metal\/\">Leia mais&#8230;<\/a><\/p>\n","protected":false},"author":26,"featured_media":0,"parent":0,"menu_order":0,"comment_status":"closed","ping_status":"closed","template":"page-templates\/destination-content.php","meta":{"_acf_changed":false,"inline_featured_image":false,"footnotes":""},"class_list":["post-5167","page","type-page","status-publish","hentry"],"acf":[],"yoast_head":"<!-- This site is optimized with the Yoast SEO plugin v27.4 - https:\/\/yoast.com\/product\/yoast-seo-wordpress\/ -->\n<title>Ligas em Pasta para soldagem de alta e baixa temperatura - Fusion, Inc.<\/title>\n<meta name=\"robots\" content=\"index, follow, max-snippet:-1, max-image-preview:large, max-video-preview:-1\" \/>\n<link rel=\"canonical\" href=\"https:\/\/www.fusion-inc.com\/products\/brazing-paste\/filler-metals\/\" \/>\n<meta property=\"og:locale\" content=\"pt_BR\" \/>\n<meta property=\"og:type\" content=\"article\" \/>\n<meta property=\"og:title\" content=\"Ligas em Pasta para soldagem de alta e baixa temperatura - Fusion, Inc.\" \/>\n<meta property=\"og:description\" content=\"Fusion Inc. oferece uma ampla gama de pastas para aplica\u00e7\u00f5es de brasagem de alta e baixa temperatura. As f\u00f3rmulas da Fusion Inc, para as ligas de pasta de brasagem consistem de uma liga finamente atomizada, um agente decapante e ligante neutros que s\u00e3o misturados numa suspens\u00e3o homog\u00eanea. Cada um destes elementos tem uma fun\u00e7\u00e3o \u00fanica,... [...]Leia mais...\" \/>\n<meta property=\"og:url\" content=\"https:\/\/www.fusion-inc.com\/products\/brazing-paste\/filler-metals\/\" \/>\n<meta property=\"og:site_name\" content=\"Fusion, Inc.\" \/>\n<meta property=\"article:modified_time\" content=\"2024-01-31T15:46:03+00:00\" \/>\n<meta name=\"twitter:label1\" content=\"Est. tempo de leitura\" \/>\n\t<meta name=\"twitter:data1\" content=\"2 minutos\" \/>\n<script type=\"application\/ld+json\" class=\"yoast-schema-graph\">{\"@context\":\"https:\\\/\\\/schema.org\",\"@graph\":[{\"@type\":\"WebPage\",\"@id\":\"https:\\\/\\\/www.fusion-inc.com\\\/products\\\/brazing-paste\\\/filler-metals\\\/\",\"url\":\"https:\\\/\\\/www.fusion-inc.com\\\/products\\\/brazing-paste\\\/filler-metals\\\/\",\"name\":\"Ligas em Pasta para soldagem de alta e baixa temperatura - Fusion, Inc.\",\"isPartOf\":{\"@id\":\"https:\\\/\\\/www.fusion-inc.com\\\/#website\"},\"datePublished\":\"2024-01-23T11:28:37+00:00\",\"dateModified\":\"2024-01-31T15:46:03+00:00\",\"breadcrumb\":{\"@id\":\"https:\\\/\\\/www.fusion-inc.com\\\/products\\\/brazing-paste\\\/filler-metals\\\/#breadcrumb\"},\"inLanguage\":\"pt-BR\",\"potentialAction\":[{\"@type\":\"ReadAction\",\"target\":[\"https:\\\/\\\/www.fusion-inc.com\\\/products\\\/brazing-paste\\\/filler-metals\\\/\"]}]},{\"@type\":\"BreadcrumbList\",\"@id\":\"https:\\\/\\\/www.fusion-inc.com\\\/products\\\/brazing-paste\\\/filler-metals\\\/#breadcrumb\",\"itemListElement\":[{\"@type\":\"ListItem\",\"position\":1,\"name\":\"Home\",\"item\":\"https:\\\/\\\/www.fusion-inc.com\\\/pt-br\\\/\"},{\"@type\":\"ListItem\",\"position\":2,\"name\":\"Ligas em Pasta para soldagem de alta e baixa temperatura\"}]},{\"@type\":\"WebSite\",\"@id\":\"https:\\\/\\\/www.fusion-inc.com\\\/#website\",\"url\":\"https:\\\/\\\/www.fusion-inc.com\\\/\",\"name\":\"Fusion, Inc.\",\"description\":\"\",\"potentialAction\":[{\"@type\":\"SearchAction\",\"target\":{\"@type\":\"EntryPoint\",\"urlTemplate\":\"https:\\\/\\\/www.fusion-inc.com\\\/?s={search_term_string}\"},\"query-input\":{\"@type\":\"PropertyValueSpecification\",\"valueRequired\":true,\"valueName\":\"search_term_string\"}}],\"inLanguage\":\"pt-BR\"}]}<\/script>\n<!-- \/ Yoast SEO plugin. -->","yoast_head_json":{"title":"Ligas em Pasta para soldagem de alta e baixa temperatura - Fusion, Inc.","robots":{"index":"index","follow":"follow","max-snippet":"max-snippet:-1","max-image-preview":"max-image-preview:large","max-video-preview":"max-video-preview:-1"},"canonical":"https:\/\/www.fusion-inc.com\/products\/brazing-paste\/filler-metals\/","og_locale":"pt_BR","og_type":"article","og_title":"Ligas em Pasta para soldagem de alta e baixa temperatura - Fusion, Inc.","og_description":"Fusion Inc. oferece uma ampla gama de pastas para aplica\u00e7\u00f5es de brasagem de alta e baixa temperatura. As f\u00f3rmulas da Fusion Inc, para as ligas de pasta de brasagem consistem de uma liga finamente atomizada, um agente decapante e ligante neutros que s\u00e3o misturados numa suspens\u00e3o homog\u00eanea. Cada um destes elementos tem uma fun\u00e7\u00e3o \u00fanica,... [...]Leia mais...","og_url":"https:\/\/www.fusion-inc.com\/products\/brazing-paste\/filler-metals\/","og_site_name":"Fusion, Inc.","article_modified_time":"2024-01-31T15:46:03+00:00","twitter_misc":{"Est. tempo de leitura":"2 minutos"},"schema":{"@context":"https:\/\/schema.org","@graph":[{"@type":"WebPage","@id":"https:\/\/www.fusion-inc.com\/products\/brazing-paste\/filler-metals\/","url":"https:\/\/www.fusion-inc.com\/products\/brazing-paste\/filler-metals\/","name":"Ligas em Pasta para soldagem de alta e baixa temperatura - Fusion, Inc.","isPartOf":{"@id":"https:\/\/www.fusion-inc.com\/#website"},"datePublished":"2024-01-23T11:28:37+00:00","dateModified":"2024-01-31T15:46:03+00:00","breadcrumb":{"@id":"https:\/\/www.fusion-inc.com\/products\/brazing-paste\/filler-metals\/#breadcrumb"},"inLanguage":"pt-BR","potentialAction":[{"@type":"ReadAction","target":["https:\/\/www.fusion-inc.com\/products\/brazing-paste\/filler-metals\/"]}]},{"@type":"BreadcrumbList","@id":"https:\/\/www.fusion-inc.com\/products\/brazing-paste\/filler-metals\/#breadcrumb","itemListElement":[{"@type":"ListItem","position":1,"name":"Home","item":"https:\/\/www.fusion-inc.com\/pt-br\/"},{"@type":"ListItem","position":2,"name":"Ligas em Pasta para soldagem de alta e baixa temperatura"}]},{"@type":"WebSite","@id":"https:\/\/www.fusion-inc.com\/#website","url":"https:\/\/www.fusion-inc.com\/","name":"Fusion, Inc.","description":"","potentialAction":[{"@type":"SearchAction","target":{"@type":"EntryPoint","urlTemplate":"https:\/\/www.fusion-inc.com\/?s={search_term_string}"},"query-input":{"@type":"PropertyValueSpecification","valueRequired":true,"valueName":"search_term_string"}}],"inLanguage":"pt-BR"}]}},"_links":{"self":[{"href":"https:\/\/www.fusion-inc.com\/pt-br\/wp-json\/wp\/v2\/pages\/5167","targetHints":{"allow":["GET"]}}],"collection":[{"href":"https:\/\/www.fusion-inc.com\/pt-br\/wp-json\/wp\/v2\/pages"}],"about":[{"href":"https:\/\/www.fusion-inc.com\/pt-br\/wp-json\/wp\/v2\/types\/page"}],"author":[{"embeddable":true,"href":"https:\/\/www.fusion-inc.com\/pt-br\/wp-json\/wp\/v2\/users\/26"}],"replies":[{"embeddable":true,"href":"https:\/\/www.fusion-inc.com\/pt-br\/wp-json\/wp\/v2\/comments?post=5167"}],"version-history":[{"count":0,"href":"https:\/\/www.fusion-inc.com\/pt-br\/wp-json\/wp\/v2\/pages\/5167\/revisions"}],"wp:attachment":[{"href":"https:\/\/www.fusion-inc.com\/pt-br\/wp-json\/wp\/v2\/media?parent=5167"}],"curies":[{"name":"wp","href":"https:\/\/api.w.org\/{rel}","templated":true}]}}