{"id":4271,"date":"2024-01-23T13:29:00","date_gmt":"2024-01-23T13:29:00","guid":{"rendered":"https:\/\/fusioninc.wpengine.com\/?page_id=4271"},"modified":"2024-01-30T07:38:33","modified_gmt":"2024-01-30T07:38:33","slug":"brazing-soldering-machines","status":"publish","type":"page","link":"https:\/\/www.fusion-inc.com\/pl\/brazing-soldering-machines\/","title":{"rendered":"Automatyczne maszyny do lutowania twardego i mi\u0119kkiego"},"content":{"rendered":"<p>Technologia b\u0119d\u0105ca podstaw\u0105 urz\u0105dze\u0144 do automatycznego lutowania twardego i mi\u0119kkiego umo\u017cliwia redukcj\u0119 koszt\u00f3w lutowania oraz brak\u00f3w przy jednoczesnej poprawie jako\u015bci po\u0142\u0105czenia. Zazwyczaj jeden operator nak\u0142ada oraz zdejmuje cz\u0119\u015bci podczas gdy maszyna wykonuje dozowanie spoiwa, topnika a tak\u017ce zapewnia ogrzewanie oraz ch\u0142odzenie.<\/p>\n<p>Dzi\u0119ki automatycznej maszynie do lutowania twardego i mi\u0119kkiego nast\u0119puje redukcja koszt\u00f3w, poniewa\u017c spoiwo oraz topnik s\u0105 nak\u0142adane automatycznie w ilo\u015bciach kontrolowanych. Ma miejsce znaczna redukcja koszt\u00f3w robocizny, poniewa\u017c jeden operator jest w stanie wykona\u0107 setki zespo\u0142\u00f3w przy u\u017cyciu lutowania twardego i mi\u0119kkiego w ci\u0105gu godziny.<\/p>\n<ul>\n<li><strong>Jednostanowiskowa maszyna do lutowania BRAZE MATE<\/strong> \u2013 idealna maszyna do lutowania twardego przeznaczona dla zastosowania w produkcji ma\u0142oseryjnej lub dla kr\u00f3tkich serii r\u00f3\u017cnych typ\u00f3w cz\u0119\u015bci;<\/li>\n<li><strong>Urz\u0105dzenie obrotowo \u2013 podzia\u0142owe<\/strong> \u2013 zapewnia przej\u015bcie cz\u0119\u015bci zamocowanych w uchwytach przez etap dozowania lutu twardego, cykl ogrzewania \/ ch\u0142odzenia z du\u017c\u0105 pr\u0119dko\u015bci\u0105;<\/li>\n<li><strong>Indukcyjna maszyna do lutowania twardego<\/strong> \u2013 ogrzewanie elektryczne indukcyjne jako alternatywa w stosunku do ogrzewania przy u\u017cyciu p\u0142omienia;<\/li>\n<li><strong>Lutowanie twarde w atmosferze indukcyjnej <\/strong>\u2013 dobra alternatywa wobec lutowania twardego piecowego stali oraz nierdzewnej.<\/li>\n<li><strong>Maszyna z funkcj\u0105 podajnika drutu lutowniczego<\/strong> \u2013 alternatywa wobec lutowania twardego przy u\u017cyciu pasty, zw\u0142aszcza u\u017cyteczna przy nietypowej konstrukcji spoin.<\/li>\n<\/ul>\n<p>Firma Fusion jako kompleksowe \u017ar\u00f3d\u0142o zaopatrzenia oferuje pasty lutownicze, topniki, dozowniki pasty oraz urz\u0105dzenia do automatycznego lutowania twardego i mi\u0119kkiego.<\/p>\n<p>Firma Fusion \u015bwiadczy swoje us\u0142ugi na rzecz u\u017cytkownik\u00f3w na poziomie lokalnym na ca\u0142ym \u015bwiecie.<\/p>\n<p>Prosimy<a href=\"\/worldwide\/#poland\"> o kontakt z nami<\/a> lub <a href=\"\/pl\/request-for-quote-polish\/\">opis swojego zastosowania tutaj<\/a>.<\/p>\n","protected":false},"excerpt":{"rendered":"<p>Technologia b\u0119d\u0105ca podstaw\u0105 urz\u0105dze\u0144 do automatycznego lutowania twardego i mi\u0119kkiego umo\u017cliwia redukcj\u0119 koszt\u00f3w lutowania oraz brak\u00f3w przy jednoczesnej poprawie jako\u015bci po\u0142\u0105czenia. Zazwyczaj jeden operator nak\u0142ada oraz zdejmuje cz\u0119\u015bci podczas gdy maszyna wykonuje dozowanie spoiwa, topnika a tak\u017ce zapewnia ogrzewanie oraz ch\u0142odzenie. Dzi\u0119ki automatycznej maszynie do lutowania twardego i mi\u0119kkiego nast\u0119puje redukcja koszt\u00f3w, poniewa\u017c spoiwo oraz&#8230; [&#8230;]<\/p>\n<p><a class=\"btn btn-secondary understrap-read-more-link\" href=\"https:\/\/www.fusion-inc.com\/pl\/brazing-soldering-machines\/\">Czytaj dalej\u2026<\/a><\/p>\n","protected":false},"author":26,"featured_media":0,"parent":0,"menu_order":0,"comment_status":"closed","ping_status":"closed","template":"page-templates\/destination-content.php","meta":{"_acf_changed":false,"inline_featured_image":false,"footnotes":""},"class_list":["post-4271","page","type-page","status-publish","hentry"],"acf":[],"yoast_head":"<!-- This site is optimized with the Yoast SEO plugin v27.5 - https:\/\/yoast.com\/product\/yoast-seo-wordpress\/ -->\n<title>Automatyczne maszyny do lutowania twardego i mi\u0119kkiego - Fusion, Inc.<\/title>\n<meta name=\"robots\" content=\"index, follow, max-snippet:-1, max-image-preview:large, max-video-preview:-1\" \/>\n<link rel=\"canonical\" href=\"https:\/\/www.fusion-inc.com\/pl\/brazing-soldering-machines\/\" \/>\n<meta property=\"og:locale\" content=\"pl_PL\" \/>\n<meta property=\"og:type\" content=\"article\" \/>\n<meta property=\"og:title\" content=\"Automatyczne maszyny do lutowania twardego i mi\u0119kkiego - Fusion, Inc.\" \/>\n<meta property=\"og:description\" content=\"Technologia b\u0119d\u0105ca podstaw\u0105 urz\u0105dze\u0144 do automatycznego lutowania twardego i mi\u0119kkiego umo\u017cliwia redukcj\u0119 koszt\u00f3w lutowania oraz brak\u00f3w przy jednoczesnej poprawie jako\u015bci po\u0142\u0105czenia. Zazwyczaj jeden operator nak\u0142ada oraz zdejmuje cz\u0119\u015bci podczas gdy maszyna wykonuje dozowanie spoiwa, topnika a tak\u017ce zapewnia ogrzewanie oraz ch\u0142odzenie. Dzi\u0119ki automatycznej maszynie do lutowania twardego i mi\u0119kkiego nast\u0119puje redukcja koszt\u00f3w, poniewa\u017c spoiwo oraz... [...]Czytaj dalej\u2026\" \/>\n<meta property=\"og:url\" content=\"https:\/\/www.fusion-inc.com\/pl\/brazing-soldering-machines\/\" \/>\n<meta property=\"og:site_name\" content=\"Fusion, Inc.\" \/>\n<meta property=\"article:modified_time\" content=\"2024-01-30T07:38:33+00:00\" \/>\n<meta name=\"twitter:label1\" content=\"Szacowany czas czytania\" \/>\n\t<meta name=\"twitter:data1\" content=\"1 minuta\" \/>\n<script type=\"application\/ld+json\" class=\"yoast-schema-graph\">{\"@context\":\"https:\\\/\\\/schema.org\",\"@graph\":[{\"@type\":\"WebPage\",\"@id\":\"https:\\\/\\\/www.fusion-inc.com\\\/pl\\\/brazing-soldering-machines\\\/\",\"url\":\"https:\\\/\\\/www.fusion-inc.com\\\/pl\\\/brazing-soldering-machines\\\/\",\"name\":\"Automatyczne maszyny do lutowania twardego i mi\u0119kkiego - Fusion, Inc.\",\"isPartOf\":{\"@id\":\"https:\\\/\\\/www.fusion-inc.com\\\/#website\"},\"datePublished\":\"2024-01-23T13:29:00+00:00\",\"dateModified\":\"2024-01-30T07:38:33+00:00\",\"breadcrumb\":{\"@id\":\"https:\\\/\\\/www.fusion-inc.com\\\/pl\\\/brazing-soldering-machines\\\/#breadcrumb\"},\"inLanguage\":\"pl-PL\",\"potentialAction\":[{\"@type\":\"ReadAction\",\"target\":[\"https:\\\/\\\/www.fusion-inc.com\\\/pl\\\/brazing-soldering-machines\\\/\"]}]},{\"@type\":\"BreadcrumbList\",\"@id\":\"https:\\\/\\\/www.fusion-inc.com\\\/pl\\\/brazing-soldering-machines\\\/#breadcrumb\",\"itemListElement\":[{\"@type\":\"ListItem\",\"position\":1,\"name\":\"Home\",\"item\":\"https:\\\/\\\/www.fusion-inc.com\\\/pl\\\/\"},{\"@type\":\"ListItem\",\"position\":2,\"name\":\"Automatyczne maszyny do lutowania twardego i mi\u0119kkiego\"}]},{\"@type\":\"WebSite\",\"@id\":\"https:\\\/\\\/www.fusion-inc.com\\\/#website\",\"url\":\"https:\\\/\\\/www.fusion-inc.com\\\/\",\"name\":\"Fusion, Inc.\",\"description\":\"\",\"potentialAction\":[{\"@type\":\"SearchAction\",\"target\":{\"@type\":\"EntryPoint\",\"urlTemplate\":\"https:\\\/\\\/www.fusion-inc.com\\\/?s={search_term_string}\"},\"query-input\":{\"@type\":\"PropertyValueSpecification\",\"valueRequired\":true,\"valueName\":\"search_term_string\"}}],\"inLanguage\":\"pl-PL\"}]}<\/script>\n<!-- \/ Yoast SEO plugin. -->","yoast_head_json":{"title":"Automatyczne maszyny do lutowania twardego i mi\u0119kkiego - Fusion, Inc.","robots":{"index":"index","follow":"follow","max-snippet":"max-snippet:-1","max-image-preview":"max-image-preview:large","max-video-preview":"max-video-preview:-1"},"canonical":"https:\/\/www.fusion-inc.com\/pl\/brazing-soldering-machines\/","og_locale":"pl_PL","og_type":"article","og_title":"Automatyczne maszyny do lutowania twardego i mi\u0119kkiego - Fusion, Inc.","og_description":"Technologia b\u0119d\u0105ca podstaw\u0105 urz\u0105dze\u0144 do automatycznego lutowania twardego i mi\u0119kkiego umo\u017cliwia redukcj\u0119 koszt\u00f3w lutowania oraz brak\u00f3w przy jednoczesnej poprawie jako\u015bci po\u0142\u0105czenia. Zazwyczaj jeden operator nak\u0142ada oraz zdejmuje cz\u0119\u015bci podczas gdy maszyna wykonuje dozowanie spoiwa, topnika a tak\u017ce zapewnia ogrzewanie oraz ch\u0142odzenie. Dzi\u0119ki automatycznej maszynie do lutowania twardego i mi\u0119kkiego nast\u0119puje redukcja koszt\u00f3w, poniewa\u017c spoiwo oraz... [...]Czytaj dalej\u2026","og_url":"https:\/\/www.fusion-inc.com\/pl\/brazing-soldering-machines\/","og_site_name":"Fusion, Inc.","article_modified_time":"2024-01-30T07:38:33+00:00","twitter_misc":{"Szacowany czas czytania":"1 minuta"},"schema":{"@context":"https:\/\/schema.org","@graph":[{"@type":"WebPage","@id":"https:\/\/www.fusion-inc.com\/pl\/brazing-soldering-machines\/","url":"https:\/\/www.fusion-inc.com\/pl\/brazing-soldering-machines\/","name":"Automatyczne maszyny do lutowania twardego i mi\u0119kkiego - Fusion, Inc.","isPartOf":{"@id":"https:\/\/www.fusion-inc.com\/#website"},"datePublished":"2024-01-23T13:29:00+00:00","dateModified":"2024-01-30T07:38:33+00:00","breadcrumb":{"@id":"https:\/\/www.fusion-inc.com\/pl\/brazing-soldering-machines\/#breadcrumb"},"inLanguage":"pl-PL","potentialAction":[{"@type":"ReadAction","target":["https:\/\/www.fusion-inc.com\/pl\/brazing-soldering-machines\/"]}]},{"@type":"BreadcrumbList","@id":"https:\/\/www.fusion-inc.com\/pl\/brazing-soldering-machines\/#breadcrumb","itemListElement":[{"@type":"ListItem","position":1,"name":"Home","item":"https:\/\/www.fusion-inc.com\/pl\/"},{"@type":"ListItem","position":2,"name":"Automatyczne maszyny do lutowania twardego i mi\u0119kkiego"}]},{"@type":"WebSite","@id":"https:\/\/www.fusion-inc.com\/#website","url":"https:\/\/www.fusion-inc.com\/","name":"Fusion, Inc.","description":"","potentialAction":[{"@type":"SearchAction","target":{"@type":"EntryPoint","urlTemplate":"https:\/\/www.fusion-inc.com\/?s={search_term_string}"},"query-input":{"@type":"PropertyValueSpecification","valueRequired":true,"valueName":"search_term_string"}}],"inLanguage":"pl-PL"}]}},"_links":{"self":[{"href":"https:\/\/www.fusion-inc.com\/pl\/wp-json\/wp\/v2\/pages\/4271","targetHints":{"allow":["GET"]}}],"collection":[{"href":"https:\/\/www.fusion-inc.com\/pl\/wp-json\/wp\/v2\/pages"}],"about":[{"href":"https:\/\/www.fusion-inc.com\/pl\/wp-json\/wp\/v2\/types\/page"}],"author":[{"embeddable":true,"href":"https:\/\/www.fusion-inc.com\/pl\/wp-json\/wp\/v2\/users\/26"}],"replies":[{"embeddable":true,"href":"https:\/\/www.fusion-inc.com\/pl\/wp-json\/wp\/v2\/comments?post=4271"}],"version-history":[{"count":0,"href":"https:\/\/www.fusion-inc.com\/pl\/wp-json\/wp\/v2\/pages\/4271\/revisions"}],"wp:attachment":[{"href":"https:\/\/www.fusion-inc.com\/pl\/wp-json\/wp\/v2\/media?parent=4271"}],"curies":[{"name":"wp","href":"https:\/\/api.w.org\/{rel}","templated":true}]}}