{"id":4006,"date":"2024-01-23T11:28:37","date_gmt":"2024-01-23T11:28:37","guid":{"rendered":"https:\/\/fusioninc.wpengine.com\/?page_id=4006"},"modified":"2024-01-31T15:41:59","modified_gmt":"2024-01-31T15:41:59","slug":"paste-filler-metal","status":"publish","type":"page","link":"https:\/\/www.fusion-inc.com\/pl\/paste-filler-metal\/","title":{"rendered":"Spoiwa stosowane w pastach u\u017cywanych w lutowaniu twardym i mi\u0119kkim"},"content":{"rendered":"<div class=\"alignright\"><a class=\"lightbox\" href=\"\/wp-content\/uploads\/fillerTopPic.jpg\"><img decoding=\"async\" src=\"\/wp-content\/uploads\/fillerTopPic.jpg\" alt=\"Paste Filler Metals \" title=\"Paste Filler Metals \"><\/a><\/div>\n<p>Firma Fusion oferuje szeroki asortyment opcji w zakresie past lutowniczych u\u017cywanych w lutowaniu twardym i mi\u0119kkim. Formu\u0142y past przeznaczonych do lutowania twardego oraz mi\u0119kkiego sk\u0142adaj\u0105 si\u0119 ze spoiwa w postaci rozpylonego proszku, topnika oraz masy wi\u0105\u017c\u0105cej w formie pasty, w formie substancji w postaci jednorodnej mieszaniny. Ka\u017cdy z tych sk\u0142adnik\u00f3w spe\u0142nia unikaln\u0105 funkcj\u0119, kiedy nast\u0105pi wymieszanie tych sk\u0142adnik\u00f3w w celu otrzymania lutu firmy Fusion w formie pasty. Te pasty do lutowania twardego metali s\u0105 u\u017cywane do lutowania szerokiej gamy r\u00f3\u017cnorodnych spoin a urz\u0105dzenia dozuj\u0105ce naszej firmy umo\u017cliwi\u0105 u\u017cytkownikowi kontrolowanie wykorzystania pasty, co zapewni osi\u0105gni\u0119cie doskona\u0142ej jako\u015bci spoiny oraz oszcz\u0119dno\u015b\u0107 koszt\u00f3w. Mo\u017cna tak\u017ce kontrolowa\u0107 parametry ka\u017cdej pasty, takie jak lepko\u015b\u0107 oraz przep\u0142yw.<\/p>\n<p>Asortyment produkt\u00f3w firmy Fusion obejmuje zr\u00f3\u017cnicowany zakres spoiw do lutowania twardego oraz mi\u0119kkiego o sk\u0142adzie z zawarto\u015bci\u0105 srebra, P-Cu, miedzi, niklu i aluminium spe\u0142niaj\u0105cy szeroki zakres w dziedzinie lutowania twardego oraz mi\u0119kkiego. Materia\u0142y takie jak spoiwo i topniki s\u0105 dost\u0119pne dla zastosowa\u0144 takich jak: lutowanie srebra, lutowanie stali, stali nierdzewnej, mosi\u0105dzu, miedzi oraz aluminium a tak\u017ce w\u0119glik\u00f3w spiekanych do stali. Spoiwo do lutowania twardego oraz mi\u0119kkiego w postaci proszku mo\u017cna dostosowa\u0107 w pewnym zakresie koncentracji w celu zapewnienia najkorzystniejszej r\u00f3wnowagi efektywno\u015bci i efektywno\u015bci kosztowej.<\/p>\n<p>Firma Fusion jako kompleksowe \u017ar\u00f3d\u0142o dostaw, produkuje pasty lutownicze stosowane w lutowaniu mi\u0119kkim i twardym, spoiwa, urz\u0105dzenia dozuj\u0105ce past\u0119 oraz automatyczne maszyny do lutowania twardego oraz mi\u0119kkiego.<\/p>\n<p>Firma Fusion \u015bwiadczy swoje us\u0142ugi na rzecz u\u017cytkownik\u00f3w na poziomie lokalnym na ca\u0142ym \u015bwiecie.<\/p>\n<p><a href=\"\/wp-content\/uploads\/PasteBrazing-Soldering-Alloys.pdf\" target=\"_blank\" rel=\"noopener\"><img decoding=\"async\" src=\"\/wp-content\/uploads\/filler-metals-pdf-thumb.jpg\" alt=\"Filler Metals Pdf Thumb\" \ntitle=\"Filler Metals Pdf Thumb\" class=\"pdf_icon\"><br \/>Download PDF >><\/a><\/p>\n<p>Prosimy <a href=\"\/worldwide\/#poland\">o kontakt z nami<\/a> lub <a href=\"\/pl\/request-for-quote-polish\/\">opis swojego zastosowania tutaj<\/a>.<\/p>\n","protected":false},"excerpt":{"rendered":"<p>Firma Fusion oferuje szeroki asortyment opcji w zakresie past lutowniczych u\u017cywanych w lutowaniu twardym i mi\u0119kkim. Formu\u0142y past przeznaczonych do lutowania twardego oraz mi\u0119kkiego sk\u0142adaj\u0105 si\u0119 ze spoiwa w postaci rozpylonego proszku, topnika oraz masy wi\u0105\u017c\u0105cej w formie pasty, w formie substancji w postaci jednorodnej mieszaniny. Ka\u017cdy z tych sk\u0142adnik\u00f3w spe\u0142nia unikaln\u0105 funkcj\u0119, kiedy nast\u0105pi&#8230; [&#8230;]<\/p>\n<p><a class=\"btn btn-secondary understrap-read-more-link\" href=\"https:\/\/www.fusion-inc.com\/pl\/paste-filler-metal\/\">Czytaj dalej\u2026<\/a><\/p>\n","protected":false},"author":26,"featured_media":0,"parent":0,"menu_order":0,"comment_status":"closed","ping_status":"closed","template":"page-templates\/destination-content.php","meta":{"_acf_changed":false,"inline_featured_image":false,"footnotes":""},"class_list":["post-4006","page","type-page","status-publish","hentry"],"acf":[],"yoast_head":"<!-- This site is optimized with the Yoast SEO plugin v27.3 - https:\/\/yoast.com\/product\/yoast-seo-wordpress\/ -->\n<title>Spoiwa stosowane w pastach u\u017cywanych w lutowaniu twardym i mi\u0119kkim - Fusion, Inc.<\/title>\n<meta name=\"robots\" content=\"index, follow, max-snippet:-1, max-image-preview:large, max-video-preview:-1\" \/>\n<link rel=\"canonical\" href=\"https:\/\/www.fusion-inc.com\/pl\/paste-filler-metal\/\" \/>\n<meta property=\"og:locale\" content=\"pl_PL\" \/>\n<meta property=\"og:type\" content=\"article\" \/>\n<meta property=\"og:title\" content=\"Spoiwa stosowane w pastach u\u017cywanych w lutowaniu twardym i mi\u0119kkim - Fusion, Inc.\" \/>\n<meta property=\"og:description\" content=\"Firma Fusion oferuje szeroki asortyment opcji w zakresie past lutowniczych u\u017cywanych w lutowaniu twardym i mi\u0119kkim. Formu\u0142y past przeznaczonych do lutowania twardego oraz mi\u0119kkiego sk\u0142adaj\u0105 si\u0119 ze spoiwa w postaci rozpylonego proszku, topnika oraz masy wi\u0105\u017c\u0105cej w formie pasty, w formie substancji w postaci jednorodnej mieszaniny. Ka\u017cdy z tych sk\u0142adnik\u00f3w spe\u0142nia unikaln\u0105 funkcj\u0119, kiedy nast\u0105pi... [...]Czytaj dalej\u2026\" \/>\n<meta property=\"og:url\" content=\"https:\/\/www.fusion-inc.com\/pl\/paste-filler-metal\/\" \/>\n<meta property=\"og:site_name\" content=\"Fusion, Inc.\" \/>\n<meta property=\"article:modified_time\" content=\"2024-01-31T15:41:59+00:00\" \/>\n<meta name=\"twitter:label1\" content=\"Szacowany czas czytania\" \/>\n\t<meta name=\"twitter:data1\" content=\"2 minuty\" \/>\n<script type=\"application\/ld+json\" class=\"yoast-schema-graph\">{\"@context\":\"https:\\\/\\\/schema.org\",\"@graph\":[{\"@type\":\"WebPage\",\"@id\":\"https:\\\/\\\/www.fusion-inc.com\\\/pl\\\/paste-filler-metal\\\/\",\"url\":\"https:\\\/\\\/www.fusion-inc.com\\\/pl\\\/paste-filler-metal\\\/\",\"name\":\"Spoiwa stosowane w pastach u\u017cywanych w lutowaniu twardym i mi\u0119kkim - Fusion, Inc.\",\"isPartOf\":{\"@id\":\"https:\\\/\\\/www.fusion-inc.com\\\/#website\"},\"datePublished\":\"2024-01-23T11:28:37+00:00\",\"dateModified\":\"2024-01-31T15:41:59+00:00\",\"breadcrumb\":{\"@id\":\"https:\\\/\\\/www.fusion-inc.com\\\/pl\\\/paste-filler-metal\\\/#breadcrumb\"},\"inLanguage\":\"pl-PL\",\"potentialAction\":[{\"@type\":\"ReadAction\",\"target\":[\"https:\\\/\\\/www.fusion-inc.com\\\/pl\\\/paste-filler-metal\\\/\"]}]},{\"@type\":\"BreadcrumbList\",\"@id\":\"https:\\\/\\\/www.fusion-inc.com\\\/pl\\\/paste-filler-metal\\\/#breadcrumb\",\"itemListElement\":[{\"@type\":\"ListItem\",\"position\":1,\"name\":\"Home\",\"item\":\"https:\\\/\\\/www.fusion-inc.com\\\/pl\\\/\"},{\"@type\":\"ListItem\",\"position\":2,\"name\":\"Spoiwa stosowane w pastach u\u017cywanych w lutowaniu twardym i mi\u0119kkim\"}]},{\"@type\":\"WebSite\",\"@id\":\"https:\\\/\\\/www.fusion-inc.com\\\/#website\",\"url\":\"https:\\\/\\\/www.fusion-inc.com\\\/\",\"name\":\"Fusion, Inc.\",\"description\":\"\",\"potentialAction\":[{\"@type\":\"SearchAction\",\"target\":{\"@type\":\"EntryPoint\",\"urlTemplate\":\"https:\\\/\\\/www.fusion-inc.com\\\/?s={search_term_string}\"},\"query-input\":{\"@type\":\"PropertyValueSpecification\",\"valueRequired\":true,\"valueName\":\"search_term_string\"}}],\"inLanguage\":\"pl-PL\"}]}<\/script>\n<!-- \/ Yoast SEO plugin. -->","yoast_head_json":{"title":"Spoiwa stosowane w pastach u\u017cywanych w lutowaniu twardym i mi\u0119kkim - Fusion, Inc.","robots":{"index":"index","follow":"follow","max-snippet":"max-snippet:-1","max-image-preview":"max-image-preview:large","max-video-preview":"max-video-preview:-1"},"canonical":"https:\/\/www.fusion-inc.com\/pl\/paste-filler-metal\/","og_locale":"pl_PL","og_type":"article","og_title":"Spoiwa stosowane w pastach u\u017cywanych w lutowaniu twardym i mi\u0119kkim - Fusion, Inc.","og_description":"Firma Fusion oferuje szeroki asortyment opcji w zakresie past lutowniczych u\u017cywanych w lutowaniu twardym i mi\u0119kkim. Formu\u0142y past przeznaczonych do lutowania twardego oraz mi\u0119kkiego sk\u0142adaj\u0105 si\u0119 ze spoiwa w postaci rozpylonego proszku, topnika oraz masy wi\u0105\u017c\u0105cej w formie pasty, w formie substancji w postaci jednorodnej mieszaniny. Ka\u017cdy z tych sk\u0142adnik\u00f3w spe\u0142nia unikaln\u0105 funkcj\u0119, kiedy nast\u0105pi... [...]Czytaj dalej\u2026","og_url":"https:\/\/www.fusion-inc.com\/pl\/paste-filler-metal\/","og_site_name":"Fusion, Inc.","article_modified_time":"2024-01-31T15:41:59+00:00","twitter_misc":{"Szacowany czas czytania":"2 minuty"},"schema":{"@context":"https:\/\/schema.org","@graph":[{"@type":"WebPage","@id":"https:\/\/www.fusion-inc.com\/pl\/paste-filler-metal\/","url":"https:\/\/www.fusion-inc.com\/pl\/paste-filler-metal\/","name":"Spoiwa stosowane w pastach u\u017cywanych w lutowaniu twardym i mi\u0119kkim - Fusion, Inc.","isPartOf":{"@id":"https:\/\/www.fusion-inc.com\/#website"},"datePublished":"2024-01-23T11:28:37+00:00","dateModified":"2024-01-31T15:41:59+00:00","breadcrumb":{"@id":"https:\/\/www.fusion-inc.com\/pl\/paste-filler-metal\/#breadcrumb"},"inLanguage":"pl-PL","potentialAction":[{"@type":"ReadAction","target":["https:\/\/www.fusion-inc.com\/pl\/paste-filler-metal\/"]}]},{"@type":"BreadcrumbList","@id":"https:\/\/www.fusion-inc.com\/pl\/paste-filler-metal\/#breadcrumb","itemListElement":[{"@type":"ListItem","position":1,"name":"Home","item":"https:\/\/www.fusion-inc.com\/pl\/"},{"@type":"ListItem","position":2,"name":"Spoiwa stosowane w pastach u\u017cywanych w lutowaniu twardym i mi\u0119kkim"}]},{"@type":"WebSite","@id":"https:\/\/www.fusion-inc.com\/#website","url":"https:\/\/www.fusion-inc.com\/","name":"Fusion, Inc.","description":"","potentialAction":[{"@type":"SearchAction","target":{"@type":"EntryPoint","urlTemplate":"https:\/\/www.fusion-inc.com\/?s={search_term_string}"},"query-input":{"@type":"PropertyValueSpecification","valueRequired":true,"valueName":"search_term_string"}}],"inLanguage":"pl-PL"}]}},"_links":{"self":[{"href":"https:\/\/www.fusion-inc.com\/pl\/wp-json\/wp\/v2\/pages\/4006","targetHints":{"allow":["GET"]}}],"collection":[{"href":"https:\/\/www.fusion-inc.com\/pl\/wp-json\/wp\/v2\/pages"}],"about":[{"href":"https:\/\/www.fusion-inc.com\/pl\/wp-json\/wp\/v2\/types\/page"}],"author":[{"embeddable":true,"href":"https:\/\/www.fusion-inc.com\/pl\/wp-json\/wp\/v2\/users\/26"}],"replies":[{"embeddable":true,"href":"https:\/\/www.fusion-inc.com\/pl\/wp-json\/wp\/v2\/comments?post=4006"}],"version-history":[{"count":0,"href":"https:\/\/www.fusion-inc.com\/pl\/wp-json\/wp\/v2\/pages\/4006\/revisions"}],"wp:attachment":[{"href":"https:\/\/www.fusion-inc.com\/pl\/wp-json\/wp\/v2\/media?parent=4006"}],"curies":[{"name":"wp","href":"https:\/\/api.w.org\/{rel}","templated":true}]}}