{"id":4542,"date":"2024-01-29T14:01:43","date_gmt":"2024-01-29T14:01:43","guid":{"rendered":"https:\/\/fusioninc.wpengine.com\/?page_id=4542"},"modified":"2024-01-31T15:34:52","modified_gmt":"2024-01-31T15:34:52","slug":"application-video","status":"publish","type":"page","link":"https:\/\/www.fusion-inc.com\/fr\/application-video\/","title":{"rendered":"Vid\u00e9os d\u2019applications"},"content":{"rendered":"<div class=\"alignright\"><a href=\"\/resources\/pictures-videos\/\" target=\"_blank\" rel=\"noopener\"><img decoding=\"async\" src=\"\/wp-content\/uploads\/fusion-videos-300x243-1.png\" alt=\"Fusion Videos\" title=\"Fusion Videos\"><\/a><\/div>\n<p>Les vid\u00e9os d\u2019application Fusion Automation Inc. sont une ressource qui vous fournit une introduction visuelle \u00e0 notre gamme de p\u00e2tes, applicateurs et \u00e9quipements. Voir la technologie Fusion Automation Inc. en action vous fournira un aper\u00e7u des avantages qui peuvent \u00eatre offerts par nos solutions de brasage et soudage. Ces vid\u00e9os montrent juste une petite gamme des applications et industries que nous couvrons comme les industries automobiles, \u00e9lectriques, la plomberie, le chauffage, la climatisation, la protection incendie, les instruments de musique, la bijouterie, etc\u2026 Regardez r\u00e9guli\u00e8rement pour voir nos mises \u00e0 jour de nouvelles vid\u00e9os.<\/p>\n<p>Fusion Automation Inc. travaille localement dans le monde entier pour vous servir. <a href=\"\/worldwide\/#france\">Contactez-nous s\u2019il vous pla\u00eet<\/a> ou <a href=\"\/fr\/request-for-quote-french\/\">d\u00e9crivez votre application ici<\/a>.<\/p>\n<p><a href=\"\/resources\/pictures-videos\/\" target=\"_blank\" rel=\"noopener\">Vid\u00e9os d\u2019applications >><\/a><\/p>\n","protected":false},"excerpt":{"rendered":"<p>Les vid\u00e9os d\u2019application Fusion Automation Inc. sont une ressource qui vous fournit une introduction visuelle \u00e0 notre gamme de p\u00e2tes, applicateurs et \u00e9quipements. Voir la technologie Fusion Automation Inc. en action vous fournira un aper\u00e7u des avantages qui peuvent \u00eatre offerts par nos solutions de brasage et soudage. Ces vid\u00e9os montrent juste une petite gamme&#8230; [&#8230;]<\/p>\n<p><a class=\"btn btn-secondary understrap-read-more-link\" href=\"https:\/\/www.fusion-inc.com\/fr\/application-video\/\">Lire la suite&#8230;<\/a><\/p>\n","protected":false},"author":26,"featured_media":0,"parent":0,"menu_order":0,"comment_status":"closed","ping_status":"closed","template":"","meta":{"_acf_changed":false,"inline_featured_image":false,"footnotes":""},"class_list":["post-4542","page","type-page","status-publish","hentry"],"acf":[],"yoast_head":"<!-- This site is optimized with the Yoast SEO plugin v27.3 - https:\/\/yoast.com\/product\/yoast-seo-wordpress\/ -->\n<title>Vid\u00e9os d\u2019applications - Fusion, Inc.<\/title>\n<meta name=\"robots\" content=\"index, follow, max-snippet:-1, max-image-preview:large, max-video-preview:-1\" \/>\n<link rel=\"canonical\" href=\"https:\/\/www.fusion-inc.com\/fr\/application-video\/\" \/>\n<meta property=\"og:locale\" content=\"fr_FR\" \/>\n<meta property=\"og:type\" content=\"article\" \/>\n<meta property=\"og:title\" content=\"Vid\u00e9os d\u2019applications - Fusion, Inc.\" \/>\n<meta property=\"og:description\" content=\"Les vid\u00e9os d\u2019application Fusion Automation Inc. sont une ressource qui vous fournit une introduction visuelle \u00e0 notre gamme de p\u00e2tes, applicateurs et \u00e9quipements. Voir la technologie Fusion Automation Inc. en action vous fournira un aper\u00e7u des avantages qui peuvent \u00eatre offerts par nos solutions de brasage et soudage. Ces vid\u00e9os montrent juste une petite gamme... [...]Lire la suite...\" \/>\n<meta property=\"og:url\" content=\"https:\/\/www.fusion-inc.com\/fr\/application-video\/\" \/>\n<meta property=\"og:site_name\" content=\"Fusion, Inc.\" \/>\n<meta property=\"article:modified_time\" content=\"2024-01-31T15:34:52+00:00\" \/>\n<meta name=\"twitter:label1\" content=\"Dur\u00e9e de lecture estim\u00e9e\" \/>\n\t<meta name=\"twitter:data1\" content=\"1 minute\" \/>\n<script type=\"application\/ld+json\" class=\"yoast-schema-graph\">{\"@context\":\"https:\\\/\\\/schema.org\",\"@graph\":[{\"@type\":\"WebPage\",\"@id\":\"https:\\\/\\\/www.fusion-inc.com\\\/fr\\\/application-video\\\/\",\"url\":\"https:\\\/\\\/www.fusion-inc.com\\\/fr\\\/application-video\\\/\",\"name\":\"Vid\u00e9os d\u2019applications - Fusion, Inc.\",\"isPartOf\":{\"@id\":\"https:\\\/\\\/www.fusion-inc.com\\\/#website\"},\"datePublished\":\"2024-01-29T14:01:43+00:00\",\"dateModified\":\"2024-01-31T15:34:52+00:00\",\"breadcrumb\":{\"@id\":\"https:\\\/\\\/www.fusion-inc.com\\\/fr\\\/application-video\\\/#breadcrumb\"},\"inLanguage\":\"fr-FR\",\"potentialAction\":[{\"@type\":\"ReadAction\",\"target\":[\"https:\\\/\\\/www.fusion-inc.com\\\/fr\\\/application-video\\\/\"]}]},{\"@type\":\"BreadcrumbList\",\"@id\":\"https:\\\/\\\/www.fusion-inc.com\\\/fr\\\/application-video\\\/#breadcrumb\",\"itemListElement\":[{\"@type\":\"ListItem\",\"position\":1,\"name\":\"Home\",\"item\":\"https:\\\/\\\/www.fusion-inc.com\\\/fr\\\/\"},{\"@type\":\"ListItem\",\"position\":2,\"name\":\"Vid\u00e9os d\u2019applications\"}]},{\"@type\":\"WebSite\",\"@id\":\"https:\\\/\\\/www.fusion-inc.com\\\/#website\",\"url\":\"https:\\\/\\\/www.fusion-inc.com\\\/\",\"name\":\"Fusion, Inc.\",\"description\":\"\",\"potentialAction\":[{\"@type\":\"SearchAction\",\"target\":{\"@type\":\"EntryPoint\",\"urlTemplate\":\"https:\\\/\\\/www.fusion-inc.com\\\/?s={search_term_string}\"},\"query-input\":{\"@type\":\"PropertyValueSpecification\",\"valueRequired\":true,\"valueName\":\"search_term_string\"}}],\"inLanguage\":\"fr-FR\"}]}<\/script>\n<!-- \/ Yoast SEO plugin. -->","yoast_head_json":{"title":"Vid\u00e9os d\u2019applications - Fusion, Inc.","robots":{"index":"index","follow":"follow","max-snippet":"max-snippet:-1","max-image-preview":"max-image-preview:large","max-video-preview":"max-video-preview:-1"},"canonical":"https:\/\/www.fusion-inc.com\/fr\/application-video\/","og_locale":"fr_FR","og_type":"article","og_title":"Vid\u00e9os d\u2019applications - Fusion, Inc.","og_description":"Les vid\u00e9os d\u2019application Fusion Automation Inc. sont une ressource qui vous fournit une introduction visuelle \u00e0 notre gamme de p\u00e2tes, applicateurs et \u00e9quipements. Voir la technologie Fusion Automation Inc. en action vous fournira un aper\u00e7u des avantages qui peuvent \u00eatre offerts par nos solutions de brasage et soudage. Ces vid\u00e9os montrent juste une petite gamme... [...]Lire la suite...","og_url":"https:\/\/www.fusion-inc.com\/fr\/application-video\/","og_site_name":"Fusion, Inc.","article_modified_time":"2024-01-31T15:34:52+00:00","twitter_misc":{"Dur\u00e9e de lecture estim\u00e9e":"1 minute"},"schema":{"@context":"https:\/\/schema.org","@graph":[{"@type":"WebPage","@id":"https:\/\/www.fusion-inc.com\/fr\/application-video\/","url":"https:\/\/www.fusion-inc.com\/fr\/application-video\/","name":"Vid\u00e9os d\u2019applications - Fusion, Inc.","isPartOf":{"@id":"https:\/\/www.fusion-inc.com\/#website"},"datePublished":"2024-01-29T14:01:43+00:00","dateModified":"2024-01-31T15:34:52+00:00","breadcrumb":{"@id":"https:\/\/www.fusion-inc.com\/fr\/application-video\/#breadcrumb"},"inLanguage":"fr-FR","potentialAction":[{"@type":"ReadAction","target":["https:\/\/www.fusion-inc.com\/fr\/application-video\/"]}]},{"@type":"BreadcrumbList","@id":"https:\/\/www.fusion-inc.com\/fr\/application-video\/#breadcrumb","itemListElement":[{"@type":"ListItem","position":1,"name":"Home","item":"https:\/\/www.fusion-inc.com\/fr\/"},{"@type":"ListItem","position":2,"name":"Vid\u00e9os d\u2019applications"}]},{"@type":"WebSite","@id":"https:\/\/www.fusion-inc.com\/#website","url":"https:\/\/www.fusion-inc.com\/","name":"Fusion, Inc.","description":"","potentialAction":[{"@type":"SearchAction","target":{"@type":"EntryPoint","urlTemplate":"https:\/\/www.fusion-inc.com\/?s={search_term_string}"},"query-input":{"@type":"PropertyValueSpecification","valueRequired":true,"valueName":"search_term_string"}}],"inLanguage":"fr-FR"}]}},"_links":{"self":[{"href":"https:\/\/www.fusion-inc.com\/fr\/wp-json\/wp\/v2\/pages\/4542","targetHints":{"allow":["GET"]}}],"collection":[{"href":"https:\/\/www.fusion-inc.com\/fr\/wp-json\/wp\/v2\/pages"}],"about":[{"href":"https:\/\/www.fusion-inc.com\/fr\/wp-json\/wp\/v2\/types\/page"}],"author":[{"embeddable":true,"href":"https:\/\/www.fusion-inc.com\/fr\/wp-json\/wp\/v2\/users\/26"}],"replies":[{"embeddable":true,"href":"https:\/\/www.fusion-inc.com\/fr\/wp-json\/wp\/v2\/comments?post=4542"}],"version-history":[{"count":0,"href":"https:\/\/www.fusion-inc.com\/fr\/wp-json\/wp\/v2\/pages\/4542\/revisions"}],"wp:attachment":[{"href":"https:\/\/www.fusion-inc.com\/fr\/wp-json\/wp\/v2\/media?parent=4542"}],"curies":[{"name":"wp","href":"https:\/\/api.w.org\/{rel}","templated":true}]}}