{"id":4531,"date":"2024-01-23T13:29:00","date_gmt":"2024-01-23T13:29:00","guid":{"rendered":"https:\/\/fusioninc.wpengine.com\/?page_id=4531"},"modified":"2024-01-30T09:57:23","modified_gmt":"2024-01-30T09:57:23","slug":"brazing-soldering-machine","status":"publish","type":"page","link":"https:\/\/www.fusion-inc.com\/fr\/brazing-soldering-machine\/","title":{"rendered":"Machines automatiques de brasage et soudage:"},"content":{"rendered":"<p>La technologie dissimul\u00e9e derri\u00e8re les machines automatiques de soudage et brasage Fusion Automation Inc. aide \u00e0 r\u00e9duire les co\u00fbts de brasage et de rebus de pi\u00e8ces tout en am\u00e9liorant la qualit\u00e9 du joint. Typiquement, un op\u00e9rateur charge et d\u00e9charge des pi\u00e8ces tandis que la machine proc\u00e8de \u00e0 l\u2019application du m\u00e9tal d\u2019apport et du flux mais aussi bien au chauffage qu\u2019au refroidissement.<\/p>\n<p>Les co\u00fbts des mat\u00e9riaux sont r\u00e9duits avec l\u2019automatisation de la machine de soudage et brasage puisque le m\u00e9tal d\u2019apport et le flux sont appliqu\u00e9s automatiquement en quantit\u00e9s contr\u00f4l\u00e9es. Les co\u00fbts de main-d\u2019\u0153uvre sont consid\u00e9rablement r\u00e9duits lorsqu\u2019un op\u00e9rateur fabrique des centaines d\u2019assemblages bras\u00e9s ou soud\u00e9s par heure.<\/p>\n<ul>\n<li><strong>Braze mate une station<\/strong> \u2013 Machine automatique de brasage id\u00e9ale pour des applications en plus petits volumes et courts cycles de diff\u00e9rents styles de pi\u00e8ces.<\/li>\n<li><strong>Rotary Index<\/strong> \u2013 achemine des pi\u00e8ces mont\u00e9es dans des porte-outils pour des applications d\u2019alliages de brasage, cycles de chauffage et refroidissement \u00e0 hauts rendements.<\/li>\n<li><strong>Machine de brasage \u00e0 induction<\/strong> \u2013 fonctionne \u00e0 l\u2019\u00e9lectricit\u00e9, l\u2019induction est une alternative \u00e0 la m\u00e9thode de chauffage par flamme.<\/li>\n<li><strong>Le brasage par induction sous atmosph\u00e8re protectrice<\/strong> \u2013 Bonne alternative au brasage en fours de l\u2019acier et de l\u2019inox.<\/li>\n<li><strong>Machine au fil<\/strong> \u2013 alternative au brasage p\u00e2te surtout tr\u00e8s utile pour certains designs de joints.<\/li>\n<\/ul>\n<p>Comme votre unique source d\u2019approvisionnement, Fusion offre des p\u00e2tes, des d\u00e9capants, des m\u00e9taux d\u2019apports et des \u00e9quipements automatis\u00e9s de soudage et brasage. Fusion travaille localement dans le monde entier pour vous servir. <a href=\"\/worldwide\/#france\">Contactez-nous s\u2019il vous pla\u00eet<\/a> ou <a href=\"\/fr\/request-for-quote-french\/\">d\u00e9crivez votre application ici<\/a>.<\/p>\n","protected":false},"excerpt":{"rendered":"<p>La technologie dissimul\u00e9e derri\u00e8re les machines automatiques de soudage et brasage Fusion Automation Inc. aide \u00e0 r\u00e9duire les co\u00fbts de brasage et de rebus de pi\u00e8ces tout en am\u00e9liorant la qualit\u00e9 du joint. Typiquement, un op\u00e9rateur charge et d\u00e9charge des pi\u00e8ces tandis que la machine proc\u00e8de \u00e0 l\u2019application du m\u00e9tal d\u2019apport et du flux mais&#8230; [&#8230;]<\/p>\n<p><a class=\"btn btn-secondary understrap-read-more-link\" href=\"https:\/\/www.fusion-inc.com\/fr\/brazing-soldering-machine\/\">Lire la suite&#8230;<\/a><\/p>\n","protected":false},"author":26,"featured_media":0,"parent":0,"menu_order":0,"comment_status":"closed","ping_status":"closed","template":"page-templates\/destination-content.php","meta":{"_acf_changed":false,"inline_featured_image":false,"footnotes":""},"class_list":["post-4531","page","type-page","status-publish","hentry"],"acf":[],"yoast_head":"<!-- This site is optimized with the Yoast SEO plugin v27.5 - https:\/\/yoast.com\/product\/yoast-seo-wordpress\/ -->\n<title>Machines automatiques de brasage et soudage: - Fusion, Inc.<\/title>\n<meta name=\"robots\" content=\"index, follow, max-snippet:-1, max-image-preview:large, max-video-preview:-1\" \/>\n<link rel=\"canonical\" href=\"https:\/\/www.fusion-inc.com\/fr\/brazing-soldering-machine\/\" \/>\n<meta property=\"og:locale\" content=\"fr_FR\" \/>\n<meta property=\"og:type\" content=\"article\" \/>\n<meta property=\"og:title\" content=\"Machines automatiques de brasage et soudage: - Fusion, Inc.\" \/>\n<meta property=\"og:description\" content=\"La technologie dissimul\u00e9e derri\u00e8re les machines automatiques de soudage et brasage Fusion Automation Inc. aide \u00e0 r\u00e9duire les co\u00fbts de brasage et de rebus de pi\u00e8ces tout en am\u00e9liorant la qualit\u00e9 du joint. Typiquement, un op\u00e9rateur charge et d\u00e9charge des pi\u00e8ces tandis que la machine proc\u00e8de \u00e0 l\u2019application du m\u00e9tal d\u2019apport et du flux mais... [...]Lire la suite...\" \/>\n<meta property=\"og:url\" content=\"https:\/\/www.fusion-inc.com\/fr\/brazing-soldering-machine\/\" \/>\n<meta property=\"og:site_name\" content=\"Fusion, Inc.\" \/>\n<meta property=\"article:modified_time\" content=\"2024-01-30T09:57:23+00:00\" \/>\n<meta name=\"twitter:label1\" content=\"Dur\u00e9e de lecture estim\u00e9e\" \/>\n\t<meta name=\"twitter:data1\" content=\"2 minutes\" \/>\n<script type=\"application\/ld+json\" class=\"yoast-schema-graph\">{\"@context\":\"https:\\\/\\\/schema.org\",\"@graph\":[{\"@type\":\"WebPage\",\"@id\":\"https:\\\/\\\/www.fusion-inc.com\\\/fr\\\/brazing-soldering-machine\\\/\",\"url\":\"https:\\\/\\\/www.fusion-inc.com\\\/fr\\\/brazing-soldering-machine\\\/\",\"name\":\"Machines automatiques de brasage et soudage: - Fusion, Inc.\",\"isPartOf\":{\"@id\":\"https:\\\/\\\/www.fusion-inc.com\\\/#website\"},\"datePublished\":\"2024-01-23T13:29:00+00:00\",\"dateModified\":\"2024-01-30T09:57:23+00:00\",\"breadcrumb\":{\"@id\":\"https:\\\/\\\/www.fusion-inc.com\\\/fr\\\/brazing-soldering-machine\\\/#breadcrumb\"},\"inLanguage\":\"fr-FR\",\"potentialAction\":[{\"@type\":\"ReadAction\",\"target\":[\"https:\\\/\\\/www.fusion-inc.com\\\/fr\\\/brazing-soldering-machine\\\/\"]}]},{\"@type\":\"BreadcrumbList\",\"@id\":\"https:\\\/\\\/www.fusion-inc.com\\\/fr\\\/brazing-soldering-machine\\\/#breadcrumb\",\"itemListElement\":[{\"@type\":\"ListItem\",\"position\":1,\"name\":\"Home\",\"item\":\"https:\\\/\\\/www.fusion-inc.com\\\/fr\\\/\"},{\"@type\":\"ListItem\",\"position\":2,\"name\":\"Machines automatiques de brasage et soudage:\"}]},{\"@type\":\"WebSite\",\"@id\":\"https:\\\/\\\/www.fusion-inc.com\\\/#website\",\"url\":\"https:\\\/\\\/www.fusion-inc.com\\\/\",\"name\":\"Fusion, Inc.\",\"description\":\"\",\"potentialAction\":[{\"@type\":\"SearchAction\",\"target\":{\"@type\":\"EntryPoint\",\"urlTemplate\":\"https:\\\/\\\/www.fusion-inc.com\\\/?s={search_term_string}\"},\"query-input\":{\"@type\":\"PropertyValueSpecification\",\"valueRequired\":true,\"valueName\":\"search_term_string\"}}],\"inLanguage\":\"fr-FR\"}]}<\/script>\n<!-- \/ Yoast SEO plugin. -->","yoast_head_json":{"title":"Machines automatiques de brasage et soudage: - Fusion, Inc.","robots":{"index":"index","follow":"follow","max-snippet":"max-snippet:-1","max-image-preview":"max-image-preview:large","max-video-preview":"max-video-preview:-1"},"canonical":"https:\/\/www.fusion-inc.com\/fr\/brazing-soldering-machine\/","og_locale":"fr_FR","og_type":"article","og_title":"Machines automatiques de brasage et soudage: - Fusion, Inc.","og_description":"La technologie dissimul\u00e9e derri\u00e8re les machines automatiques de soudage et brasage Fusion Automation Inc. aide \u00e0 r\u00e9duire les co\u00fbts de brasage et de rebus de pi\u00e8ces tout en am\u00e9liorant la qualit\u00e9 du joint. Typiquement, un op\u00e9rateur charge et d\u00e9charge des pi\u00e8ces tandis que la machine proc\u00e8de \u00e0 l\u2019application du m\u00e9tal d\u2019apport et du flux mais... [...]Lire la suite...","og_url":"https:\/\/www.fusion-inc.com\/fr\/brazing-soldering-machine\/","og_site_name":"Fusion, Inc.","article_modified_time":"2024-01-30T09:57:23+00:00","twitter_misc":{"Dur\u00e9e de lecture estim\u00e9e":"2 minutes"},"schema":{"@context":"https:\/\/schema.org","@graph":[{"@type":"WebPage","@id":"https:\/\/www.fusion-inc.com\/fr\/brazing-soldering-machine\/","url":"https:\/\/www.fusion-inc.com\/fr\/brazing-soldering-machine\/","name":"Machines automatiques de brasage et soudage: - Fusion, Inc.","isPartOf":{"@id":"https:\/\/www.fusion-inc.com\/#website"},"datePublished":"2024-01-23T13:29:00+00:00","dateModified":"2024-01-30T09:57:23+00:00","breadcrumb":{"@id":"https:\/\/www.fusion-inc.com\/fr\/brazing-soldering-machine\/#breadcrumb"},"inLanguage":"fr-FR","potentialAction":[{"@type":"ReadAction","target":["https:\/\/www.fusion-inc.com\/fr\/brazing-soldering-machine\/"]}]},{"@type":"BreadcrumbList","@id":"https:\/\/www.fusion-inc.com\/fr\/brazing-soldering-machine\/#breadcrumb","itemListElement":[{"@type":"ListItem","position":1,"name":"Home","item":"https:\/\/www.fusion-inc.com\/fr\/"},{"@type":"ListItem","position":2,"name":"Machines automatiques de brasage et soudage:"}]},{"@type":"WebSite","@id":"https:\/\/www.fusion-inc.com\/#website","url":"https:\/\/www.fusion-inc.com\/","name":"Fusion, Inc.","description":"","potentialAction":[{"@type":"SearchAction","target":{"@type":"EntryPoint","urlTemplate":"https:\/\/www.fusion-inc.com\/?s={search_term_string}"},"query-input":{"@type":"PropertyValueSpecification","valueRequired":true,"valueName":"search_term_string"}}],"inLanguage":"fr-FR"}]}},"_links":{"self":[{"href":"https:\/\/www.fusion-inc.com\/fr\/wp-json\/wp\/v2\/pages\/4531","targetHints":{"allow":["GET"]}}],"collection":[{"href":"https:\/\/www.fusion-inc.com\/fr\/wp-json\/wp\/v2\/pages"}],"about":[{"href":"https:\/\/www.fusion-inc.com\/fr\/wp-json\/wp\/v2\/types\/page"}],"author":[{"embeddable":true,"href":"https:\/\/www.fusion-inc.com\/fr\/wp-json\/wp\/v2\/users\/26"}],"replies":[{"embeddable":true,"href":"https:\/\/www.fusion-inc.com\/fr\/wp-json\/wp\/v2\/comments?post=4531"}],"version-history":[{"count":0,"href":"https:\/\/www.fusion-inc.com\/fr\/wp-json\/wp\/v2\/pages\/4531\/revisions"}],"wp:attachment":[{"href":"https:\/\/www.fusion-inc.com\/fr\/wp-json\/wp\/v2\/media?parent=4531"}],"curies":[{"name":"wp","href":"https:\/\/api.w.org\/{rel}","templated":true}]}}