{"id":4501,"date":"2024-01-23T11:28:37","date_gmt":"2024-01-23T11:28:37","guid":{"rendered":"https:\/\/fusioninc.wpengine.com\/?page_id=4501"},"modified":"2024-01-31T15:43:10","modified_gmt":"2024-01-31T15:43:10","slug":"paste-filler-metal","status":"publish","type":"page","link":"https:\/\/www.fusion-inc.com\/fr\/paste-filler-metal\/","title":{"rendered":"P\u00e2tes et m\u00e9taux d\u2019apport pour le brasage et soudage:"},"content":{"rendered":"<div class=\"alignright\"><a class=\"lightbox\" href=\"\/wp-content\/uploads\/fillerTopPic.jpg\"><img decoding=\"async\" src=\"\/wp-content\/uploads\/fillerTopPic.jpg\" alt=\"Paste Filler Metals \" title=\"Paste Filler Metals \"><\/a><\/div>\n<p>Fusion Automation Inc. offre une large gamme de p\u00e2tes \u00e0 braser et \u00e0 souder pour des applications de soudage et brasage m\u00e9talliques. Les pr\u00e9parations de p\u00e2tes \u00e0 braser et \u00e0 souder contiennent des poudres m\u00e9talliques, des agents d\u00e9capants et une base mix\u00e9s pour donner un alliage de p\u00e2te homog\u00e8ne Fusion Automation Inc. Chacun de ces \u00e9l\u00e9ments a une fonction unique lorsque mix\u00e9s pour donner cet alliage de p\u00e2te. Ces p\u00e2tes pour le brasage du m\u00e9tal sont ad\u00e9quates pour une large vari\u00e9t\u00e9 de configurations de joints et nos \u00e9quipements d\u2019application de p\u00e2te permettent \u00e0 l\u2019utilisateur de contr\u00f4ler l\u2019usage de celle-ci pour des joints de qualit\u00e9 sup\u00e9rieure tout en faisant des \u00e9conomies. Les caract\u00e9ristiques de chaque p\u00e2te telles la viscosit\u00e9 et la fluidit\u00e9 peuvent aussi \u00eatre contr\u00f4l\u00e9es.<\/p>\n<p>La gamme Fusion Automation Inc. inclut une vari\u00e9t\u00e9 de m\u00e9taux d\u2019apport pour brasage et soudage avec des compositions argent, phosphore, cuivre, nickel et aluminium pour une large gamme de besoins en brasage et soudage. Le m\u00e9tal d\u2019apport et les mat\u00e9riaux d\u00e9capants pour le brasage sont disponibles pour le soudage et brasage argent, acier, inox, laiton, cuivre and le brasage de l\u2019aluminium mais aussi pour des applications de brasage d\u2019aciers carbures. Les poudres m\u00e9talliques de brasage et soudage peuvent \u00eatre dos\u00e9es dans diff\u00e9rentes concentrations pour fournir la meilleure balance performance prix.<\/p>\n<p>Fusion Automation Inc. est une source unique qui con\u00e7oit des p\u00e2tes \u00e0 braser et \u00e0 souder \u00e0 base de m\u00e9taux, des d\u00e9capants, des applicateurs de p\u00e2te et des machines automatiques de brasage et soudage.<\/p>\n<p><a href=\"\/wp-content\/uploads\/PasteBrazing-Soldering-Alloys.pdf\" target=\"_blank\" rel=\"noopener\"><img decoding=\"async\" src=\"\/wp-content\/uploads\/filler-metals-pdf-thumb.jpg\" alt=\"Filler Metals Pdf Thumb\" \ntitle=\"Filler Metals Pdf Thumb\" class=\"pdf_icon\"><br \/>Download PDF >><\/a><\/p>\n<p>Fusion Automation Inc. travaille localement dans le monde entier pour vous servir. <a href=\"\/worldwide\/#france\">Contactez-nous s\u2019il vous pla\u00eet<\/a> ou <a href=\"\/fr\/request-for-quote-french\/\">d\u00e9crivez votre application ici<\/a>.<\/p>\n","protected":false},"excerpt":{"rendered":"<p>Fusion Automation Inc. offre une large gamme de p\u00e2tes \u00e0 braser et \u00e0 souder pour des applications de soudage et brasage m\u00e9talliques. Les pr\u00e9parations de p\u00e2tes \u00e0 braser et \u00e0 souder contiennent des poudres m\u00e9talliques, des agents d\u00e9capants et une base mix\u00e9s pour donner un alliage de p\u00e2te homog\u00e8ne Fusion Automation Inc. Chacun de ces&#8230; [&#8230;]<\/p>\n<p><a class=\"btn btn-secondary understrap-read-more-link\" href=\"https:\/\/www.fusion-inc.com\/fr\/paste-filler-metal\/\">Lire la suite&#8230;<\/a><\/p>\n","protected":false},"author":26,"featured_media":0,"parent":0,"menu_order":0,"comment_status":"closed","ping_status":"closed","template":"page-templates\/destination-content.php","meta":{"_acf_changed":false,"inline_featured_image":false,"footnotes":""},"class_list":["post-4501","page","type-page","status-publish","hentry"],"acf":[],"yoast_head":"<!-- This site is optimized with the Yoast SEO plugin v27.3 - https:\/\/yoast.com\/product\/yoast-seo-wordpress\/ -->\n<title>P\u00e2tes et m\u00e9taux d\u2019apport pour le brasage et soudage: - Fusion, Inc.<\/title>\n<meta name=\"robots\" content=\"index, follow, max-snippet:-1, max-image-preview:large, max-video-preview:-1\" \/>\n<link rel=\"canonical\" href=\"https:\/\/www.fusion-inc.com\/products\/brazing-paste\/filler-metals\/\" \/>\n<meta property=\"og:locale\" content=\"fr_FR\" \/>\n<meta property=\"og:type\" content=\"article\" \/>\n<meta property=\"og:title\" content=\"P\u00e2tes et m\u00e9taux d\u2019apport pour le brasage et soudage: - Fusion, Inc.\" \/>\n<meta property=\"og:description\" content=\"Fusion Automation Inc. offre une large gamme de p\u00e2tes \u00e0 braser et \u00e0 souder pour des applications de soudage et brasage m\u00e9talliques. Les pr\u00e9parations de p\u00e2tes \u00e0 braser et \u00e0 souder contiennent des poudres m\u00e9talliques, des agents d\u00e9capants et une base mix\u00e9s pour donner un alliage de p\u00e2te homog\u00e8ne Fusion Automation Inc. Chacun de ces... [...]Lire la suite...\" \/>\n<meta property=\"og:url\" content=\"https:\/\/www.fusion-inc.com\/products\/brazing-paste\/filler-metals\/\" \/>\n<meta property=\"og:site_name\" content=\"Fusion, Inc.\" \/>\n<meta property=\"article:modified_time\" content=\"2024-01-31T15:43:10+00:00\" \/>\n<meta name=\"twitter:label1\" content=\"Dur\u00e9e de lecture estim\u00e9e\" \/>\n\t<meta name=\"twitter:data1\" content=\"2 minutes\" \/>\n<script type=\"application\/ld+json\" class=\"yoast-schema-graph\">{\"@context\":\"https:\\\/\\\/schema.org\",\"@graph\":[{\"@type\":\"WebPage\",\"@id\":\"https:\\\/\\\/www.fusion-inc.com\\\/products\\\/brazing-paste\\\/filler-metals\\\/\",\"url\":\"https:\\\/\\\/www.fusion-inc.com\\\/products\\\/brazing-paste\\\/filler-metals\\\/\",\"name\":\"P\u00e2tes et m\u00e9taux d\u2019apport pour le brasage et soudage: - Fusion, Inc.\",\"isPartOf\":{\"@id\":\"https:\\\/\\\/www.fusion-inc.com\\\/#website\"},\"datePublished\":\"2024-01-23T11:28:37+00:00\",\"dateModified\":\"2024-01-31T15:43:10+00:00\",\"breadcrumb\":{\"@id\":\"https:\\\/\\\/www.fusion-inc.com\\\/products\\\/brazing-paste\\\/filler-metals\\\/#breadcrumb\"},\"inLanguage\":\"fr-FR\",\"potentialAction\":[{\"@type\":\"ReadAction\",\"target\":[\"https:\\\/\\\/www.fusion-inc.com\\\/products\\\/brazing-paste\\\/filler-metals\\\/\"]}]},{\"@type\":\"BreadcrumbList\",\"@id\":\"https:\\\/\\\/www.fusion-inc.com\\\/products\\\/brazing-paste\\\/filler-metals\\\/#breadcrumb\",\"itemListElement\":[{\"@type\":\"ListItem\",\"position\":1,\"name\":\"Home\",\"item\":\"https:\\\/\\\/www.fusion-inc.com\\\/fr\\\/\"},{\"@type\":\"ListItem\",\"position\":2,\"name\":\"P\u00e2tes et m\u00e9taux d\u2019apport pour le brasage et soudage:\"}]},{\"@type\":\"WebSite\",\"@id\":\"https:\\\/\\\/www.fusion-inc.com\\\/#website\",\"url\":\"https:\\\/\\\/www.fusion-inc.com\\\/\",\"name\":\"Fusion, Inc.\",\"description\":\"\",\"potentialAction\":[{\"@type\":\"SearchAction\",\"target\":{\"@type\":\"EntryPoint\",\"urlTemplate\":\"https:\\\/\\\/www.fusion-inc.com\\\/?s={search_term_string}\"},\"query-input\":{\"@type\":\"PropertyValueSpecification\",\"valueRequired\":true,\"valueName\":\"search_term_string\"}}],\"inLanguage\":\"fr-FR\"}]}<\/script>\n<!-- \/ Yoast SEO plugin. -->","yoast_head_json":{"title":"P\u00e2tes et m\u00e9taux d\u2019apport pour le brasage et soudage: - Fusion, Inc.","robots":{"index":"index","follow":"follow","max-snippet":"max-snippet:-1","max-image-preview":"max-image-preview:large","max-video-preview":"max-video-preview:-1"},"canonical":"https:\/\/www.fusion-inc.com\/products\/brazing-paste\/filler-metals\/","og_locale":"fr_FR","og_type":"article","og_title":"P\u00e2tes et m\u00e9taux d\u2019apport pour le brasage et soudage: - Fusion, Inc.","og_description":"Fusion Automation Inc. offre une large gamme de p\u00e2tes \u00e0 braser et \u00e0 souder pour des applications de soudage et brasage m\u00e9talliques. Les pr\u00e9parations de p\u00e2tes \u00e0 braser et \u00e0 souder contiennent des poudres m\u00e9talliques, des agents d\u00e9capants et une base mix\u00e9s pour donner un alliage de p\u00e2te homog\u00e8ne Fusion Automation Inc. Chacun de ces... [...]Lire la suite...","og_url":"https:\/\/www.fusion-inc.com\/products\/brazing-paste\/filler-metals\/","og_site_name":"Fusion, Inc.","article_modified_time":"2024-01-31T15:43:10+00:00","twitter_misc":{"Dur\u00e9e de lecture estim\u00e9e":"2 minutes"},"schema":{"@context":"https:\/\/schema.org","@graph":[{"@type":"WebPage","@id":"https:\/\/www.fusion-inc.com\/products\/brazing-paste\/filler-metals\/","url":"https:\/\/www.fusion-inc.com\/products\/brazing-paste\/filler-metals\/","name":"P\u00e2tes et m\u00e9taux d\u2019apport pour le brasage et soudage: - Fusion, Inc.","isPartOf":{"@id":"https:\/\/www.fusion-inc.com\/#website"},"datePublished":"2024-01-23T11:28:37+00:00","dateModified":"2024-01-31T15:43:10+00:00","breadcrumb":{"@id":"https:\/\/www.fusion-inc.com\/products\/brazing-paste\/filler-metals\/#breadcrumb"},"inLanguage":"fr-FR","potentialAction":[{"@type":"ReadAction","target":["https:\/\/www.fusion-inc.com\/products\/brazing-paste\/filler-metals\/"]}]},{"@type":"BreadcrumbList","@id":"https:\/\/www.fusion-inc.com\/products\/brazing-paste\/filler-metals\/#breadcrumb","itemListElement":[{"@type":"ListItem","position":1,"name":"Home","item":"https:\/\/www.fusion-inc.com\/fr\/"},{"@type":"ListItem","position":2,"name":"P\u00e2tes et m\u00e9taux d\u2019apport pour le brasage et soudage:"}]},{"@type":"WebSite","@id":"https:\/\/www.fusion-inc.com\/#website","url":"https:\/\/www.fusion-inc.com\/","name":"Fusion, Inc.","description":"","potentialAction":[{"@type":"SearchAction","target":{"@type":"EntryPoint","urlTemplate":"https:\/\/www.fusion-inc.com\/?s={search_term_string}"},"query-input":{"@type":"PropertyValueSpecification","valueRequired":true,"valueName":"search_term_string"}}],"inLanguage":"fr-FR"}]}},"_links":{"self":[{"href":"https:\/\/www.fusion-inc.com\/fr\/wp-json\/wp\/v2\/pages\/4501","targetHints":{"allow":["GET"]}}],"collection":[{"href":"https:\/\/www.fusion-inc.com\/fr\/wp-json\/wp\/v2\/pages"}],"about":[{"href":"https:\/\/www.fusion-inc.com\/fr\/wp-json\/wp\/v2\/types\/page"}],"author":[{"embeddable":true,"href":"https:\/\/www.fusion-inc.com\/fr\/wp-json\/wp\/v2\/users\/26"}],"replies":[{"embeddable":true,"href":"https:\/\/www.fusion-inc.com\/fr\/wp-json\/wp\/v2\/comments?post=4501"}],"version-history":[{"count":0,"href":"https:\/\/www.fusion-inc.com\/fr\/wp-json\/wp\/v2\/pages\/4501\/revisions"}],"wp:attachment":[{"href":"https:\/\/www.fusion-inc.com\/fr\/wp-json\/wp\/v2\/media?parent=4501"}],"curies":[{"name":"wp","href":"https:\/\/api.w.org\/{rel}","templated":true}]}}