{"id":4672,"date":"2024-01-29T14:01:43","date_gmt":"2024-01-29T14:01:43","guid":{"rendered":"https:\/\/fusioninc.wpengine.com\/?page_id=4672"},"modified":"2024-01-31T15:35:18","modified_gmt":"2024-01-31T15:35:18","slug":"application-video","status":"publish","type":"page","link":"https:\/\/www.fusion-inc.com\/es\/application-video\/","title":{"rendered":"Videos de las Distintas Aplicaciones"},"content":{"rendered":"<div class=\"alignright\"><a href=\"\/resources\/pictures-videos\/\" target=\"_blank\" rel=\"noopener\"><img decoding=\"async\" src=\"\/wp-content\/uploads\/fusion-videos-300x243-1.png\" alt=\"Fusion Videos\" title=\"Fusion Videos\"><\/a><\/div>\n<p>V\u00eddeos de Fusion Automation Inc. sobre las distintas aplicaciones son un recurso para ofrecerles una introducci\u00f3n visual sobre nuestra l\u00ednea de pastas, dosificadores y equipos. Al ver la tecnolog\u00eda de Fusion Automation Inc en acci\u00f3n les proporcionar\u00e1 una vista previa de los beneficios que se pueden lograr con nuestras soluciones de soldadura tanto a alta temperatura como a baja temperatura. Estos v\u00eddeos muestran s\u00f3lo una peque\u00f1a gama de las muchas aplicaciones para la industria a las que ya suministramos, como son la automoci\u00f3n, electricidad, fontaner\u00eda, calefacci\u00f3n, aire acondicionado, protecci\u00f3n contra incendios, instrumentos musicales, joyas, etc. Cons\u00faltenos con frecuencia para ver las nuevas actualizaciones de v\u00eddeos.<\/p>\n<p>Fusi\u00f3n Automation Inc. trabaja en todo el mundo a nivel local, para servirles en todo momento. Por favor <a href=\"\/worldwide\/#spain\">p\u00f3ngase en contacto con nosotros<\/a> o <a href=\"\/es\/request-for-quote-spanish\/\">describa aqu\u00ed su aplicaci\u00f3n<\/a>.<\/p>\n<p><a href=\"\/resources\/pictures-videos\/\" target=\"_blank\" rel=\"noopener\">VIDEOS DE LAS DISTINTAS APLICACIONES >><\/a><\/p>\n","protected":false},"excerpt":{"rendered":"<p>V\u00eddeos de Fusion Automation Inc. sobre las distintas aplicaciones son un recurso para ofrecerles una introducci\u00f3n visual sobre nuestra l\u00ednea de pastas, dosificadores y equipos. Al ver la tecnolog\u00eda de Fusion Automation Inc en acci\u00f3n les proporcionar\u00e1 una vista previa de los beneficios que se pueden lograr con nuestras soluciones de soldadura tanto a alta&#8230; [&#8230;]<\/p>\n<p><a class=\"btn btn-secondary understrap-read-more-link\" href=\"https:\/\/www.fusion-inc.com\/es\/application-video\/\">Leer m\u00e1s&#8230;<\/a><\/p>\n","protected":false},"author":26,"featured_media":0,"parent":0,"menu_order":0,"comment_status":"closed","ping_status":"closed","template":"","meta":{"_acf_changed":false,"inline_featured_image":false,"footnotes":""},"class_list":["post-4672","page","type-page","status-publish","hentry"],"acf":[],"yoast_head":"<!-- This site is optimized with the Yoast SEO plugin v27.3 - https:\/\/yoast.com\/product\/yoast-seo-wordpress\/ -->\n<title>Videos de las Distintas Aplicaciones - Fusion, Inc.<\/title>\n<meta name=\"robots\" content=\"index, follow, max-snippet:-1, max-image-preview:large, max-video-preview:-1\" \/>\n<link rel=\"canonical\" href=\"https:\/\/www.fusion-inc.com\/es\/application-video\/\" \/>\n<meta property=\"og:locale\" content=\"es_ES\" \/>\n<meta property=\"og:type\" content=\"article\" \/>\n<meta property=\"og:title\" content=\"Videos de las Distintas Aplicaciones - Fusion, Inc.\" \/>\n<meta property=\"og:description\" content=\"V\u00eddeos de Fusion Automation Inc. sobre las distintas aplicaciones son un recurso para ofrecerles una introducci\u00f3n visual sobre nuestra l\u00ednea de pastas, dosificadores y equipos. Al ver la tecnolog\u00eda de Fusion Automation Inc en acci\u00f3n les proporcionar\u00e1 una vista previa de los beneficios que se pueden lograr con nuestras soluciones de soldadura tanto a alta... [...]Leer m\u00e1s...\" \/>\n<meta property=\"og:url\" content=\"https:\/\/www.fusion-inc.com\/es\/application-video\/\" \/>\n<meta property=\"og:site_name\" content=\"Fusion, Inc.\" \/>\n<meta property=\"article:modified_time\" content=\"2024-01-31T15:35:18+00:00\" \/>\n<meta name=\"twitter:label1\" content=\"Tiempo de lectura\" \/>\n\t<meta name=\"twitter:data1\" content=\"1 minuto\" \/>\n<script type=\"application\/ld+json\" class=\"yoast-schema-graph\">{\"@context\":\"https:\\\/\\\/schema.org\",\"@graph\":[{\"@type\":\"WebPage\",\"@id\":\"https:\\\/\\\/www.fusion-inc.com\\\/es\\\/application-video\\\/\",\"url\":\"https:\\\/\\\/www.fusion-inc.com\\\/es\\\/application-video\\\/\",\"name\":\"Videos de las Distintas Aplicaciones - Fusion, Inc.\",\"isPartOf\":{\"@id\":\"https:\\\/\\\/www.fusion-inc.com\\\/#website\"},\"datePublished\":\"2024-01-29T14:01:43+00:00\",\"dateModified\":\"2024-01-31T15:35:18+00:00\",\"breadcrumb\":{\"@id\":\"https:\\\/\\\/www.fusion-inc.com\\\/es\\\/application-video\\\/#breadcrumb\"},\"inLanguage\":\"es\",\"potentialAction\":[{\"@type\":\"ReadAction\",\"target\":[\"https:\\\/\\\/www.fusion-inc.com\\\/es\\\/application-video\\\/\"]}]},{\"@type\":\"BreadcrumbList\",\"@id\":\"https:\\\/\\\/www.fusion-inc.com\\\/es\\\/application-video\\\/#breadcrumb\",\"itemListElement\":[{\"@type\":\"ListItem\",\"position\":1,\"name\":\"Home\",\"item\":\"https:\\\/\\\/www.fusion-inc.com\\\/es\\\/\"},{\"@type\":\"ListItem\",\"position\":2,\"name\":\"Videos de las Distintas Aplicaciones\"}]},{\"@type\":\"WebSite\",\"@id\":\"https:\\\/\\\/www.fusion-inc.com\\\/#website\",\"url\":\"https:\\\/\\\/www.fusion-inc.com\\\/\",\"name\":\"Fusion, Inc.\",\"description\":\"\",\"potentialAction\":[{\"@type\":\"SearchAction\",\"target\":{\"@type\":\"EntryPoint\",\"urlTemplate\":\"https:\\\/\\\/www.fusion-inc.com\\\/?s={search_term_string}\"},\"query-input\":{\"@type\":\"PropertyValueSpecification\",\"valueRequired\":true,\"valueName\":\"search_term_string\"}}],\"inLanguage\":\"es\"}]}<\/script>\n<!-- \/ Yoast SEO plugin. -->","yoast_head_json":{"title":"Videos de las Distintas Aplicaciones - Fusion, Inc.","robots":{"index":"index","follow":"follow","max-snippet":"max-snippet:-1","max-image-preview":"max-image-preview:large","max-video-preview":"max-video-preview:-1"},"canonical":"https:\/\/www.fusion-inc.com\/es\/application-video\/","og_locale":"es_ES","og_type":"article","og_title":"Videos de las Distintas Aplicaciones - Fusion, Inc.","og_description":"V\u00eddeos de Fusion Automation Inc. sobre las distintas aplicaciones son un recurso para ofrecerles una introducci\u00f3n visual sobre nuestra l\u00ednea de pastas, dosificadores y equipos. Al ver la tecnolog\u00eda de Fusion Automation Inc en acci\u00f3n les proporcionar\u00e1 una vista previa de los beneficios que se pueden lograr con nuestras soluciones de soldadura tanto a alta... [...]Leer m\u00e1s...","og_url":"https:\/\/www.fusion-inc.com\/es\/application-video\/","og_site_name":"Fusion, Inc.","article_modified_time":"2024-01-31T15:35:18+00:00","twitter_misc":{"Tiempo de lectura":"1 minuto"},"schema":{"@context":"https:\/\/schema.org","@graph":[{"@type":"WebPage","@id":"https:\/\/www.fusion-inc.com\/es\/application-video\/","url":"https:\/\/www.fusion-inc.com\/es\/application-video\/","name":"Videos de las Distintas Aplicaciones - Fusion, Inc.","isPartOf":{"@id":"https:\/\/www.fusion-inc.com\/#website"},"datePublished":"2024-01-29T14:01:43+00:00","dateModified":"2024-01-31T15:35:18+00:00","breadcrumb":{"@id":"https:\/\/www.fusion-inc.com\/es\/application-video\/#breadcrumb"},"inLanguage":"es","potentialAction":[{"@type":"ReadAction","target":["https:\/\/www.fusion-inc.com\/es\/application-video\/"]}]},{"@type":"BreadcrumbList","@id":"https:\/\/www.fusion-inc.com\/es\/application-video\/#breadcrumb","itemListElement":[{"@type":"ListItem","position":1,"name":"Home","item":"https:\/\/www.fusion-inc.com\/es\/"},{"@type":"ListItem","position":2,"name":"Videos de las Distintas Aplicaciones"}]},{"@type":"WebSite","@id":"https:\/\/www.fusion-inc.com\/#website","url":"https:\/\/www.fusion-inc.com\/","name":"Fusion, Inc.","description":"","potentialAction":[{"@type":"SearchAction","target":{"@type":"EntryPoint","urlTemplate":"https:\/\/www.fusion-inc.com\/?s={search_term_string}"},"query-input":{"@type":"PropertyValueSpecification","valueRequired":true,"valueName":"search_term_string"}}],"inLanguage":"es"}]}},"_links":{"self":[{"href":"https:\/\/www.fusion-inc.com\/es\/wp-json\/wp\/v2\/pages\/4672","targetHints":{"allow":["GET"]}}],"collection":[{"href":"https:\/\/www.fusion-inc.com\/es\/wp-json\/wp\/v2\/pages"}],"about":[{"href":"https:\/\/www.fusion-inc.com\/es\/wp-json\/wp\/v2\/types\/page"}],"author":[{"embeddable":true,"href":"https:\/\/www.fusion-inc.com\/es\/wp-json\/wp\/v2\/users\/26"}],"replies":[{"embeddable":true,"href":"https:\/\/www.fusion-inc.com\/es\/wp-json\/wp\/v2\/comments?post=4672"}],"version-history":[{"count":0,"href":"https:\/\/www.fusion-inc.com\/es\/wp-json\/wp\/v2\/pages\/4672\/revisions"}],"wp:attachment":[{"href":"https:\/\/www.fusion-inc.com\/es\/wp-json\/wp\/v2\/media?parent=4672"}],"curies":[{"name":"wp","href":"https:\/\/api.w.org\/{rel}","templated":true}]}}