{"id":4659,"date":"2024-01-23T13:29:00","date_gmt":"2024-01-23T13:29:00","guid":{"rendered":"https:\/\/fusioninc.wpengine.com\/?page_id=4659"},"modified":"2024-01-30T10:53:54","modified_gmt":"2024-01-30T10:53:54","slug":"brazing-soldering-machines","status":"publish","type":"page","link":"https:\/\/www.fusion-inc.com\/es\/brazing-soldering-machines\/","title":{"rendered":"M\u00e1quinas para la automatizaci\u00f3n de la soldadura de alta y baja temperatura"},"content":{"rendered":"<p>La tecnolog\u00eda de los equipos de soldadura Fusion Automation Inc sirve para reducir tanto los costos de soldadura como las piezas defectuosas y al mismo tiempo mejora la calidad de la uni\u00f3n del ensamblaje. El operador carga y descarga las piezas mientras que la m\u00e1quina dosifica el material de aporte (pasta) ya mezclado con el fundente y a continuaci\u00f3n calienta y enfr\u00eda las piezas.<\/p>\n<p>La automatizaci\u00f3n de los procesos de soldadura de alta y baja temperatura implica una reducci\u00f3n de los costes de los consumibles como las pastas ya que la m\u00e1quina dosifica la pasta de aportaci\u00f3n autom\u00e1ticamente en cantidades controladas. Los costes de mano de obra se reducen de manera significativa ya que un operador puede producir cientos de piezas soldadas cada hora.<\/p>\n<ul>\n<li><strong>M\u00e1quina de una sola estaci\u00f3n \u201cBraze Mate\u201d <\/strong>\u2013 la m\u00e1quina de soldadura autom\u00e1tica ideal para aplicaciones de bajo volumen o de producci\u00f3n de piezas de dise\u00f1os diferentes<\/li>\n<li><strong>M\u00e1quina Rotativa Indexada<\/strong> \u2013 las piezas colocadas en soportes ajustables pasan por las estaciones de aplicaci\u00f3n de pasta, calentamiento y enfriamiento lo que permite producciones de alto volumen<\/li>\n<li><strong>M\u00e1quina de Soldadura por Inducci\u00f3n<\/strong> \u2013 una alternativa al calentamiento con gas\/ aire<\/li>\n<li><strong>M\u00e1quina de Soldadura por Inducci\u00f3n bajo Atm\u00f3sfera Protectora<\/strong> \u2013 una buena alternativa al horno para la soldadura de piezas de acero y acero inoxidable<\/li>\n<li><strong>M\u00e1quinas con aportaci\u00f3n de hilo<\/strong> \u2013 una alternativa a la soldadura con pasta, apropiada para ciertos dise\u00f1os de uni\u00f3n<\/li>\n<\/ul>\n<p>Fusion Automation Inc. es un \u00fanico proveedor ya que fabrica las pastas para soldar metales de alta y baja temperatura as\u00ed como los fundentes, materiales de aporte, sistemas de dosificaci\u00f3n autom\u00e1tica de pasta y maquinaria para la automatizaci\u00f3n de procesos de soldadura de alta y baja temperatura. Fusion Automation Inc trabaja para servirle a nivel local en todo el mundo. Por favor <a href=\"\/worldwide\/#spain\">p\u00f3ngase en contacto con nosotros<\/a> o <a href=\"\/es\/request-for-quote-spanish\/\">describa aqu\u00ed su aplicaci\u00f3n<\/a>.<\/p>\n","protected":false},"excerpt":{"rendered":"<p>La tecnolog\u00eda de los equipos de soldadura Fusion Automation Inc sirve para reducir tanto los costos de soldadura como las piezas defectuosas y al mismo tiempo mejora la calidad de la uni\u00f3n del ensamblaje. El operador carga y descarga las piezas mientras que la m\u00e1quina dosifica el material de aporte (pasta) ya mezclado con el&#8230; [&#8230;]<\/p>\n<p><a class=\"btn btn-secondary understrap-read-more-link\" href=\"https:\/\/www.fusion-inc.com\/es\/brazing-soldering-machines\/\">Leer m\u00e1s&#8230;<\/a><\/p>\n","protected":false},"author":26,"featured_media":0,"parent":0,"menu_order":0,"comment_status":"closed","ping_status":"closed","template":"page-templates\/destination-content.php","meta":{"_acf_changed":false,"inline_featured_image":false,"footnotes":""},"class_list":["post-4659","page","type-page","status-publish","hentry"],"acf":[],"yoast_head":"<!-- This site is optimized with the Yoast SEO plugin v27.3 - https:\/\/yoast.com\/product\/yoast-seo-wordpress\/ -->\n<title>M\u00e1quinas para la automatizaci\u00f3n de la soldadura de alta y baja temperatura - Fusion, Inc.<\/title>\n<meta name=\"robots\" content=\"index, follow, max-snippet:-1, max-image-preview:large, max-video-preview:-1\" \/>\n<link rel=\"canonical\" href=\"https:\/\/www.fusion-inc.com\/products\/automated-machines\/\" \/>\n<meta property=\"og:locale\" content=\"es_ES\" \/>\n<meta property=\"og:type\" content=\"article\" \/>\n<meta property=\"og:title\" content=\"M\u00e1quinas para la automatizaci\u00f3n de la soldadura de alta y baja temperatura - Fusion, Inc.\" \/>\n<meta property=\"og:description\" content=\"La tecnolog\u00eda de los equipos de soldadura Fusion Automation Inc sirve para reducir tanto los costos de soldadura como las piezas defectuosas y al mismo tiempo mejora la calidad de la uni\u00f3n del ensamblaje. El operador carga y descarga las piezas mientras que la m\u00e1quina dosifica el material de aporte (pasta) ya mezclado con el... [...]Leer m\u00e1s...\" \/>\n<meta property=\"og:url\" content=\"https:\/\/www.fusion-inc.com\/products\/automated-machines\/\" \/>\n<meta property=\"og:site_name\" content=\"Fusion, Inc.\" \/>\n<meta property=\"article:modified_time\" content=\"2024-01-30T10:53:54+00:00\" \/>\n<meta name=\"twitter:label1\" content=\"Tiempo de lectura\" \/>\n\t<meta name=\"twitter:data1\" content=\"2 minutos\" \/>\n<script type=\"application\/ld+json\" class=\"yoast-schema-graph\">{\"@context\":\"https:\\\/\\\/schema.org\",\"@graph\":[{\"@type\":\"WebPage\",\"@id\":\"https:\\\/\\\/www.fusion-inc.com\\\/products\\\/automated-machines\\\/\",\"url\":\"https:\\\/\\\/www.fusion-inc.com\\\/products\\\/automated-machines\\\/\",\"name\":\"M\u00e1quinas para la automatizaci\u00f3n de la soldadura de alta y baja temperatura - Fusion, Inc.\",\"isPartOf\":{\"@id\":\"https:\\\/\\\/www.fusion-inc.com\\\/#website\"},\"datePublished\":\"2024-01-23T13:29:00+00:00\",\"dateModified\":\"2024-01-30T10:53:54+00:00\",\"breadcrumb\":{\"@id\":\"https:\\\/\\\/www.fusion-inc.com\\\/products\\\/automated-machines\\\/#breadcrumb\"},\"inLanguage\":\"es\",\"potentialAction\":[{\"@type\":\"ReadAction\",\"target\":[\"https:\\\/\\\/www.fusion-inc.com\\\/products\\\/automated-machines\\\/\"]}]},{\"@type\":\"BreadcrumbList\",\"@id\":\"https:\\\/\\\/www.fusion-inc.com\\\/products\\\/automated-machines\\\/#breadcrumb\",\"itemListElement\":[{\"@type\":\"ListItem\",\"position\":1,\"name\":\"Home\",\"item\":\"https:\\\/\\\/www.fusion-inc.com\\\/es\\\/\"},{\"@type\":\"ListItem\",\"position\":2,\"name\":\"M\u00e1quinas para la automatizaci\u00f3n de la soldadura de alta y baja temperatura\"}]},{\"@type\":\"WebSite\",\"@id\":\"https:\\\/\\\/www.fusion-inc.com\\\/#website\",\"url\":\"https:\\\/\\\/www.fusion-inc.com\\\/\",\"name\":\"Fusion, Inc.\",\"description\":\"\",\"potentialAction\":[{\"@type\":\"SearchAction\",\"target\":{\"@type\":\"EntryPoint\",\"urlTemplate\":\"https:\\\/\\\/www.fusion-inc.com\\\/?s={search_term_string}\"},\"query-input\":{\"@type\":\"PropertyValueSpecification\",\"valueRequired\":true,\"valueName\":\"search_term_string\"}}],\"inLanguage\":\"es\"}]}<\/script>\n<!-- \/ Yoast SEO plugin. -->","yoast_head_json":{"title":"M\u00e1quinas para la automatizaci\u00f3n de la soldadura de alta y baja temperatura - Fusion, Inc.","robots":{"index":"index","follow":"follow","max-snippet":"max-snippet:-1","max-image-preview":"max-image-preview:large","max-video-preview":"max-video-preview:-1"},"canonical":"https:\/\/www.fusion-inc.com\/products\/automated-machines\/","og_locale":"es_ES","og_type":"article","og_title":"M\u00e1quinas para la automatizaci\u00f3n de la soldadura de alta y baja temperatura - Fusion, Inc.","og_description":"La tecnolog\u00eda de los equipos de soldadura Fusion Automation Inc sirve para reducir tanto los costos de soldadura como las piezas defectuosas y al mismo tiempo mejora la calidad de la uni\u00f3n del ensamblaje. El operador carga y descarga las piezas mientras que la m\u00e1quina dosifica el material de aporte (pasta) ya mezclado con el... [...]Leer m\u00e1s...","og_url":"https:\/\/www.fusion-inc.com\/products\/automated-machines\/","og_site_name":"Fusion, Inc.","article_modified_time":"2024-01-30T10:53:54+00:00","twitter_misc":{"Tiempo de lectura":"2 minutos"},"schema":{"@context":"https:\/\/schema.org","@graph":[{"@type":"WebPage","@id":"https:\/\/www.fusion-inc.com\/products\/automated-machines\/","url":"https:\/\/www.fusion-inc.com\/products\/automated-machines\/","name":"M\u00e1quinas para la automatizaci\u00f3n de la soldadura de alta y baja temperatura - Fusion, Inc.","isPartOf":{"@id":"https:\/\/www.fusion-inc.com\/#website"},"datePublished":"2024-01-23T13:29:00+00:00","dateModified":"2024-01-30T10:53:54+00:00","breadcrumb":{"@id":"https:\/\/www.fusion-inc.com\/products\/automated-machines\/#breadcrumb"},"inLanguage":"es","potentialAction":[{"@type":"ReadAction","target":["https:\/\/www.fusion-inc.com\/products\/automated-machines\/"]}]},{"@type":"BreadcrumbList","@id":"https:\/\/www.fusion-inc.com\/products\/automated-machines\/#breadcrumb","itemListElement":[{"@type":"ListItem","position":1,"name":"Home","item":"https:\/\/www.fusion-inc.com\/es\/"},{"@type":"ListItem","position":2,"name":"M\u00e1quinas para la automatizaci\u00f3n de la soldadura de alta y baja temperatura"}]},{"@type":"WebSite","@id":"https:\/\/www.fusion-inc.com\/#website","url":"https:\/\/www.fusion-inc.com\/","name":"Fusion, Inc.","description":"","potentialAction":[{"@type":"SearchAction","target":{"@type":"EntryPoint","urlTemplate":"https:\/\/www.fusion-inc.com\/?s={search_term_string}"},"query-input":{"@type":"PropertyValueSpecification","valueRequired":true,"valueName":"search_term_string"}}],"inLanguage":"es"}]}},"_links":{"self":[{"href":"https:\/\/www.fusion-inc.com\/es\/wp-json\/wp\/v2\/pages\/4659","targetHints":{"allow":["GET"]}}],"collection":[{"href":"https:\/\/www.fusion-inc.com\/es\/wp-json\/wp\/v2\/pages"}],"about":[{"href":"https:\/\/www.fusion-inc.com\/es\/wp-json\/wp\/v2\/types\/page"}],"author":[{"embeddable":true,"href":"https:\/\/www.fusion-inc.com\/es\/wp-json\/wp\/v2\/users\/26"}],"replies":[{"embeddable":true,"href":"https:\/\/www.fusion-inc.com\/es\/wp-json\/wp\/v2\/comments?post=4659"}],"version-history":[{"count":0,"href":"https:\/\/www.fusion-inc.com\/es\/wp-json\/wp\/v2\/pages\/4659\/revisions"}],"wp:attachment":[{"href":"https:\/\/www.fusion-inc.com\/es\/wp-json\/wp\/v2\/media?parent=4659"}],"curies":[{"name":"wp","href":"https:\/\/api.w.org\/{rel}","templated":true}]}}