{"id":4951,"date":"2024-01-29T14:01:43","date_gmt":"2024-01-29T14:01:43","guid":{"rendered":"https:\/\/fusioninc.wpengine.com\/?page_id=4951"},"modified":"2024-01-31T15:36:10","modified_gmt":"2024-01-31T15:36:10","slug":"anwendungsvideos","status":"publish","type":"page","link":"https:\/\/www.fusion-inc.com\/de\/anwendungsvideos\/","title":{"rendered":"Anwendungsvideos"},"content":{"rendered":"<div class=\"alignright\"><a href=\"\/resources\/pictures-videos\/\" target=\"_blank\" rel=\"noopener\"><img decoding=\"async\" src=\"\/wp-content\/uploads\/fusion-videos-300x243-1.png\" alt=\"Fusion Videos\" title=\"Fusion Videos\"><\/a><\/div>\n<p>Die Fusion Anwendungsvideos bieten Ihnen eine visuelle Einf\u00fchrung unserer Produkte im Bereich Lotpasten, Dosierger\u00e4te und Equipment. Erleben Sie in unserer Vorschau die Vorteile, die mit der Fusion Technologie beim L\u00f6ten erreicht werden k\u00f6nnen. Diese Videos zeigen nur kleine Auswahl der Anwendungsm\u00f6glichkeiten und Branchen die wir bedienen, wie die Automobil- und Elektroindustrie, Sanit\u00e4rbereich, Klimatisierung, Brandschutz, Musikinstrumente, Juwelierwaren, u.s.w. Besuchen Sie uns regelm\u00e4\u00dfig um die neuesten Video Updates anzuschauen.<\/p>\n<p>Fusion steht Ihnen lokal und weltweit zur Verf\u00fcgung. <a href=\"\/worldwide\/#germany\">Bitte kontaktieren Sie uns<\/a>, oder <a href=\"\/de\/request-for-quote-german\/\">beschreiben Sie uns ihre Anfrage hier<\/a>.<\/p>\n<p><a href=\"\/resources\/pictures-videos\/\" target=\"_blank\" rel=\"noopener\">ANWENDUNGSVIDEOS >><\/a><\/p>\n","protected":false},"excerpt":{"rendered":"<p>Die Fusion Anwendungsvideos bieten Ihnen eine visuelle Einf\u00fchrung unserer Produkte im Bereich Lotpasten, Dosierger\u00e4te und Equipment. Erleben Sie in unserer Vorschau die Vorteile, die mit der Fusion Technologie beim L\u00f6ten erreicht werden k\u00f6nnen. Diese Videos zeigen nur kleine Auswahl der Anwendungsm\u00f6glichkeiten und Branchen die wir bedienen, wie die Automobil- und Elektroindustrie, Sanit\u00e4rbereich, Klimatisierung, Brandschutz, Musikinstrumente,&#8230; [&#8230;]<\/p>\n<p><a class=\"btn btn-secondary understrap-read-more-link\" href=\"https:\/\/www.fusion-inc.com\/de\/anwendungsvideos\/\">Weiterlesen&#8230;<\/a><\/p>\n","protected":false},"author":26,"featured_media":0,"parent":0,"menu_order":0,"comment_status":"closed","ping_status":"closed","template":"","meta":{"_acf_changed":false,"inline_featured_image":false,"footnotes":""},"class_list":["post-4951","page","type-page","status-publish","hentry"],"acf":[],"yoast_head":"<!-- This site is optimized with the Yoast SEO plugin v27.6 - https:\/\/yoast.com\/product\/yoast-seo-wordpress\/ -->\n<title>Anwendungsvideos - Fusion, Inc.<\/title>\n<meta name=\"robots\" content=\"index, follow, max-snippet:-1, max-image-preview:large, max-video-preview:-1\" \/>\n<link rel=\"canonical\" href=\"https:\/\/www.fusion-inc.com\/de\/anwendungsvideos\/\" \/>\n<meta property=\"og:locale\" content=\"de_DE\" \/>\n<meta property=\"og:type\" content=\"article\" \/>\n<meta property=\"og:title\" content=\"Anwendungsvideos - Fusion, Inc.\" \/>\n<meta property=\"og:description\" content=\"Die Fusion Anwendungsvideos bieten Ihnen eine visuelle Einf\u00fchrung unserer Produkte im Bereich Lotpasten, Dosierger\u00e4te und Equipment. Erleben Sie in unserer Vorschau die Vorteile, die mit der Fusion Technologie beim L\u00f6ten erreicht werden k\u00f6nnen. Diese Videos zeigen nur kleine Auswahl der Anwendungsm\u00f6glichkeiten und Branchen die wir bedienen, wie die Automobil- und Elektroindustrie, Sanit\u00e4rbereich, Klimatisierung, Brandschutz, Musikinstrumente,... [...]Weiterlesen...\" \/>\n<meta property=\"og:url\" content=\"https:\/\/www.fusion-inc.com\/de\/anwendungsvideos\/\" \/>\n<meta property=\"og:site_name\" content=\"Fusion, Inc.\" \/>\n<meta property=\"article:modified_time\" content=\"2024-01-31T15:36:10+00:00\" \/>\n<meta name=\"twitter:label1\" content=\"Gesch\u00e4tzte Lesezeit\" \/>\n\t<meta name=\"twitter:data1\" content=\"1 Minute\" \/>\n<script type=\"application\/ld+json\" class=\"yoast-schema-graph\">{\"@context\":\"https:\\\/\\\/schema.org\",\"@graph\":[{\"@type\":\"WebPage\",\"@id\":\"https:\\\/\\\/www.fusion-inc.com\\\/de\\\/anwendungsvideos\\\/\",\"url\":\"https:\\\/\\\/www.fusion-inc.com\\\/de\\\/anwendungsvideos\\\/\",\"name\":\"Anwendungsvideos - Fusion, Inc.\",\"isPartOf\":{\"@id\":\"https:\\\/\\\/www.fusion-inc.com\\\/#website\"},\"datePublished\":\"2024-01-29T14:01:43+00:00\",\"dateModified\":\"2024-01-31T15:36:10+00:00\",\"breadcrumb\":{\"@id\":\"https:\\\/\\\/www.fusion-inc.com\\\/de\\\/anwendungsvideos\\\/#breadcrumb\"},\"inLanguage\":\"de-DE\",\"potentialAction\":[{\"@type\":\"ReadAction\",\"target\":[\"https:\\\/\\\/www.fusion-inc.com\\\/de\\\/anwendungsvideos\\\/\"]}]},{\"@type\":\"BreadcrumbList\",\"@id\":\"https:\\\/\\\/www.fusion-inc.com\\\/de\\\/anwendungsvideos\\\/#breadcrumb\",\"itemListElement\":[{\"@type\":\"ListItem\",\"position\":1,\"name\":\"Home\",\"item\":\"https:\\\/\\\/www.fusion-inc.com\\\/de\\\/\"},{\"@type\":\"ListItem\",\"position\":2,\"name\":\"Anwendungsvideos\"}]},{\"@type\":\"WebSite\",\"@id\":\"https:\\\/\\\/www.fusion-inc.com\\\/#website\",\"url\":\"https:\\\/\\\/www.fusion-inc.com\\\/\",\"name\":\"Fusion, Inc.\",\"description\":\"\",\"potentialAction\":[{\"@type\":\"SearchAction\",\"target\":{\"@type\":\"EntryPoint\",\"urlTemplate\":\"https:\\\/\\\/www.fusion-inc.com\\\/?s={search_term_string}\"},\"query-input\":{\"@type\":\"PropertyValueSpecification\",\"valueRequired\":true,\"valueName\":\"search_term_string\"}}],\"inLanguage\":\"de-DE\"}]}<\/script>\n<!-- \/ Yoast SEO plugin. -->","yoast_head_json":{"title":"Anwendungsvideos - Fusion, Inc.","robots":{"index":"index","follow":"follow","max-snippet":"max-snippet:-1","max-image-preview":"max-image-preview:large","max-video-preview":"max-video-preview:-1"},"canonical":"https:\/\/www.fusion-inc.com\/de\/anwendungsvideos\/","og_locale":"de_DE","og_type":"article","og_title":"Anwendungsvideos - Fusion, Inc.","og_description":"Die Fusion Anwendungsvideos bieten Ihnen eine visuelle Einf\u00fchrung unserer Produkte im Bereich Lotpasten, Dosierger\u00e4te und Equipment. Erleben Sie in unserer Vorschau die Vorteile, die mit der Fusion Technologie beim L\u00f6ten erreicht werden k\u00f6nnen. Diese Videos zeigen nur kleine Auswahl der Anwendungsm\u00f6glichkeiten und Branchen die wir bedienen, wie die Automobil- und Elektroindustrie, Sanit\u00e4rbereich, Klimatisierung, Brandschutz, Musikinstrumente,... [...]Weiterlesen...","og_url":"https:\/\/www.fusion-inc.com\/de\/anwendungsvideos\/","og_site_name":"Fusion, Inc.","article_modified_time":"2024-01-31T15:36:10+00:00","twitter_misc":{"Gesch\u00e4tzte Lesezeit":"1 Minute"},"schema":{"@context":"https:\/\/schema.org","@graph":[{"@type":"WebPage","@id":"https:\/\/www.fusion-inc.com\/de\/anwendungsvideos\/","url":"https:\/\/www.fusion-inc.com\/de\/anwendungsvideos\/","name":"Anwendungsvideos - Fusion, Inc.","isPartOf":{"@id":"https:\/\/www.fusion-inc.com\/#website"},"datePublished":"2024-01-29T14:01:43+00:00","dateModified":"2024-01-31T15:36:10+00:00","breadcrumb":{"@id":"https:\/\/www.fusion-inc.com\/de\/anwendungsvideos\/#breadcrumb"},"inLanguage":"de-DE","potentialAction":[{"@type":"ReadAction","target":["https:\/\/www.fusion-inc.com\/de\/anwendungsvideos\/"]}]},{"@type":"BreadcrumbList","@id":"https:\/\/www.fusion-inc.com\/de\/anwendungsvideos\/#breadcrumb","itemListElement":[{"@type":"ListItem","position":1,"name":"Home","item":"https:\/\/www.fusion-inc.com\/de\/"},{"@type":"ListItem","position":2,"name":"Anwendungsvideos"}]},{"@type":"WebSite","@id":"https:\/\/www.fusion-inc.com\/#website","url":"https:\/\/www.fusion-inc.com\/","name":"Fusion, Inc.","description":"","potentialAction":[{"@type":"SearchAction","target":{"@type":"EntryPoint","urlTemplate":"https:\/\/www.fusion-inc.com\/?s={search_term_string}"},"query-input":{"@type":"PropertyValueSpecification","valueRequired":true,"valueName":"search_term_string"}}],"inLanguage":"de-DE"}]}},"_links":{"self":[{"href":"https:\/\/www.fusion-inc.com\/de\/wp-json\/wp\/v2\/pages\/4951","targetHints":{"allow":["GET"]}}],"collection":[{"href":"https:\/\/www.fusion-inc.com\/de\/wp-json\/wp\/v2\/pages"}],"about":[{"href":"https:\/\/www.fusion-inc.com\/de\/wp-json\/wp\/v2\/types\/page"}],"author":[{"embeddable":true,"href":"https:\/\/www.fusion-inc.com\/de\/wp-json\/wp\/v2\/users\/26"}],"replies":[{"embeddable":true,"href":"https:\/\/www.fusion-inc.com\/de\/wp-json\/wp\/v2\/comments?post=4951"}],"version-history":[{"count":0,"href":"https:\/\/www.fusion-inc.com\/de\/wp-json\/wp\/v2\/pages\/4951\/revisions"}],"wp:attachment":[{"href":"https:\/\/www.fusion-inc.com\/de\/wp-json\/wp\/v2\/media?parent=4951"}],"curies":[{"name":"wp","href":"https:\/\/api.w.org\/{rel}","templated":true}]}}