{"id":4940,"date":"2024-01-23T13:29:00","date_gmt":"2024-01-23T13:29:00","guid":{"rendered":"https:\/\/fusioninc.wpengine.com\/?page_id=4940"},"modified":"2024-01-30T13:28:45","modified_gmt":"2024-01-30T13:28:45","slug":"brazing-soldering-machines","status":"publish","type":"page","link":"https:\/\/www.fusion-inc.com\/de\/brazing-soldering-machines\/","title":{"rendered":"Automatische L\u00f6tmaschinen"},"content":{"rendered":"<p>Die Technologie der automatischen L\u00f6tmaschinen von Fusion erm\u00f6glicht eine Senkung der L\u00f6tkosten und des Produktionsausschusses, bei gleichzeitiger Verbesserung des Fugenbildes.<\/p>\n<p>W\u00e4hrend der Anwendung f\u00fcgt die Maschine automatisch Zusatzwerkstoffe und Flussmittel bei, und kontrolliert das Erhitzen und Abk\u00fchlen des Materials.<br \/>\nRohstoffkosten werden durch den Einsatz von automatischen L\u00f6tmaschinen reduziert, da Lotmaterialien und Flussmittel automatisch in kontrollierten Mengen beigef\u00fcgt werden. Arbeitskosten werden deutlich gesenkt, da ein Arbeiter gr\u00f6\u00dfere Mengen von Montageteilen pro Stunden bearbeiten kann.<\/p>\n<ul>\n<li><strong>Einzelstation \u201eBraze Mate\u201c<\/strong> \u2013 ideale L\u00f6tmaschine f\u00fcr Anwendungen mit geringem Volumen oder Kleinserienfertigung verschiedener Teiletypen.<\/li>\n<li><strong>Rotary Index<\/strong> \u2013 bef\u00f6rdert fixierte Teile in kurzen Intervallen durch den Prozess des L\u00f6tens und Erhitzens\/Abk\u00fchlens<\/li>\n<li><strong>Induktions<\/strong> \u2013 L\u00f6tmaschine- elektrisch betrieben, Induktion als Alternative zum Erhitzen durch Flamme<\/li>\n<li><strong>Induktions<\/strong> \u2013 und Schutzgasl\u00f6ten-gute Alternative zum Ofenl\u00f6ten von Stahl und Edelstahl<\/li>\n<li><strong>Wire feed<\/strong> \u2013 Alternative zum L\u00f6ten mit Lotpasten, besonders n\u00fctzlich f\u00fcr spezielle Fugendesigns.<\/li>\n<\/ul>\n<p>Fusion bietet aus einer Hand Lotpasten, Lotmaterialien und Flussmittel, Dosierger\u00e4te und Equipment zum automatischen Hart- und Weichl\u00f6ten. Fusion steht Ihnen lokal und weltweit zur Verf\u00fcgung. <a href=\"\/worldwide\/#germany\">Bitte kontaktieren Sie uns<\/a>, oder <a href=\"\/de\/request-for-quote-german\/\">beschreiben Sie uns ihre Anfrage hier<\/a>.<\/p>\n","protected":false},"excerpt":{"rendered":"<p>Die Technologie der automatischen L\u00f6tmaschinen von Fusion erm\u00f6glicht eine Senkung der L\u00f6tkosten und des Produktionsausschusses, bei gleichzeitiger Verbesserung des Fugenbildes. W\u00e4hrend der Anwendung f\u00fcgt die Maschine automatisch Zusatzwerkstoffe und Flussmittel bei, und kontrolliert das Erhitzen und Abk\u00fchlen des Materials. Rohstoffkosten werden durch den Einsatz von automatischen L\u00f6tmaschinen reduziert, da Lotmaterialien und Flussmittel automatisch in kontrollierten&#8230; [&#8230;]<\/p>\n<p><a class=\"btn btn-secondary understrap-read-more-link\" href=\"https:\/\/www.fusion-inc.com\/de\/brazing-soldering-machines\/\">Weiterlesen&#8230;<\/a><\/p>\n","protected":false},"author":26,"featured_media":0,"parent":0,"menu_order":0,"comment_status":"closed","ping_status":"closed","template":"page-templates\/destination-content.php","meta":{"_acf_changed":false,"inline_featured_image":false,"footnotes":""},"class_list":["post-4940","page","type-page","status-publish","hentry"],"acf":[],"yoast_head":"<!-- This site is optimized with the Yoast SEO plugin v27.3 - https:\/\/yoast.com\/product\/yoast-seo-wordpress\/ -->\n<title>Automatische L\u00f6tmaschinen - Fusion, Inc.<\/title>\n<meta name=\"robots\" content=\"index, follow, max-snippet:-1, max-image-preview:large, max-video-preview:-1\" \/>\n<link rel=\"canonical\" href=\"https:\/\/www.fusion-inc.com\/products\/automated-machines\/\" \/>\n<meta property=\"og:locale\" content=\"de_DE\" \/>\n<meta property=\"og:type\" content=\"article\" \/>\n<meta property=\"og:title\" content=\"Automatische L\u00f6tmaschinen - Fusion, Inc.\" \/>\n<meta property=\"og:description\" content=\"Die Technologie der automatischen L\u00f6tmaschinen von Fusion erm\u00f6glicht eine Senkung der L\u00f6tkosten und des Produktionsausschusses, bei gleichzeitiger Verbesserung des Fugenbildes. W\u00e4hrend der Anwendung f\u00fcgt die Maschine automatisch Zusatzwerkstoffe und Flussmittel bei, und kontrolliert das Erhitzen und Abk\u00fchlen des Materials. Rohstoffkosten werden durch den Einsatz von automatischen L\u00f6tmaschinen reduziert, da Lotmaterialien und Flussmittel automatisch in kontrollierten... [...]Weiterlesen...\" \/>\n<meta property=\"og:url\" content=\"https:\/\/www.fusion-inc.com\/products\/automated-machines\/\" \/>\n<meta property=\"og:site_name\" content=\"Fusion, Inc.\" \/>\n<meta property=\"article:modified_time\" content=\"2024-01-30T13:28:45+00:00\" \/>\n<meta name=\"twitter:label1\" content=\"Gesch\u00e4tzte Lesezeit\" \/>\n\t<meta name=\"twitter:data1\" content=\"1 Minute\" \/>\n<script type=\"application\/ld+json\" class=\"yoast-schema-graph\">{\"@context\":\"https:\\\/\\\/schema.org\",\"@graph\":[{\"@type\":\"WebPage\",\"@id\":\"https:\\\/\\\/www.fusion-inc.com\\\/products\\\/automated-machines\\\/\",\"url\":\"https:\\\/\\\/www.fusion-inc.com\\\/products\\\/automated-machines\\\/\",\"name\":\"Automatische L\u00f6tmaschinen - Fusion, Inc.\",\"isPartOf\":{\"@id\":\"https:\\\/\\\/www.fusion-inc.com\\\/#website\"},\"datePublished\":\"2024-01-23T13:29:00+00:00\",\"dateModified\":\"2024-01-30T13:28:45+00:00\",\"breadcrumb\":{\"@id\":\"https:\\\/\\\/www.fusion-inc.com\\\/products\\\/automated-machines\\\/#breadcrumb\"},\"inLanguage\":\"de-DE\",\"potentialAction\":[{\"@type\":\"ReadAction\",\"target\":[\"https:\\\/\\\/www.fusion-inc.com\\\/products\\\/automated-machines\\\/\"]}]},{\"@type\":\"BreadcrumbList\",\"@id\":\"https:\\\/\\\/www.fusion-inc.com\\\/products\\\/automated-machines\\\/#breadcrumb\",\"itemListElement\":[{\"@type\":\"ListItem\",\"position\":1,\"name\":\"Home\",\"item\":\"https:\\\/\\\/www.fusion-inc.com\\\/de\\\/\"},{\"@type\":\"ListItem\",\"position\":2,\"name\":\"Automatische L\u00f6tmaschinen\"}]},{\"@type\":\"WebSite\",\"@id\":\"https:\\\/\\\/www.fusion-inc.com\\\/#website\",\"url\":\"https:\\\/\\\/www.fusion-inc.com\\\/\",\"name\":\"Fusion, Inc.\",\"description\":\"\",\"potentialAction\":[{\"@type\":\"SearchAction\",\"target\":{\"@type\":\"EntryPoint\",\"urlTemplate\":\"https:\\\/\\\/www.fusion-inc.com\\\/?s={search_term_string}\"},\"query-input\":{\"@type\":\"PropertyValueSpecification\",\"valueRequired\":true,\"valueName\":\"search_term_string\"}}],\"inLanguage\":\"de-DE\"}]}<\/script>\n<!-- \/ Yoast SEO plugin. -->","yoast_head_json":{"title":"Automatische L\u00f6tmaschinen - Fusion, Inc.","robots":{"index":"index","follow":"follow","max-snippet":"max-snippet:-1","max-image-preview":"max-image-preview:large","max-video-preview":"max-video-preview:-1"},"canonical":"https:\/\/www.fusion-inc.com\/products\/automated-machines\/","og_locale":"de_DE","og_type":"article","og_title":"Automatische L\u00f6tmaschinen - Fusion, Inc.","og_description":"Die Technologie der automatischen L\u00f6tmaschinen von Fusion erm\u00f6glicht eine Senkung der L\u00f6tkosten und des Produktionsausschusses, bei gleichzeitiger Verbesserung des Fugenbildes. W\u00e4hrend der Anwendung f\u00fcgt die Maschine automatisch Zusatzwerkstoffe und Flussmittel bei, und kontrolliert das Erhitzen und Abk\u00fchlen des Materials. Rohstoffkosten werden durch den Einsatz von automatischen L\u00f6tmaschinen reduziert, da Lotmaterialien und Flussmittel automatisch in kontrollierten... [...]Weiterlesen...","og_url":"https:\/\/www.fusion-inc.com\/products\/automated-machines\/","og_site_name":"Fusion, Inc.","article_modified_time":"2024-01-30T13:28:45+00:00","twitter_misc":{"Gesch\u00e4tzte Lesezeit":"1 Minute"},"schema":{"@context":"https:\/\/schema.org","@graph":[{"@type":"WebPage","@id":"https:\/\/www.fusion-inc.com\/products\/automated-machines\/","url":"https:\/\/www.fusion-inc.com\/products\/automated-machines\/","name":"Automatische L\u00f6tmaschinen - Fusion, Inc.","isPartOf":{"@id":"https:\/\/www.fusion-inc.com\/#website"},"datePublished":"2024-01-23T13:29:00+00:00","dateModified":"2024-01-30T13:28:45+00:00","breadcrumb":{"@id":"https:\/\/www.fusion-inc.com\/products\/automated-machines\/#breadcrumb"},"inLanguage":"de-DE","potentialAction":[{"@type":"ReadAction","target":["https:\/\/www.fusion-inc.com\/products\/automated-machines\/"]}]},{"@type":"BreadcrumbList","@id":"https:\/\/www.fusion-inc.com\/products\/automated-machines\/#breadcrumb","itemListElement":[{"@type":"ListItem","position":1,"name":"Home","item":"https:\/\/www.fusion-inc.com\/de\/"},{"@type":"ListItem","position":2,"name":"Automatische L\u00f6tmaschinen"}]},{"@type":"WebSite","@id":"https:\/\/www.fusion-inc.com\/#website","url":"https:\/\/www.fusion-inc.com\/","name":"Fusion, Inc.","description":"","potentialAction":[{"@type":"SearchAction","target":{"@type":"EntryPoint","urlTemplate":"https:\/\/www.fusion-inc.com\/?s={search_term_string}"},"query-input":{"@type":"PropertyValueSpecification","valueRequired":true,"valueName":"search_term_string"}}],"inLanguage":"de-DE"}]}},"_links":{"self":[{"href":"https:\/\/www.fusion-inc.com\/de\/wp-json\/wp\/v2\/pages\/4940","targetHints":{"allow":["GET"]}}],"collection":[{"href":"https:\/\/www.fusion-inc.com\/de\/wp-json\/wp\/v2\/pages"}],"about":[{"href":"https:\/\/www.fusion-inc.com\/de\/wp-json\/wp\/v2\/types\/page"}],"author":[{"embeddable":true,"href":"https:\/\/www.fusion-inc.com\/de\/wp-json\/wp\/v2\/users\/26"}],"replies":[{"embeddable":true,"href":"https:\/\/www.fusion-inc.com\/de\/wp-json\/wp\/v2\/comments?post=4940"}],"version-history":[{"count":0,"href":"https:\/\/www.fusion-inc.com\/de\/wp-json\/wp\/v2\/pages\/4940\/revisions"}],"wp:attachment":[{"href":"https:\/\/www.fusion-inc.com\/de\/wp-json\/wp\/v2\/media?parent=4940"}],"curies":[{"name":"wp","href":"https:\/\/api.w.org\/{rel}","templated":true}]}}