{"id":4911,"date":"2024-01-23T11:28:37","date_gmt":"2024-01-23T11:28:37","guid":{"rendered":"https:\/\/fusioninc.wpengine.com\/?page_id=4911"},"modified":"2024-01-31T15:45:15","modified_gmt":"2024-01-31T15:45:15","slug":"paste-filler-metal","status":"publish","type":"page","link":"https:\/\/www.fusion-inc.com\/de\/paste-filler-metal\/","title":{"rendered":"Hart-und Weichlotpasten &#038; Zusatzwerkstoffe"},"content":{"rendered":"<div class=\"alignright\"><a class=\"lightbox\" href=\"\/wp-content\/uploads\/fillerTopPic.jpg\"><img decoding=\"async\" src=\"\/wp-content\/uploads\/fillerTopPic.jpg\" alt=\"Paste Filler Metals \" title=\"Paste Filler Metals \"><\/a><\/div>\n<p>Fusion bietet ein breites Spektrum an Hart-und Weichlotpasten und Zusatzwerkstoffen f\u00fcr verschiedene Anwendungsm\u00f6glichkeiten. Fusion Hart- und Weichlotpasten-Rezepturen bestehen aus zerst\u00e4ubtem Metallpulver, Flussmittel und Lotpastenbindemittel, vermengt in einer homogenen Verbindung. Jede dieser Elemente hat eine spezielle Funktion bei der Vermischung mit einer Fusion Lotlegierung. Diese Pasten f\u00fcr das L\u00f6ten von Metall eignen sich f\u00fcr eine gro\u00dfe Auswahl von Fugen-Konfigurationen. Unsere Dosierger\u00e4te erm\u00f6glichen dem Benutzer ein kontrolliertes Auftragen der Lotpasten, bei hoher Fugenqualit\u00e4t und Kostenersparnis. Die Eigenschaften der Lotpasten, wie Viskosit\u00e4t und Flie\u00dff\u00e4higkeit, k\u00f6nnen ebenfalls kontrolliert werden.<\/p>\n<p>Die Fusion Produktlinie enth\u00e4lt eine gro\u00dfe Auswahl an Hart- und Weichlot-Zusatzwerkstoffen, Silber-, Phosphor-, Kupfer-, Nickel- und Aluminiumgemischen f\u00fcr ein breites Anwendungsgebiet. Zusatzwerkstoffe und Lotflussmaterialien sind erh\u00e4ltlich zum L\u00f6ten von Stahl, Edelstahl, Messing, Kupfer und Aluminium, so wie Karbid- und Stahl-Anwendungen. Hart- und Weichlot Metallpulver kann innerhalb einer Mengenskala justiert werden, um die beste Balance von Leistung und Kosteneffizienz zu erzielen.<\/p>\n<p>Fusion bietet aus einer Hand Lotpasten, Metallpulver und Flussmittel, Dosierger\u00e4te und automatische Lotmaschinen.<\/p>\n<p><a href=\"\/wp-content\/uploads\/PasteBrazing-Soldering-Alloys.pdf\" target=\"_blank\" rel=\"noopener\"><img decoding=\"async\" src=\"\/wp-content\/uploads\/filler-metals-pdf-thumb.jpg\" alt=\"Filler Metals Pdf Thumb\" \ntitle=\"Filler Metals Pdf Thumb\" class=\"pdf_icon\"><br \/>Download PDF >><\/a><\/p>\n<p>Fusion steht Ihnen lokal und weltweit zur Verf\u00fcgung. <a href=\"\/worldwide\/#germany\">Bitte kontaktieren Sie uns<\/a>, oder <a href=\"\/de\/request-for-quote-german\/\">beschreiben Sie uns ihre Anfrage hier<\/a>.<\/p>\n","protected":false},"excerpt":{"rendered":"<p>Fusion bietet ein breites Spektrum an Hart-und Weichlotpasten und Zusatzwerkstoffen f\u00fcr verschiedene Anwendungsm\u00f6glichkeiten. Fusion Hart- und Weichlotpasten-Rezepturen bestehen aus zerst\u00e4ubtem Metallpulver, Flussmittel und Lotpastenbindemittel, vermengt in einer homogenen Verbindung. Jede dieser Elemente hat eine spezielle Funktion bei der Vermischung mit einer Fusion Lotlegierung. Diese Pasten f\u00fcr das L\u00f6ten von Metall eignen sich f\u00fcr eine gro\u00dfe&#8230; [&#8230;]<\/p>\n<p><a class=\"btn btn-secondary understrap-read-more-link\" href=\"https:\/\/www.fusion-inc.com\/de\/paste-filler-metal\/\">Weiterlesen&#8230;<\/a><\/p>\n","protected":false},"author":26,"featured_media":0,"parent":0,"menu_order":0,"comment_status":"closed","ping_status":"closed","template":"page-templates\/destination-content.php","meta":{"_acf_changed":false,"inline_featured_image":false,"footnotes":""},"class_list":["post-4911","page","type-page","status-publish","hentry"],"acf":[],"yoast_head":"<!-- This site is optimized with the Yoast SEO plugin v27.3 - https:\/\/yoast.com\/product\/yoast-seo-wordpress\/ -->\n<title>Hart-und Weichlotpasten &amp; Zusatzwerkstoffe - Fusion, Inc.<\/title>\n<meta name=\"robots\" content=\"index, follow, max-snippet:-1, max-image-preview:large, max-video-preview:-1\" \/>\n<link rel=\"canonical\" href=\"https:\/\/www.fusion-inc.com\/products\/brazing-paste\/filler-metals\/\" \/>\n<meta property=\"og:locale\" content=\"de_DE\" \/>\n<meta property=\"og:type\" content=\"article\" \/>\n<meta property=\"og:title\" content=\"Hart-und Weichlotpasten &amp; Zusatzwerkstoffe - Fusion, Inc.\" \/>\n<meta property=\"og:description\" content=\"Fusion bietet ein breites Spektrum an Hart-und Weichlotpasten und Zusatzwerkstoffen f\u00fcr verschiedene Anwendungsm\u00f6glichkeiten. Fusion Hart- und Weichlotpasten-Rezepturen bestehen aus zerst\u00e4ubtem Metallpulver, Flussmittel und Lotpastenbindemittel, vermengt in einer homogenen Verbindung. Jede dieser Elemente hat eine spezielle Funktion bei der Vermischung mit einer Fusion Lotlegierung. Diese Pasten f\u00fcr das L\u00f6ten von Metall eignen sich f\u00fcr eine gro\u00dfe... [...]Weiterlesen...\" \/>\n<meta property=\"og:url\" content=\"https:\/\/www.fusion-inc.com\/products\/brazing-paste\/filler-metals\/\" \/>\n<meta property=\"og:site_name\" content=\"Fusion, Inc.\" \/>\n<meta property=\"article:modified_time\" content=\"2024-01-31T15:45:15+00:00\" \/>\n<meta name=\"twitter:label1\" content=\"Gesch\u00e4tzte Lesezeit\" \/>\n\t<meta name=\"twitter:data1\" content=\"2 Minuten\" \/>\n<script type=\"application\/ld+json\" class=\"yoast-schema-graph\">{\"@context\":\"https:\\\/\\\/schema.org\",\"@graph\":[{\"@type\":\"WebPage\",\"@id\":\"https:\\\/\\\/www.fusion-inc.com\\\/products\\\/brazing-paste\\\/filler-metals\\\/\",\"url\":\"https:\\\/\\\/www.fusion-inc.com\\\/products\\\/brazing-paste\\\/filler-metals\\\/\",\"name\":\"Hart-und Weichlotpasten & Zusatzwerkstoffe - Fusion, Inc.\",\"isPartOf\":{\"@id\":\"https:\\\/\\\/www.fusion-inc.com\\\/#website\"},\"datePublished\":\"2024-01-23T11:28:37+00:00\",\"dateModified\":\"2024-01-31T15:45:15+00:00\",\"breadcrumb\":{\"@id\":\"https:\\\/\\\/www.fusion-inc.com\\\/products\\\/brazing-paste\\\/filler-metals\\\/#breadcrumb\"},\"inLanguage\":\"de-DE\",\"potentialAction\":[{\"@type\":\"ReadAction\",\"target\":[\"https:\\\/\\\/www.fusion-inc.com\\\/products\\\/brazing-paste\\\/filler-metals\\\/\"]}]},{\"@type\":\"BreadcrumbList\",\"@id\":\"https:\\\/\\\/www.fusion-inc.com\\\/products\\\/brazing-paste\\\/filler-metals\\\/#breadcrumb\",\"itemListElement\":[{\"@type\":\"ListItem\",\"position\":1,\"name\":\"Home\",\"item\":\"https:\\\/\\\/www.fusion-inc.com\\\/de\\\/\"},{\"@type\":\"ListItem\",\"position\":2,\"name\":\"Hart-und Weichlotpasten &#038; Zusatzwerkstoffe\"}]},{\"@type\":\"WebSite\",\"@id\":\"https:\\\/\\\/www.fusion-inc.com\\\/#website\",\"url\":\"https:\\\/\\\/www.fusion-inc.com\\\/\",\"name\":\"Fusion, Inc.\",\"description\":\"\",\"potentialAction\":[{\"@type\":\"SearchAction\",\"target\":{\"@type\":\"EntryPoint\",\"urlTemplate\":\"https:\\\/\\\/www.fusion-inc.com\\\/?s={search_term_string}\"},\"query-input\":{\"@type\":\"PropertyValueSpecification\",\"valueRequired\":true,\"valueName\":\"search_term_string\"}}],\"inLanguage\":\"de-DE\"}]}<\/script>\n<!-- \/ Yoast SEO plugin. -->","yoast_head_json":{"title":"Hart-und Weichlotpasten & Zusatzwerkstoffe - Fusion, Inc.","robots":{"index":"index","follow":"follow","max-snippet":"max-snippet:-1","max-image-preview":"max-image-preview:large","max-video-preview":"max-video-preview:-1"},"canonical":"https:\/\/www.fusion-inc.com\/products\/brazing-paste\/filler-metals\/","og_locale":"de_DE","og_type":"article","og_title":"Hart-und Weichlotpasten & Zusatzwerkstoffe - Fusion, Inc.","og_description":"Fusion bietet ein breites Spektrum an Hart-und Weichlotpasten und Zusatzwerkstoffen f\u00fcr verschiedene Anwendungsm\u00f6glichkeiten. Fusion Hart- und Weichlotpasten-Rezepturen bestehen aus zerst\u00e4ubtem Metallpulver, Flussmittel und Lotpastenbindemittel, vermengt in einer homogenen Verbindung. Jede dieser Elemente hat eine spezielle Funktion bei der Vermischung mit einer Fusion Lotlegierung. Diese Pasten f\u00fcr das L\u00f6ten von Metall eignen sich f\u00fcr eine gro\u00dfe... [...]Weiterlesen...","og_url":"https:\/\/www.fusion-inc.com\/products\/brazing-paste\/filler-metals\/","og_site_name":"Fusion, Inc.","article_modified_time":"2024-01-31T15:45:15+00:00","twitter_misc":{"Gesch\u00e4tzte Lesezeit":"2 Minuten"},"schema":{"@context":"https:\/\/schema.org","@graph":[{"@type":"WebPage","@id":"https:\/\/www.fusion-inc.com\/products\/brazing-paste\/filler-metals\/","url":"https:\/\/www.fusion-inc.com\/products\/brazing-paste\/filler-metals\/","name":"Hart-und Weichlotpasten & Zusatzwerkstoffe - Fusion, Inc.","isPartOf":{"@id":"https:\/\/www.fusion-inc.com\/#website"},"datePublished":"2024-01-23T11:28:37+00:00","dateModified":"2024-01-31T15:45:15+00:00","breadcrumb":{"@id":"https:\/\/www.fusion-inc.com\/products\/brazing-paste\/filler-metals\/#breadcrumb"},"inLanguage":"de-DE","potentialAction":[{"@type":"ReadAction","target":["https:\/\/www.fusion-inc.com\/products\/brazing-paste\/filler-metals\/"]}]},{"@type":"BreadcrumbList","@id":"https:\/\/www.fusion-inc.com\/products\/brazing-paste\/filler-metals\/#breadcrumb","itemListElement":[{"@type":"ListItem","position":1,"name":"Home","item":"https:\/\/www.fusion-inc.com\/de\/"},{"@type":"ListItem","position":2,"name":"Hart-und Weichlotpasten &#038; Zusatzwerkstoffe"}]},{"@type":"WebSite","@id":"https:\/\/www.fusion-inc.com\/#website","url":"https:\/\/www.fusion-inc.com\/","name":"Fusion, Inc.","description":"","potentialAction":[{"@type":"SearchAction","target":{"@type":"EntryPoint","urlTemplate":"https:\/\/www.fusion-inc.com\/?s={search_term_string}"},"query-input":{"@type":"PropertyValueSpecification","valueRequired":true,"valueName":"search_term_string"}}],"inLanguage":"de-DE"}]}},"_links":{"self":[{"href":"https:\/\/www.fusion-inc.com\/de\/wp-json\/wp\/v2\/pages\/4911","targetHints":{"allow":["GET"]}}],"collection":[{"href":"https:\/\/www.fusion-inc.com\/de\/wp-json\/wp\/v2\/pages"}],"about":[{"href":"https:\/\/www.fusion-inc.com\/de\/wp-json\/wp\/v2\/types\/page"}],"author":[{"embeddable":true,"href":"https:\/\/www.fusion-inc.com\/de\/wp-json\/wp\/v2\/users\/26"}],"replies":[{"embeddable":true,"href":"https:\/\/www.fusion-inc.com\/de\/wp-json\/wp\/v2\/comments?post=4911"}],"version-history":[{"count":0,"href":"https:\/\/www.fusion-inc.com\/de\/wp-json\/wp\/v2\/pages\/4911\/revisions"}],"wp:attachment":[{"href":"https:\/\/www.fusion-inc.com\/de\/wp-json\/wp\/v2\/media?parent=4911"}],"curies":[{"name":"wp","href":"https:\/\/api.w.org\/{rel}","templated":true}]}}