{"id":8248,"date":"2024-11-11T06:39:22","date_gmt":"2024-11-11T06:39:22","guid":{"rendered":"https:\/\/www.fusion-inc.com\/?page_id=8248"},"modified":"2024-11-26T14:19:00","modified_gmt":"2024-11-26T14:19:00","slug":"hvac","status":"publish","type":"page","link":"https:\/\/www.fusion-inc.com\/da\/hvac\/","title":{"rendered":"HVAC"},"content":{"rendered":"","protected":false},"excerpt":{"rendered":"<p> [&#8230;]<\/p>\n<p><a class=\"btn btn-secondary understrap-read-more-link\" href=\"https:\/\/www.fusion-inc.com\/da\/hvac\/\">Read More&#8230;<\/a><\/p>\n","protected":false},"author":26,"featured_media":0,"parent":0,"menu_order":0,"comment_status":"closed","ping_status":"closed","template":"","meta":{"_acf_changed":false,"inline_featured_image":false,"footnotes":""},"class_list":["post-8248","page","type-page","status-publish","hentry"],"acf":[],"yoast_head":"<!-- This site is optimized with the Yoast SEO plugin v27.5 - https:\/\/yoast.com\/product\/yoast-seo-wordpress\/ -->\n<title>HVAC - Fusion, Inc.<\/title>\n<meta name=\"description\" content=\"Skab l\u00e6kaget\u00e6tte, holdbare, st\u00e6rke samlinger til HVAC-komponenter med lodning. Pastelegeringer fra Fusion, Inc. er effektive og arbejder med mange metaller.\" \/>\n<meta name=\"robots\" content=\"index, follow, max-snippet:-1, max-image-preview:large, max-video-preview:-1\" \/>\n<link rel=\"canonical\" href=\"https:\/\/www.fusion-inc.com\/da\/hvac\/\" \/>\n<meta property=\"og:locale\" content=\"da_DK\" \/>\n<meta property=\"og:type\" content=\"article\" \/>\n<meta property=\"og:title\" content=\"HVAC - Fusion, Inc.\" \/>\n<meta property=\"og:description\" content=\"Skab l\u00e6kaget\u00e6tte, holdbare, st\u00e6rke samlinger til HVAC-komponenter med lodning. Pastelegeringer fra Fusion, Inc. er effektive og arbejder med mange metaller.\" \/>\n<meta property=\"og:url\" content=\"https:\/\/www.fusion-inc.com\/da\/hvac\/\" \/>\n<meta property=\"og:site_name\" content=\"Fusion, Inc.\" \/>\n<meta property=\"article:modified_time\" content=\"2024-11-26T14:19:00+00:00\" \/>\n<script type=\"application\/ld+json\" class=\"yoast-schema-graph\">{\"@context\":\"https:\\\/\\\/schema.org\",\"@graph\":[{\"@type\":\"WebPage\",\"@id\":\"https:\\\/\\\/www.fusion-inc.com\\\/da\\\/hvac\\\/\",\"url\":\"https:\\\/\\\/www.fusion-inc.com\\\/da\\\/hvac\\\/\",\"name\":\"HVAC - Fusion, Inc.\",\"isPartOf\":{\"@id\":\"https:\\\/\\\/www.fusion-inc.com\\\/#website\"},\"datePublished\":\"2024-11-11T06:39:22+00:00\",\"dateModified\":\"2024-11-26T14:19:00+00:00\",\"description\":\"Skab l\u00e6kaget\u00e6tte, holdbare, st\u00e6rke samlinger til HVAC-komponenter med lodning. Pastelegeringer fra Fusion, Inc. er effektive og arbejder med mange metaller.\",\"breadcrumb\":{\"@id\":\"https:\\\/\\\/www.fusion-inc.com\\\/da\\\/hvac\\\/#breadcrumb\"},\"inLanguage\":\"da-DK\",\"potentialAction\":[{\"@type\":\"ReadAction\",\"target\":[\"https:\\\/\\\/www.fusion-inc.com\\\/da\\\/hvac\\\/\"]}]},{\"@type\":\"BreadcrumbList\",\"@id\":\"https:\\\/\\\/www.fusion-inc.com\\\/da\\\/hvac\\\/#breadcrumb\",\"itemListElement\":[{\"@type\":\"ListItem\",\"position\":1,\"name\":\"Home\",\"item\":\"https:\\\/\\\/www.fusion-inc.com\\\/da\\\/\"},{\"@type\":\"ListItem\",\"position\":2,\"name\":\"HVAC\"}]},{\"@type\":\"WebSite\",\"@id\":\"https:\\\/\\\/www.fusion-inc.com\\\/#website\",\"url\":\"https:\\\/\\\/www.fusion-inc.com\\\/\",\"name\":\"Fusion, Inc.\",\"description\":\"\",\"potentialAction\":[{\"@type\":\"SearchAction\",\"target\":{\"@type\":\"EntryPoint\",\"urlTemplate\":\"https:\\\/\\\/www.fusion-inc.com\\\/?s={search_term_string}\"},\"query-input\":{\"@type\":\"PropertyValueSpecification\",\"valueRequired\":true,\"valueName\":\"search_term_string\"}}],\"inLanguage\":\"da-DK\"}]}<\/script>\n<!-- \/ Yoast SEO plugin. -->","yoast_head_json":{"title":"HVAC - Fusion, Inc.","description":"Skab l\u00e6kaget\u00e6tte, holdbare, st\u00e6rke samlinger til HVAC-komponenter med lodning. Pastelegeringer fra Fusion, Inc. er effektive og arbejder med mange metaller.","robots":{"index":"index","follow":"follow","max-snippet":"max-snippet:-1","max-image-preview":"max-image-preview:large","max-video-preview":"max-video-preview:-1"},"canonical":"https:\/\/www.fusion-inc.com\/da\/hvac\/","og_locale":"da_DK","og_type":"article","og_title":"HVAC - Fusion, Inc.","og_description":"Skab l\u00e6kaget\u00e6tte, holdbare, st\u00e6rke samlinger til HVAC-komponenter med lodning. Pastelegeringer fra Fusion, Inc. er effektive og arbejder med mange metaller.","og_url":"https:\/\/www.fusion-inc.com\/da\/hvac\/","og_site_name":"Fusion, Inc.","article_modified_time":"2024-11-26T14:19:00+00:00","schema":{"@context":"https:\/\/schema.org","@graph":[{"@type":"WebPage","@id":"https:\/\/www.fusion-inc.com\/da\/hvac\/","url":"https:\/\/www.fusion-inc.com\/da\/hvac\/","name":"HVAC - Fusion, Inc.","isPartOf":{"@id":"https:\/\/www.fusion-inc.com\/#website"},"datePublished":"2024-11-11T06:39:22+00:00","dateModified":"2024-11-26T14:19:00+00:00","description":"Skab l\u00e6kaget\u00e6tte, holdbare, st\u00e6rke samlinger til HVAC-komponenter med lodning. Pastelegeringer fra Fusion, Inc. er effektive og arbejder med mange metaller.","breadcrumb":{"@id":"https:\/\/www.fusion-inc.com\/da\/hvac\/#breadcrumb"},"inLanguage":"da-DK","potentialAction":[{"@type":"ReadAction","target":["https:\/\/www.fusion-inc.com\/da\/hvac\/"]}]},{"@type":"BreadcrumbList","@id":"https:\/\/www.fusion-inc.com\/da\/hvac\/#breadcrumb","itemListElement":[{"@type":"ListItem","position":1,"name":"Home","item":"https:\/\/www.fusion-inc.com\/da\/"},{"@type":"ListItem","position":2,"name":"HVAC"}]},{"@type":"WebSite","@id":"https:\/\/www.fusion-inc.com\/#website","url":"https:\/\/www.fusion-inc.com\/","name":"Fusion, Inc.","description":"","potentialAction":[{"@type":"SearchAction","target":{"@type":"EntryPoint","urlTemplate":"https:\/\/www.fusion-inc.com\/?s={search_term_string}"},"query-input":{"@type":"PropertyValueSpecification","valueRequired":true,"valueName":"search_term_string"}}],"inLanguage":"da-DK"}]}},"_links":{"self":[{"href":"https:\/\/www.fusion-inc.com\/da\/wp-json\/wp\/v2\/pages\/8248","targetHints":{"allow":["GET"]}}],"collection":[{"href":"https:\/\/www.fusion-inc.com\/da\/wp-json\/wp\/v2\/pages"}],"about":[{"href":"https:\/\/www.fusion-inc.com\/da\/wp-json\/wp\/v2\/types\/page"}],"author":[{"embeddable":true,"href":"https:\/\/www.fusion-inc.com\/da\/wp-json\/wp\/v2\/users\/26"}],"replies":[{"embeddable":true,"href":"https:\/\/www.fusion-inc.com\/da\/wp-json\/wp\/v2\/comments?post=8248"}],"version-history":[{"count":0,"href":"https:\/\/www.fusion-inc.com\/da\/wp-json\/wp\/v2\/pages\/8248\/revisions"}],"wp:attachment":[{"href":"https:\/\/www.fusion-inc.com\/da\/wp-json\/wp\/v2\/media?parent=8248"}],"curies":[{"name":"wp","href":"https:\/\/api.w.org\/{rel}","templated":true}]}}