{"id":4811,"date":"2024-01-29T14:01:43","date_gmt":"2024-01-29T14:01:43","guid":{"rendered":"https:\/\/fusioninc.wpengine.com\/?page_id=4811"},"modified":"2024-01-31T15:35:44","modified_gmt":"2024-01-31T15:35:44","slug":"application-video","status":"publish","type":"page","link":"https:\/\/www.fusion-inc.com\/da\/application-video\/","title":{"rendered":"Videoklip"},"content":{"rendered":"<div class=\"alignright\"><a href=\"\/resources\/pictures-videos\/\" target=\"_blank\" rel=\"noopener\"><img decoding=\"async\" src=\"\/wp-content\/uploads\/fusion-videos-300x243-1.png\" alt=\"Fusion Videos\" title=\"Fusion Videos\"><\/a><\/div>\n<p>Fusion videoklip er et v\u00e6rkt\u00f8j som kan give brugeren en visuel introduktion til vores sortiment af pastaer, applikatorer og udstyr. Ved at opleve Fusion teknologi, f\u00e5r man et indblik i de fordele der kan opn\u00e5es med vores h\u00e5rdlod og bl\u00f8dlod l\u00f8sninger. Disse videoer demonstrer kun en br\u00f8kdel af de applikationer og industrier som vi servicerer, som automotiv, el, vvs, varme, klimaanl\u00e6g, brandsikring, musikinstrumenter, smykker, osv. Bes\u00f8g siden j\u00e6vnligt for video opdateringer.<\/p>\n<p>Fusion arbejder lokalt I hele verden, for at servicerer vores kunder. <a href=\"\/worldwide\/#denmark\">Kontakt os<\/a> eller <a href=\"\/da\/request-for-quote-danish\/\">beskriv Deres \u00f8nskede produktions ops\u00e6tning\/metode her<\/a>.<\/p>\n<p><a href=\"\/resources\/pictures-videos\/\" target=\"_blank\" rel=\"noopener\">VIDEOKLIP >><\/a><\/p>\n","protected":false},"excerpt":{"rendered":"<p>Fusion videoklip er et v\u00e6rkt\u00f8j som kan give brugeren en visuel introduktion til vores sortiment af pastaer, applikatorer og udstyr. Ved at opleve Fusion teknologi, f\u00e5r man et indblik i de fordele der kan opn\u00e5es med vores h\u00e5rdlod og bl\u00f8dlod l\u00f8sninger. Disse videoer demonstrer kun en br\u00f8kdel af de applikationer og industrier som vi servicerer,&#8230; [&#8230;]<\/p>\n<p><a class=\"btn btn-secondary understrap-read-more-link\" href=\"https:\/\/www.fusion-inc.com\/da\/application-video\/\">Read More&#8230;<\/a><\/p>\n","protected":false},"author":26,"featured_media":0,"parent":0,"menu_order":0,"comment_status":"closed","ping_status":"closed","template":"","meta":{"_acf_changed":false,"inline_featured_image":false,"footnotes":""},"class_list":["post-4811","page","type-page","status-publish","hentry"],"acf":[],"yoast_head":"<!-- This site is optimized with the Yoast SEO plugin v27.3 - https:\/\/yoast.com\/product\/yoast-seo-wordpress\/ -->\n<title>Videoklip - Fusion, Inc.<\/title>\n<meta name=\"robots\" content=\"index, follow, max-snippet:-1, max-image-preview:large, max-video-preview:-1\" \/>\n<link rel=\"canonical\" href=\"https:\/\/www.fusion-inc.com\/da\/application-video\/\" \/>\n<meta property=\"og:locale\" content=\"da_DK\" \/>\n<meta property=\"og:type\" content=\"article\" \/>\n<meta property=\"og:title\" content=\"Videoklip - Fusion, Inc.\" \/>\n<meta property=\"og:description\" content=\"Fusion videoklip er et v\u00e6rkt\u00f8j som kan give brugeren en visuel introduktion til vores sortiment af pastaer, applikatorer og udstyr. Ved at opleve Fusion teknologi, f\u00e5r man et indblik i de fordele der kan opn\u00e5es med vores h\u00e5rdlod og bl\u00f8dlod l\u00f8sninger. Disse videoer demonstrer kun en br\u00f8kdel af de applikationer og industrier som vi servicerer,... [...]Read More...\" \/>\n<meta property=\"og:url\" content=\"https:\/\/www.fusion-inc.com\/da\/application-video\/\" \/>\n<meta property=\"og:site_name\" content=\"Fusion, Inc.\" \/>\n<meta property=\"article:modified_time\" content=\"2024-01-31T15:35:44+00:00\" \/>\n<meta name=\"twitter:label1\" content=\"Estimeret l\u00e6setid\" \/>\n\t<meta name=\"twitter:data1\" content=\"1 minut\" \/>\n<script type=\"application\/ld+json\" class=\"yoast-schema-graph\">{\"@context\":\"https:\\\/\\\/schema.org\",\"@graph\":[{\"@type\":\"WebPage\",\"@id\":\"https:\\\/\\\/www.fusion-inc.com\\\/da\\\/application-video\\\/\",\"url\":\"https:\\\/\\\/www.fusion-inc.com\\\/da\\\/application-video\\\/\",\"name\":\"Videoklip - Fusion, Inc.\",\"isPartOf\":{\"@id\":\"https:\\\/\\\/www.fusion-inc.com\\\/#website\"},\"datePublished\":\"2024-01-29T14:01:43+00:00\",\"dateModified\":\"2024-01-31T15:35:44+00:00\",\"breadcrumb\":{\"@id\":\"https:\\\/\\\/www.fusion-inc.com\\\/da\\\/application-video\\\/#breadcrumb\"},\"inLanguage\":\"da-DK\",\"potentialAction\":[{\"@type\":\"ReadAction\",\"target\":[\"https:\\\/\\\/www.fusion-inc.com\\\/da\\\/application-video\\\/\"]}]},{\"@type\":\"BreadcrumbList\",\"@id\":\"https:\\\/\\\/www.fusion-inc.com\\\/da\\\/application-video\\\/#breadcrumb\",\"itemListElement\":[{\"@type\":\"ListItem\",\"position\":1,\"name\":\"Home\",\"item\":\"https:\\\/\\\/www.fusion-inc.com\\\/da\\\/\"},{\"@type\":\"ListItem\",\"position\":2,\"name\":\"Videoklip\"}]},{\"@type\":\"WebSite\",\"@id\":\"https:\\\/\\\/www.fusion-inc.com\\\/#website\",\"url\":\"https:\\\/\\\/www.fusion-inc.com\\\/\",\"name\":\"Fusion, Inc.\",\"description\":\"\",\"potentialAction\":[{\"@type\":\"SearchAction\",\"target\":{\"@type\":\"EntryPoint\",\"urlTemplate\":\"https:\\\/\\\/www.fusion-inc.com\\\/?s={search_term_string}\"},\"query-input\":{\"@type\":\"PropertyValueSpecification\",\"valueRequired\":true,\"valueName\":\"search_term_string\"}}],\"inLanguage\":\"da-DK\"}]}<\/script>\n<!-- \/ Yoast SEO plugin. -->","yoast_head_json":{"title":"Videoklip - Fusion, Inc.","robots":{"index":"index","follow":"follow","max-snippet":"max-snippet:-1","max-image-preview":"max-image-preview:large","max-video-preview":"max-video-preview:-1"},"canonical":"https:\/\/www.fusion-inc.com\/da\/application-video\/","og_locale":"da_DK","og_type":"article","og_title":"Videoklip - Fusion, Inc.","og_description":"Fusion videoklip er et v\u00e6rkt\u00f8j som kan give brugeren en visuel introduktion til vores sortiment af pastaer, applikatorer og udstyr. Ved at opleve Fusion teknologi, f\u00e5r man et indblik i de fordele der kan opn\u00e5es med vores h\u00e5rdlod og bl\u00f8dlod l\u00f8sninger. Disse videoer demonstrer kun en br\u00f8kdel af de applikationer og industrier som vi servicerer,... [...]Read More...","og_url":"https:\/\/www.fusion-inc.com\/da\/application-video\/","og_site_name":"Fusion, Inc.","article_modified_time":"2024-01-31T15:35:44+00:00","twitter_misc":{"Estimeret l\u00e6setid":"1 minut"},"schema":{"@context":"https:\/\/schema.org","@graph":[{"@type":"WebPage","@id":"https:\/\/www.fusion-inc.com\/da\/application-video\/","url":"https:\/\/www.fusion-inc.com\/da\/application-video\/","name":"Videoklip - Fusion, Inc.","isPartOf":{"@id":"https:\/\/www.fusion-inc.com\/#website"},"datePublished":"2024-01-29T14:01:43+00:00","dateModified":"2024-01-31T15:35:44+00:00","breadcrumb":{"@id":"https:\/\/www.fusion-inc.com\/da\/application-video\/#breadcrumb"},"inLanguage":"da-DK","potentialAction":[{"@type":"ReadAction","target":["https:\/\/www.fusion-inc.com\/da\/application-video\/"]}]},{"@type":"BreadcrumbList","@id":"https:\/\/www.fusion-inc.com\/da\/application-video\/#breadcrumb","itemListElement":[{"@type":"ListItem","position":1,"name":"Home","item":"https:\/\/www.fusion-inc.com\/da\/"},{"@type":"ListItem","position":2,"name":"Videoklip"}]},{"@type":"WebSite","@id":"https:\/\/www.fusion-inc.com\/#website","url":"https:\/\/www.fusion-inc.com\/","name":"Fusion, Inc.","description":"","potentialAction":[{"@type":"SearchAction","target":{"@type":"EntryPoint","urlTemplate":"https:\/\/www.fusion-inc.com\/?s={search_term_string}"},"query-input":{"@type":"PropertyValueSpecification","valueRequired":true,"valueName":"search_term_string"}}],"inLanguage":"da-DK"}]}},"_links":{"self":[{"href":"https:\/\/www.fusion-inc.com\/da\/wp-json\/wp\/v2\/pages\/4811","targetHints":{"allow":["GET"]}}],"collection":[{"href":"https:\/\/www.fusion-inc.com\/da\/wp-json\/wp\/v2\/pages"}],"about":[{"href":"https:\/\/www.fusion-inc.com\/da\/wp-json\/wp\/v2\/types\/page"}],"author":[{"embeddable":true,"href":"https:\/\/www.fusion-inc.com\/da\/wp-json\/wp\/v2\/users\/26"}],"replies":[{"embeddable":true,"href":"https:\/\/www.fusion-inc.com\/da\/wp-json\/wp\/v2\/comments?post=4811"}],"version-history":[{"count":0,"href":"https:\/\/www.fusion-inc.com\/da\/wp-json\/wp\/v2\/pages\/4811\/revisions"}],"wp:attachment":[{"href":"https:\/\/www.fusion-inc.com\/da\/wp-json\/wp\/v2\/media?parent=4811"}],"curies":[{"name":"wp","href":"https:\/\/api.w.org\/{rel}","templated":true}]}}