{"id":4800,"date":"2024-01-23T13:29:00","date_gmt":"2024-01-23T13:29:00","guid":{"rendered":"https:\/\/fusioninc.wpengine.com\/?page_id=4800"},"modified":"2024-01-30T12:23:50","modified_gmt":"2024-01-30T12:23:50","slug":"brazing-soldering-machines","status":"publish","type":"page","link":"https:\/\/www.fusion-inc.com\/da\/brazing-soldering-machines\/","title":{"rendered":"Automatiske H\u00e5rd- og Bl\u00f8dlodning Maskiner"},"content":{"rendered":"<p>Teknologien bag Fusion automatiske h\u00e5rd- og bl\u00f8dlodning maskiner hj\u00e6lper med at reducerer omkostninger og antal af reklamationer samt en forbedring af lodde samlingens kvalitet. Typisk er det kun en operat\u00f8r der montere og afmonterer emnerne imens maskiner udf\u00f8rer tilf\u00f8rslen af loddemateriale og flus samt opvarmningen og nedk\u00f8lingen.<\/p>\n<p>Ved brug af bl\u00f8d- og h\u00e5rdlodnings automationen bliver materiale omkostningerne reducerede eftersom loddemateriale og flus bliver dosseret automatisk, i kontrollerer m\u00e6ngder. L\u00f8nomkostninger er reduceret betydeligt, eftersom en operat\u00f8r producerer hundredvis af f\u00e6rdig h\u00e5rd- og bl\u00f8dlods emner hver time.<\/p>\n<ul>\n<li><strong>Enkelt Station Braze Mat<\/strong>e \u2013 den perfekt automatiske lodde maskine for mindre produktioner eller serier med forskellige emner typer<\/li>\n<li><strong>Rotary Index<\/strong> \u2013 transporterer emnerne hurtig igennem lod og flux tilf\u00f8rsel, opvarmning og nedk\u00f8ling stationer<\/li>\n<li><strong>Induktion Lodning Maskine <\/strong>\u2013 el genereret induktion som en alternativ til opvarmning med flamme<\/li>\n<li><strong>Induktion Atmosf\u00e6re Maskine<\/strong> \u2013 fint alternativ til ovnlodning af st\u00e5l og rustfrit st\u00e5l<\/li>\n<li><strong>Tr\u00e5d Fremf\u00f8ring<\/strong> \u2013 alternativ til lodpasta, is\u00e6r nyttigt for vis samling typer<\/li>\n<\/ul>\n<p>Som Deres eneste kilde, tilbyder Fusion loddepasta, flus, loddemetaller, doserings apparater og maskiner til automatisk h\u00e5rd- og bl\u00f8dlodning. Fusion arbejder lokalt, rundt om i verden, til at servicerer dig. <a href=\"\/worldwide\/#denmark\">Kontakt os<\/a> eller <a href=\"\/da\/request-for-quote-danish\/\">beskriv Deres \u00f8nskede produktions ops\u00e6tning\/metode her<\/a>.<\/p>\n","protected":false},"excerpt":{"rendered":"<p>Teknologien bag Fusion automatiske h\u00e5rd- og bl\u00f8dlodning maskiner hj\u00e6lper med at reducerer omkostninger og antal af reklamationer samt en forbedring af lodde samlingens kvalitet. Typisk er det kun en operat\u00f8r der montere og afmonterer emnerne imens maskiner udf\u00f8rer tilf\u00f8rslen af loddemateriale og flus samt opvarmningen og nedk\u00f8lingen. Ved brug af bl\u00f8d- og h\u00e5rdlodnings automationen bliver&#8230; [&#8230;]<\/p>\n<p><a class=\"btn btn-secondary understrap-read-more-link\" href=\"https:\/\/www.fusion-inc.com\/da\/brazing-soldering-machines\/\">Read More&#8230;<\/a><\/p>\n","protected":false},"author":26,"featured_media":0,"parent":0,"menu_order":0,"comment_status":"closed","ping_status":"closed","template":"page-templates\/destination-content.php","meta":{"_acf_changed":false,"inline_featured_image":false,"footnotes":""},"class_list":["post-4800","page","type-page","status-publish","hentry"],"acf":[],"yoast_head":"<!-- This site is optimized with the Yoast SEO plugin v27.5 - https:\/\/yoast.com\/product\/yoast-seo-wordpress\/ -->\n<title>Automatiske H\u00e5rd- og Bl\u00f8dlodning Maskiner - Fusion, Inc.<\/title>\n<meta name=\"robots\" content=\"index, follow, max-snippet:-1, max-image-preview:large, max-video-preview:-1\" \/>\n<link rel=\"canonical\" href=\"https:\/\/www.fusion-inc.com\/products\/automated-machines\/\" \/>\n<meta property=\"og:locale\" content=\"da_DK\" \/>\n<meta property=\"og:type\" content=\"article\" \/>\n<meta property=\"og:title\" content=\"Automatiske H\u00e5rd- og Bl\u00f8dlodning Maskiner - Fusion, Inc.\" \/>\n<meta property=\"og:description\" content=\"Teknologien bag Fusion automatiske h\u00e5rd- og bl\u00f8dlodning maskiner hj\u00e6lper med at reducerer omkostninger og antal af reklamationer samt en forbedring af lodde samlingens kvalitet. Typisk er det kun en operat\u00f8r der montere og afmonterer emnerne imens maskiner udf\u00f8rer tilf\u00f8rslen af loddemateriale og flus samt opvarmningen og nedk\u00f8lingen. Ved brug af bl\u00f8d- og h\u00e5rdlodnings automationen bliver... [...]Read More...\" \/>\n<meta property=\"og:url\" content=\"https:\/\/www.fusion-inc.com\/products\/automated-machines\/\" \/>\n<meta property=\"og:site_name\" content=\"Fusion, Inc.\" \/>\n<meta property=\"article:modified_time\" content=\"2024-01-30T12:23:50+00:00\" \/>\n<meta name=\"twitter:label1\" content=\"Estimeret l\u00e6setid\" \/>\n\t<meta name=\"twitter:data1\" content=\"1 minut\" \/>\n<script type=\"application\/ld+json\" class=\"yoast-schema-graph\">{\"@context\":\"https:\\\/\\\/schema.org\",\"@graph\":[{\"@type\":\"WebPage\",\"@id\":\"https:\\\/\\\/www.fusion-inc.com\\\/products\\\/automated-machines\\\/\",\"url\":\"https:\\\/\\\/www.fusion-inc.com\\\/products\\\/automated-machines\\\/\",\"name\":\"Automatiske H\u00e5rd- og Bl\u00f8dlodning Maskiner - Fusion, Inc.\",\"isPartOf\":{\"@id\":\"https:\\\/\\\/www.fusion-inc.com\\\/#website\"},\"datePublished\":\"2024-01-23T13:29:00+00:00\",\"dateModified\":\"2024-01-30T12:23:50+00:00\",\"breadcrumb\":{\"@id\":\"https:\\\/\\\/www.fusion-inc.com\\\/products\\\/automated-machines\\\/#breadcrumb\"},\"inLanguage\":\"da-DK\",\"potentialAction\":[{\"@type\":\"ReadAction\",\"target\":[\"https:\\\/\\\/www.fusion-inc.com\\\/products\\\/automated-machines\\\/\"]}]},{\"@type\":\"BreadcrumbList\",\"@id\":\"https:\\\/\\\/www.fusion-inc.com\\\/products\\\/automated-machines\\\/#breadcrumb\",\"itemListElement\":[{\"@type\":\"ListItem\",\"position\":1,\"name\":\"Home\",\"item\":\"https:\\\/\\\/www.fusion-inc.com\\\/da\\\/\"},{\"@type\":\"ListItem\",\"position\":2,\"name\":\"Automatiske H\u00e5rd- og Bl\u00f8dlodning Maskiner\"}]},{\"@type\":\"WebSite\",\"@id\":\"https:\\\/\\\/www.fusion-inc.com\\\/#website\",\"url\":\"https:\\\/\\\/www.fusion-inc.com\\\/\",\"name\":\"Fusion, Inc.\",\"description\":\"\",\"potentialAction\":[{\"@type\":\"SearchAction\",\"target\":{\"@type\":\"EntryPoint\",\"urlTemplate\":\"https:\\\/\\\/www.fusion-inc.com\\\/?s={search_term_string}\"},\"query-input\":{\"@type\":\"PropertyValueSpecification\",\"valueRequired\":true,\"valueName\":\"search_term_string\"}}],\"inLanguage\":\"da-DK\"}]}<\/script>\n<!-- \/ Yoast SEO plugin. -->","yoast_head_json":{"title":"Automatiske H\u00e5rd- og Bl\u00f8dlodning Maskiner - Fusion, Inc.","robots":{"index":"index","follow":"follow","max-snippet":"max-snippet:-1","max-image-preview":"max-image-preview:large","max-video-preview":"max-video-preview:-1"},"canonical":"https:\/\/www.fusion-inc.com\/products\/automated-machines\/","og_locale":"da_DK","og_type":"article","og_title":"Automatiske H\u00e5rd- og Bl\u00f8dlodning Maskiner - Fusion, Inc.","og_description":"Teknologien bag Fusion automatiske h\u00e5rd- og bl\u00f8dlodning maskiner hj\u00e6lper med at reducerer omkostninger og antal af reklamationer samt en forbedring af lodde samlingens kvalitet. Typisk er det kun en operat\u00f8r der montere og afmonterer emnerne imens maskiner udf\u00f8rer tilf\u00f8rslen af loddemateriale og flus samt opvarmningen og nedk\u00f8lingen. Ved brug af bl\u00f8d- og h\u00e5rdlodnings automationen bliver... [...]Read More...","og_url":"https:\/\/www.fusion-inc.com\/products\/automated-machines\/","og_site_name":"Fusion, Inc.","article_modified_time":"2024-01-30T12:23:50+00:00","twitter_misc":{"Estimeret l\u00e6setid":"1 minut"},"schema":{"@context":"https:\/\/schema.org","@graph":[{"@type":"WebPage","@id":"https:\/\/www.fusion-inc.com\/products\/automated-machines\/","url":"https:\/\/www.fusion-inc.com\/products\/automated-machines\/","name":"Automatiske H\u00e5rd- og Bl\u00f8dlodning Maskiner - Fusion, Inc.","isPartOf":{"@id":"https:\/\/www.fusion-inc.com\/#website"},"datePublished":"2024-01-23T13:29:00+00:00","dateModified":"2024-01-30T12:23:50+00:00","breadcrumb":{"@id":"https:\/\/www.fusion-inc.com\/products\/automated-machines\/#breadcrumb"},"inLanguage":"da-DK","potentialAction":[{"@type":"ReadAction","target":["https:\/\/www.fusion-inc.com\/products\/automated-machines\/"]}]},{"@type":"BreadcrumbList","@id":"https:\/\/www.fusion-inc.com\/products\/automated-machines\/#breadcrumb","itemListElement":[{"@type":"ListItem","position":1,"name":"Home","item":"https:\/\/www.fusion-inc.com\/da\/"},{"@type":"ListItem","position":2,"name":"Automatiske H\u00e5rd- og Bl\u00f8dlodning Maskiner"}]},{"@type":"WebSite","@id":"https:\/\/www.fusion-inc.com\/#website","url":"https:\/\/www.fusion-inc.com\/","name":"Fusion, Inc.","description":"","potentialAction":[{"@type":"SearchAction","target":{"@type":"EntryPoint","urlTemplate":"https:\/\/www.fusion-inc.com\/?s={search_term_string}"},"query-input":{"@type":"PropertyValueSpecification","valueRequired":true,"valueName":"search_term_string"}}],"inLanguage":"da-DK"}]}},"_links":{"self":[{"href":"https:\/\/www.fusion-inc.com\/da\/wp-json\/wp\/v2\/pages\/4800","targetHints":{"allow":["GET"]}}],"collection":[{"href":"https:\/\/www.fusion-inc.com\/da\/wp-json\/wp\/v2\/pages"}],"about":[{"href":"https:\/\/www.fusion-inc.com\/da\/wp-json\/wp\/v2\/types\/page"}],"author":[{"embeddable":true,"href":"https:\/\/www.fusion-inc.com\/da\/wp-json\/wp\/v2\/users\/26"}],"replies":[{"embeddable":true,"href":"https:\/\/www.fusion-inc.com\/da\/wp-json\/wp\/v2\/comments?post=4800"}],"version-history":[{"count":0,"href":"https:\/\/www.fusion-inc.com\/da\/wp-json\/wp\/v2\/pages\/4800\/revisions"}],"wp:attachment":[{"href":"https:\/\/www.fusion-inc.com\/da\/wp-json\/wp\/v2\/media?parent=4800"}],"curies":[{"name":"wp","href":"https:\/\/api.w.org\/{rel}","templated":true}]}}