{"id":8247,"date":"2024-11-11T06:39:22","date_gmt":"2024-11-11T06:39:22","guid":{"rendered":"https:\/\/www.fusion-inc.com\/?page_id=8247"},"modified":"2024-11-26T14:19:53","modified_gmt":"2024-11-26T14:19:53","slug":"hvac","status":"publish","type":"page","link":"https:\/\/www.fusion-inc.com\/cs\/hvac\/","title":{"rendered":"HVAC"},"content":{"rendered":"","protected":false},"excerpt":{"rendered":"<p> [&#8230;]<\/p>\n<p><a class=\"btn btn-secondary understrap-read-more-link\" href=\"https:\/\/www.fusion-inc.com\/cs\/hvac\/\">Read More&#8230;<\/a><\/p>\n","protected":false},"author":26,"featured_media":0,"parent":0,"menu_order":0,"comment_status":"closed","ping_status":"closed","template":"","meta":{"_acf_changed":false,"inline_featured_image":false,"footnotes":""},"class_list":["post-8247","page","type-page","status-publish","hentry"],"acf":[],"yoast_head":"<!-- This site is optimized with the Yoast SEO plugin v27.5 - https:\/\/yoast.com\/product\/yoast-seo-wordpress\/ -->\n<title>HVAC - Fusion, Inc.<\/title>\n<meta name=\"description\" content=\"Vytv\u00e1\u0159ejte nepropustn\u00e9, odoln\u00e9 a pevn\u00e9 spoje pro komponenty HVAC pomoc\u00ed p\u00e1jen\u00ed. Pastov\u00e9 slitiny od spole\u010dnosti Fusion, Inc. jsou \u00fa\u010dinn\u00e9 a pracuj\u00ed s mnoha kovy.\" \/>\n<meta name=\"robots\" content=\"index, follow, max-snippet:-1, max-image-preview:large, max-video-preview:-1\" \/>\n<link rel=\"canonical\" href=\"https:\/\/www.fusion-inc.com\/cs\/hvac\/\" \/>\n<meta property=\"og:locale\" content=\"cs_CZ\" \/>\n<meta property=\"og:type\" content=\"article\" \/>\n<meta property=\"og:title\" content=\"HVAC - Fusion, Inc.\" \/>\n<meta property=\"og:description\" content=\"Vytv\u00e1\u0159ejte nepropustn\u00e9, odoln\u00e9 a pevn\u00e9 spoje pro komponenty HVAC pomoc\u00ed p\u00e1jen\u00ed. Pastov\u00e9 slitiny od spole\u010dnosti Fusion, Inc. jsou \u00fa\u010dinn\u00e9 a pracuj\u00ed s mnoha kovy.\" \/>\n<meta property=\"og:url\" content=\"https:\/\/www.fusion-inc.com\/cs\/hvac\/\" \/>\n<meta property=\"og:site_name\" content=\"Fusion, Inc.\" \/>\n<meta property=\"article:modified_time\" content=\"2024-11-26T14:19:53+00:00\" \/>\n<script type=\"application\/ld+json\" class=\"yoast-schema-graph\">{\"@context\":\"https:\\\/\\\/schema.org\",\"@graph\":[{\"@type\":\"WebPage\",\"@id\":\"https:\\\/\\\/www.fusion-inc.com\\\/cs\\\/hvac\\\/\",\"url\":\"https:\\\/\\\/www.fusion-inc.com\\\/cs\\\/hvac\\\/\",\"name\":\"HVAC - Fusion, Inc.\",\"isPartOf\":{\"@id\":\"https:\\\/\\\/www.fusion-inc.com\\\/#website\"},\"datePublished\":\"2024-11-11T06:39:22+00:00\",\"dateModified\":\"2024-11-26T14:19:53+00:00\",\"description\":\"Vytv\u00e1\u0159ejte nepropustn\u00e9, odoln\u00e9 a pevn\u00e9 spoje pro komponenty HVAC pomoc\u00ed p\u00e1jen\u00ed. Pastov\u00e9 slitiny od spole\u010dnosti Fusion, Inc. jsou \u00fa\u010dinn\u00e9 a pracuj\u00ed s mnoha kovy.\",\"breadcrumb\":{\"@id\":\"https:\\\/\\\/www.fusion-inc.com\\\/cs\\\/hvac\\\/#breadcrumb\"},\"inLanguage\":\"cs\",\"potentialAction\":[{\"@type\":\"ReadAction\",\"target\":[\"https:\\\/\\\/www.fusion-inc.com\\\/cs\\\/hvac\\\/\"]}]},{\"@type\":\"BreadcrumbList\",\"@id\":\"https:\\\/\\\/www.fusion-inc.com\\\/cs\\\/hvac\\\/#breadcrumb\",\"itemListElement\":[{\"@type\":\"ListItem\",\"position\":1,\"name\":\"Home\",\"item\":\"https:\\\/\\\/www.fusion-inc.com\\\/cs\\\/\"},{\"@type\":\"ListItem\",\"position\":2,\"name\":\"HVAC\"}]},{\"@type\":\"WebSite\",\"@id\":\"https:\\\/\\\/www.fusion-inc.com\\\/#website\",\"url\":\"https:\\\/\\\/www.fusion-inc.com\\\/\",\"name\":\"Fusion, Inc.\",\"description\":\"\",\"potentialAction\":[{\"@type\":\"SearchAction\",\"target\":{\"@type\":\"EntryPoint\",\"urlTemplate\":\"https:\\\/\\\/www.fusion-inc.com\\\/?s={search_term_string}\"},\"query-input\":{\"@type\":\"PropertyValueSpecification\",\"valueRequired\":true,\"valueName\":\"search_term_string\"}}],\"inLanguage\":\"cs\"}]}<\/script>\n<!-- \/ Yoast SEO plugin. -->","yoast_head_json":{"title":"HVAC - Fusion, Inc.","description":"Vytv\u00e1\u0159ejte nepropustn\u00e9, odoln\u00e9 a pevn\u00e9 spoje pro komponenty HVAC pomoc\u00ed p\u00e1jen\u00ed. Pastov\u00e9 slitiny od spole\u010dnosti Fusion, Inc. jsou \u00fa\u010dinn\u00e9 a pracuj\u00ed s mnoha kovy.","robots":{"index":"index","follow":"follow","max-snippet":"max-snippet:-1","max-image-preview":"max-image-preview:large","max-video-preview":"max-video-preview:-1"},"canonical":"https:\/\/www.fusion-inc.com\/cs\/hvac\/","og_locale":"cs_CZ","og_type":"article","og_title":"HVAC - Fusion, Inc.","og_description":"Vytv\u00e1\u0159ejte nepropustn\u00e9, odoln\u00e9 a pevn\u00e9 spoje pro komponenty HVAC pomoc\u00ed p\u00e1jen\u00ed. Pastov\u00e9 slitiny od spole\u010dnosti Fusion, Inc. jsou \u00fa\u010dinn\u00e9 a pracuj\u00ed s mnoha kovy.","og_url":"https:\/\/www.fusion-inc.com\/cs\/hvac\/","og_site_name":"Fusion, Inc.","article_modified_time":"2024-11-26T14:19:53+00:00","schema":{"@context":"https:\/\/schema.org","@graph":[{"@type":"WebPage","@id":"https:\/\/www.fusion-inc.com\/cs\/hvac\/","url":"https:\/\/www.fusion-inc.com\/cs\/hvac\/","name":"HVAC - Fusion, Inc.","isPartOf":{"@id":"https:\/\/www.fusion-inc.com\/#website"},"datePublished":"2024-11-11T06:39:22+00:00","dateModified":"2024-11-26T14:19:53+00:00","description":"Vytv\u00e1\u0159ejte nepropustn\u00e9, odoln\u00e9 a pevn\u00e9 spoje pro komponenty HVAC pomoc\u00ed p\u00e1jen\u00ed. Pastov\u00e9 slitiny od spole\u010dnosti Fusion, Inc. jsou \u00fa\u010dinn\u00e9 a pracuj\u00ed s mnoha kovy.","breadcrumb":{"@id":"https:\/\/www.fusion-inc.com\/cs\/hvac\/#breadcrumb"},"inLanguage":"cs","potentialAction":[{"@type":"ReadAction","target":["https:\/\/www.fusion-inc.com\/cs\/hvac\/"]}]},{"@type":"BreadcrumbList","@id":"https:\/\/www.fusion-inc.com\/cs\/hvac\/#breadcrumb","itemListElement":[{"@type":"ListItem","position":1,"name":"Home","item":"https:\/\/www.fusion-inc.com\/cs\/"},{"@type":"ListItem","position":2,"name":"HVAC"}]},{"@type":"WebSite","@id":"https:\/\/www.fusion-inc.com\/#website","url":"https:\/\/www.fusion-inc.com\/","name":"Fusion, Inc.","description":"","potentialAction":[{"@type":"SearchAction","target":{"@type":"EntryPoint","urlTemplate":"https:\/\/www.fusion-inc.com\/?s={search_term_string}"},"query-input":{"@type":"PropertyValueSpecification","valueRequired":true,"valueName":"search_term_string"}}],"inLanguage":"cs"}]}},"_links":{"self":[{"href":"https:\/\/www.fusion-inc.com\/cs\/wp-json\/wp\/v2\/pages\/8247","targetHints":{"allow":["GET"]}}],"collection":[{"href":"https:\/\/www.fusion-inc.com\/cs\/wp-json\/wp\/v2\/pages"}],"about":[{"href":"https:\/\/www.fusion-inc.com\/cs\/wp-json\/wp\/v2\/types\/page"}],"author":[{"embeddable":true,"href":"https:\/\/www.fusion-inc.com\/cs\/wp-json\/wp\/v2\/users\/26"}],"replies":[{"embeddable":true,"href":"https:\/\/www.fusion-inc.com\/cs\/wp-json\/wp\/v2\/comments?post=8247"}],"version-history":[{"count":0,"href":"https:\/\/www.fusion-inc.com\/cs\/wp-json\/wp\/v2\/pages\/8247\/revisions"}],"wp:attachment":[{"href":"https:\/\/www.fusion-inc.com\/cs\/wp-json\/wp\/v2\/media?parent=8247"}],"curies":[{"name":"wp","href":"https:\/\/api.w.org\/{rel}","templated":true}]}}