{"id":5079,"date":"2024-01-29T14:01:43","date_gmt":"2024-01-29T14:01:43","guid":{"rendered":"https:\/\/fusioninc.wpengine.com\/?page_id=5079"},"modified":"2024-01-31T15:36:49","modified_gmt":"2024-01-31T15:36:49","slug":"application-videos","status":"publish","type":"page","link":"https:\/\/www.fusion-inc.com\/cs\/application-videos\/","title":{"rendered":"Aplikace \u2013 Videa"},"content":{"rendered":"<div class=\"alignright\"><a href=\"\/resources\/pictures-videos\/\" target=\"_blank\" rel=\"noopener\"><img decoding=\"async\" src=\"\/wp-content\/uploads\/fusion-videos-300x243-1.png\" alt=\"Fusion Videos\" title=\"Fusion Videos\"><\/a><\/div>\n<p>Prost\u0159ednictv\u00edm vide\u00ed spole\u010dnosti Fusion se sezn\u00e1m\u00edte s na\u0161\u00edm sortimentem past, aplik\u00e1tor\u016f a dal\u0161\u00edho vybaven\u00ed. Prohl\u00e9dnut\u00edm technologi\u00ed spole\u010dnosti Fusion v akci z\u00edsk\u00e1te p\u0159ehled o p\u0159\u00ednosech, kter\u00fdch m\u016f\u017ee b\u00fdt dosa\u017eeno s pou\u017eit\u00edm na\u0161ich p\u00e1jec\u00edch a letovac\u00edch \u0159e\u0161en\u00ed. Tato videa zobrazuj\u00ed jen \u00fazkou \u0161k\u00e1lu aplikac\u00ed a odv\u011btv\u00ed, do kter\u00fdch dod\u00e1v\u00e1me na\u0161e produkty, nap\u0159. automobilov\u00fd pr\u016fmysl, elektro, potrub\u00ed, vyt\u00e1p\u011bn\u00ed, klimatizace, po\u017e\u00e1rn\u00ed ochrana, hudebn\u00ed n\u00e1stroje, \u0161perka\u0159stv\u00ed, atd. Nav\u0161tivte tyto str\u00e1nky brzy znovu a prohl\u00e9dn\u011bte si na\u0161e nejnov\u011bj\u0161\u00ed videa.<\/p>\n<p>Fusion je V\u00e1m pln\u011b k dispozici na jak\u00e9mkoliv m\u00edst\u011b v \u010cesk\u00e9 republice i jinde na sv\u011bt\u011b. Pros\u00edm, <a href=\"\/worldwide\/#czech-republic\">kontaktujte n\u00e1s<\/a> nebo <a href=\"\/cs\/request-for-quote-czech\/\">popi\u0161t\u011b Va\u0161i aplikaci zde<\/a>.<\/p>\n<p><a href=\"\/resources\/pictures-videos\/\" target=\"_blank\" rel=\"noopener\">APLIKACE \u2013 VIDEA >><\/a><\/p>\n","protected":false},"excerpt":{"rendered":"<p>Prost\u0159ednictv\u00edm vide\u00ed spole\u010dnosti Fusion se sezn\u00e1m\u00edte s na\u0161\u00edm sortimentem past, aplik\u00e1tor\u016f a dal\u0161\u00edho vybaven\u00ed. Prohl\u00e9dnut\u00edm technologi\u00ed spole\u010dnosti Fusion v akci z\u00edsk\u00e1te p\u0159ehled o p\u0159\u00ednosech, kter\u00fdch m\u016f\u017ee b\u00fdt dosa\u017eeno s pou\u017eit\u00edm na\u0161ich p\u00e1jec\u00edch a letovac\u00edch \u0159e\u0161en\u00ed. Tato videa zobrazuj\u00ed jen \u00fazkou \u0161k\u00e1lu aplikac\u00ed a odv\u011btv\u00ed, do kter\u00fdch dod\u00e1v\u00e1me na\u0161e produkty, nap\u0159. automobilov\u00fd pr\u016fmysl, elektro, potrub\u00ed, vyt\u00e1p\u011bn\u00ed,&#8230; [&#8230;]<\/p>\n<p><a class=\"btn btn-secondary understrap-read-more-link\" href=\"https:\/\/www.fusion-inc.com\/cs\/application-videos\/\">Read More&#8230;<\/a><\/p>\n","protected":false},"author":26,"featured_media":0,"parent":0,"menu_order":0,"comment_status":"closed","ping_status":"closed","template":"","meta":{"_acf_changed":false,"inline_featured_image":false,"footnotes":""},"class_list":["post-5079","page","type-page","status-publish","hentry"],"acf":[],"yoast_head":"<!-- This site is optimized with the Yoast SEO plugin v27.5 - https:\/\/yoast.com\/product\/yoast-seo-wordpress\/ -->\n<title>Aplikace \u2013 Videa - Fusion, Inc.<\/title>\n<meta name=\"robots\" content=\"index, follow, max-snippet:-1, max-image-preview:large, max-video-preview:-1\" \/>\n<link rel=\"canonical\" href=\"https:\/\/www.fusion-inc.com\/cs\/application-videos\/\" \/>\n<meta property=\"og:locale\" content=\"cs_CZ\" \/>\n<meta property=\"og:type\" content=\"article\" \/>\n<meta property=\"og:title\" content=\"Aplikace \u2013 Videa - Fusion, Inc.\" \/>\n<meta property=\"og:description\" content=\"Prost\u0159ednictv\u00edm vide\u00ed spole\u010dnosti Fusion se sezn\u00e1m\u00edte s na\u0161\u00edm sortimentem past, aplik\u00e1tor\u016f a dal\u0161\u00edho vybaven\u00ed. Prohl\u00e9dnut\u00edm technologi\u00ed spole\u010dnosti Fusion v akci z\u00edsk\u00e1te p\u0159ehled o p\u0159\u00ednosech, kter\u00fdch m\u016f\u017ee b\u00fdt dosa\u017eeno s pou\u017eit\u00edm na\u0161ich p\u00e1jec\u00edch a letovac\u00edch \u0159e\u0161en\u00ed. Tato videa zobrazuj\u00ed jen \u00fazkou \u0161k\u00e1lu aplikac\u00ed a odv\u011btv\u00ed, do kter\u00fdch dod\u00e1v\u00e1me na\u0161e produkty, nap\u0159. automobilov\u00fd pr\u016fmysl, elektro, potrub\u00ed, vyt\u00e1p\u011bn\u00ed,... [...]Read More...\" \/>\n<meta property=\"og:url\" content=\"https:\/\/www.fusion-inc.com\/cs\/application-videos\/\" \/>\n<meta property=\"og:site_name\" content=\"Fusion, Inc.\" \/>\n<meta property=\"article:modified_time\" content=\"2024-01-31T15:36:49+00:00\" \/>\n<meta name=\"twitter:label1\" content=\"Odhadovan\u00e1 doba \u010dten\u00ed\" \/>\n\t<meta name=\"twitter:data1\" content=\"1 minuta\" \/>\n<script type=\"application\/ld+json\" class=\"yoast-schema-graph\">{\"@context\":\"https:\\\/\\\/schema.org\",\"@graph\":[{\"@type\":\"WebPage\",\"@id\":\"https:\\\/\\\/www.fusion-inc.com\\\/cs\\\/application-videos\\\/\",\"url\":\"https:\\\/\\\/www.fusion-inc.com\\\/cs\\\/application-videos\\\/\",\"name\":\"Aplikace \u2013 Videa - Fusion, Inc.\",\"isPartOf\":{\"@id\":\"https:\\\/\\\/www.fusion-inc.com\\\/#website\"},\"datePublished\":\"2024-01-29T14:01:43+00:00\",\"dateModified\":\"2024-01-31T15:36:49+00:00\",\"breadcrumb\":{\"@id\":\"https:\\\/\\\/www.fusion-inc.com\\\/cs\\\/application-videos\\\/#breadcrumb\"},\"inLanguage\":\"cs\",\"potentialAction\":[{\"@type\":\"ReadAction\",\"target\":[\"https:\\\/\\\/www.fusion-inc.com\\\/cs\\\/application-videos\\\/\"]}]},{\"@type\":\"BreadcrumbList\",\"@id\":\"https:\\\/\\\/www.fusion-inc.com\\\/cs\\\/application-videos\\\/#breadcrumb\",\"itemListElement\":[{\"@type\":\"ListItem\",\"position\":1,\"name\":\"Home\",\"item\":\"https:\\\/\\\/www.fusion-inc.com\\\/cs\\\/\"},{\"@type\":\"ListItem\",\"position\":2,\"name\":\"Aplikace \u2013 Videa\"}]},{\"@type\":\"WebSite\",\"@id\":\"https:\\\/\\\/www.fusion-inc.com\\\/#website\",\"url\":\"https:\\\/\\\/www.fusion-inc.com\\\/\",\"name\":\"Fusion, Inc.\",\"description\":\"\",\"potentialAction\":[{\"@type\":\"SearchAction\",\"target\":{\"@type\":\"EntryPoint\",\"urlTemplate\":\"https:\\\/\\\/www.fusion-inc.com\\\/?s={search_term_string}\"},\"query-input\":{\"@type\":\"PropertyValueSpecification\",\"valueRequired\":true,\"valueName\":\"search_term_string\"}}],\"inLanguage\":\"cs\"}]}<\/script>\n<!-- \/ Yoast SEO plugin. -->","yoast_head_json":{"title":"Aplikace \u2013 Videa - Fusion, Inc.","robots":{"index":"index","follow":"follow","max-snippet":"max-snippet:-1","max-image-preview":"max-image-preview:large","max-video-preview":"max-video-preview:-1"},"canonical":"https:\/\/www.fusion-inc.com\/cs\/application-videos\/","og_locale":"cs_CZ","og_type":"article","og_title":"Aplikace \u2013 Videa - Fusion, Inc.","og_description":"Prost\u0159ednictv\u00edm vide\u00ed spole\u010dnosti Fusion se sezn\u00e1m\u00edte s na\u0161\u00edm sortimentem past, aplik\u00e1tor\u016f a dal\u0161\u00edho vybaven\u00ed. Prohl\u00e9dnut\u00edm technologi\u00ed spole\u010dnosti Fusion v akci z\u00edsk\u00e1te p\u0159ehled o p\u0159\u00ednosech, kter\u00fdch m\u016f\u017ee b\u00fdt dosa\u017eeno s pou\u017eit\u00edm na\u0161ich p\u00e1jec\u00edch a letovac\u00edch \u0159e\u0161en\u00ed. Tato videa zobrazuj\u00ed jen \u00fazkou \u0161k\u00e1lu aplikac\u00ed a odv\u011btv\u00ed, do kter\u00fdch dod\u00e1v\u00e1me na\u0161e produkty, nap\u0159. automobilov\u00fd pr\u016fmysl, elektro, potrub\u00ed, vyt\u00e1p\u011bn\u00ed,... [...]Read More...","og_url":"https:\/\/www.fusion-inc.com\/cs\/application-videos\/","og_site_name":"Fusion, Inc.","article_modified_time":"2024-01-31T15:36:49+00:00","twitter_misc":{"Odhadovan\u00e1 doba \u010dten\u00ed":"1 minuta"},"schema":{"@context":"https:\/\/schema.org","@graph":[{"@type":"WebPage","@id":"https:\/\/www.fusion-inc.com\/cs\/application-videos\/","url":"https:\/\/www.fusion-inc.com\/cs\/application-videos\/","name":"Aplikace \u2013 Videa - Fusion, Inc.","isPartOf":{"@id":"https:\/\/www.fusion-inc.com\/#website"},"datePublished":"2024-01-29T14:01:43+00:00","dateModified":"2024-01-31T15:36:49+00:00","breadcrumb":{"@id":"https:\/\/www.fusion-inc.com\/cs\/application-videos\/#breadcrumb"},"inLanguage":"cs","potentialAction":[{"@type":"ReadAction","target":["https:\/\/www.fusion-inc.com\/cs\/application-videos\/"]}]},{"@type":"BreadcrumbList","@id":"https:\/\/www.fusion-inc.com\/cs\/application-videos\/#breadcrumb","itemListElement":[{"@type":"ListItem","position":1,"name":"Home","item":"https:\/\/www.fusion-inc.com\/cs\/"},{"@type":"ListItem","position":2,"name":"Aplikace \u2013 Videa"}]},{"@type":"WebSite","@id":"https:\/\/www.fusion-inc.com\/#website","url":"https:\/\/www.fusion-inc.com\/","name":"Fusion, Inc.","description":"","potentialAction":[{"@type":"SearchAction","target":{"@type":"EntryPoint","urlTemplate":"https:\/\/www.fusion-inc.com\/?s={search_term_string}"},"query-input":{"@type":"PropertyValueSpecification","valueRequired":true,"valueName":"search_term_string"}}],"inLanguage":"cs"}]}},"_links":{"self":[{"href":"https:\/\/www.fusion-inc.com\/cs\/wp-json\/wp\/v2\/pages\/5079","targetHints":{"allow":["GET"]}}],"collection":[{"href":"https:\/\/www.fusion-inc.com\/cs\/wp-json\/wp\/v2\/pages"}],"about":[{"href":"https:\/\/www.fusion-inc.com\/cs\/wp-json\/wp\/v2\/types\/page"}],"author":[{"embeddable":true,"href":"https:\/\/www.fusion-inc.com\/cs\/wp-json\/wp\/v2\/users\/26"}],"replies":[{"embeddable":true,"href":"https:\/\/www.fusion-inc.com\/cs\/wp-json\/wp\/v2\/comments?post=5079"}],"version-history":[{"count":0,"href":"https:\/\/www.fusion-inc.com\/cs\/wp-json\/wp\/v2\/pages\/5079\/revisions"}],"wp:attachment":[{"href":"https:\/\/www.fusion-inc.com\/cs\/wp-json\/wp\/v2\/media?parent=5079"}],"curies":[{"name":"wp","href":"https:\/\/api.w.org\/{rel}","templated":true}]}}