{"id":5068,"date":"2024-01-23T13:29:00","date_gmt":"2024-01-23T13:29:00","guid":{"rendered":"https:\/\/fusioninc.wpengine.com\/?page_id=5068"},"modified":"2024-01-30T14:15:28","modified_gmt":"2024-01-30T14:15:28","slug":"brazing-soldering-machine","status":"publish","type":"page","link":"https:\/\/www.fusion-inc.com\/cs\/brazing-soldering-machine\/","title":{"rendered":"Automatick\u00e9 stroje pro tvrd\u00e9 a m\u011bkk\u00e9 p\u00e1jen\u00ed"},"content":{"rendered":"<p>Technologie automatick\u00fdch p\u0159\u00edstroj\u016f pro m\u011bkk\u00e9 a tvrd\u00e9 p\u00e1jen\u00ed od spole\u010dnosti Fusion napom\u00e1h\u00e1 nejen ke sn\u00ed\u017een\u00ed n\u00e1klad\u016f na p\u00e1jen\u00ed a poklesu po\u010dtu vadn\u00fdch v\u00fdrobk\u016f, ale z\u00e1rove\u0148 vylep\u0161uje i kvalitu spoj\u016f. Jeden oper\u00e1tor obvykle vkl\u00e1d\u00e1 a odeb\u00edr\u00e1 sou\u010d\u00e1stky, stroj mezit\u00edm nan\u00e1\u0161\u00ed p\u0159\u00eddavn\u00fd kov a tavidlo a tak\u00e9 prov\u00e1d\u00ed oh\u0159ev i chlazen\u00ed.<\/p>\n<p>D\u00edky automatizaci m\u011bkk\u00e9ho a tvrd\u00e9ho p\u00e1jen\u00ed doch\u00e1z\u00ed ke sn\u00ed\u017een\u00ed materi\u00e1lov\u00fdch n\u00e1klad\u016f, nebo\u0165 p\u0159\u00eddavn\u00fd kov a tavidlo jsou nan\u00e1\u0161eny automaticky, v p\u0159esn\u011b odm\u011b\u0159en\u00e9m mno\u017estv\u00ed. Cena pr\u00e1ce se tak\u00e9 v\u00fdrazn\u011b sni\u017euje, jeliko\u017e jeden oper\u00e1tor vyrob\u00ed stovky produkt\u016f za hodinu.<\/p>\n<ul>\n<li><strong>Jednoduch\u00e1 p\u00e1jec\u00ed stanice Braze Mate <\/strong>\u2013 ide\u00e1ln\u00ed automatick\u00fd p\u00e1jec\u00ed p\u0159\u00edstroj pro produkty s ni\u017e\u0161\u00edm objemem v\u00fdroby nebo pro kr\u00e1tk\u00e9 s\u00e9rie r\u016fzn\u00fdch typ\u016f v\u00fdrobk\u016f<\/li>\n<li><strong>Rota\u010dn\u00ed index<\/strong> \u2013 upevn\u011bn\u00e9 sou\u010d\u00e1stky proch\u00e1z\u00ed v rychl\u00e9m sledu postupn\u011b aplikac\u00ed p\u00e1jec\u00ed slitiny, zah\u0159\u00edvac\u00edm a chlad\u00edc\u00edm cyklem<\/li>\n<li><strong>Induk\u010dn\u00ed p\u00e1jec\u00ed p\u0159\u00edstroj<\/strong> \u2013 elektricky generovan\u00e1 indukce je alternativou k zah\u0159\u00edv\u00e1n\u00ed plamenem<\/li>\n<li><strong>Induk\u010dn\u00ed p\u00e1jen\u00ed v ochrann\u00e9 atmosf\u00e9\u0159e <\/strong>\u2013 dobr\u00e1 alternativa k p\u00e1jen\u00ed oceli a nerezov\u00e9 oceli v peci<\/li>\n<li><strong>Podava\u010d dr\u00e1tu Wire Feed<\/strong> \u2013 alternativa k p\u00e1jen\u00ed pastou, obzvl\u00e1\u0161t\u011b vhodn\u00e1 pro n\u011bkter\u00e9 typy spoj\u016f<\/li>\n<\/ul>\n<p>Spole\u010dnost Fusion, V\u00e1\u0161 univerz\u00e1ln\u00ed dodavatel materi\u00e1l\u016f pro p\u00e1jen\u00ed, nab\u00edz\u00ed pasty, tavidla, p\u0159\u00eddavn\u00e9 kovy, d\u00e1vkova\u010de past a automatick\u00e1 strojn\u00ed za\u0159\u00edzen\u00ed pro p\u00e1jen\u00ed a letov\u00e1n\u00ed.<\/p>\n<p>Fusion je V\u00e1m pln\u011b k dispozici na jak\u00e9mkoliv m\u00edst\u011b v \u010cesk\u00e9 republice i jinde na sv\u011bt\u011b. Pros\u00edm, <a href=\"\/worldwide\/#czech-republic\">kontaktujte n\u00e1s<\/a> nebo <a href=\"\/cs\/request-for-quote-czech\/\">popi\u0161t\u011b Va\u0161i aplikaci zde<\/a>.<\/p>\n","protected":false},"excerpt":{"rendered":"<p>Technologie automatick\u00fdch p\u0159\u00edstroj\u016f pro m\u011bkk\u00e9 a tvrd\u00e9 p\u00e1jen\u00ed od spole\u010dnosti Fusion napom\u00e1h\u00e1 nejen ke sn\u00ed\u017een\u00ed n\u00e1klad\u016f na p\u00e1jen\u00ed a poklesu po\u010dtu vadn\u00fdch v\u00fdrobk\u016f, ale z\u00e1rove\u0148 vylep\u0161uje i kvalitu spoj\u016f. Jeden oper\u00e1tor obvykle vkl\u00e1d\u00e1 a odeb\u00edr\u00e1 sou\u010d\u00e1stky, stroj mezit\u00edm nan\u00e1\u0161\u00ed p\u0159\u00eddavn\u00fd kov a tavidlo a tak\u00e9 prov\u00e1d\u00ed oh\u0159ev i chlazen\u00ed. D\u00edky automatizaci m\u011bkk\u00e9ho a tvrd\u00e9ho p\u00e1jen\u00ed&#8230; [&#8230;]<\/p>\n<p><a class=\"btn btn-secondary understrap-read-more-link\" href=\"https:\/\/www.fusion-inc.com\/cs\/brazing-soldering-machine\/\">Read More&#8230;<\/a><\/p>\n","protected":false},"author":26,"featured_media":0,"parent":0,"menu_order":0,"comment_status":"closed","ping_status":"closed","template":"page-templates\/destination-content.php","meta":{"_acf_changed":false,"inline_featured_image":false,"footnotes":""},"class_list":["post-5068","page","type-page","status-publish","hentry"],"acf":[],"yoast_head":"<!-- This site is optimized with the Yoast SEO plugin v27.3 - https:\/\/yoast.com\/product\/yoast-seo-wordpress\/ -->\n<title>Automatick\u00e9 stroje pro tvrd\u00e9 a m\u011bkk\u00e9 p\u00e1jen\u00ed - Fusion, Inc.<\/title>\n<meta name=\"robots\" content=\"index, follow, max-snippet:-1, max-image-preview:large, max-video-preview:-1\" \/>\n<link rel=\"canonical\" href=\"https:\/\/www.fusion-inc.com\/products\/automated-machines\/\" \/>\n<meta property=\"og:locale\" content=\"cs_CZ\" \/>\n<meta property=\"og:type\" content=\"article\" \/>\n<meta property=\"og:title\" content=\"Automatick\u00e9 stroje pro tvrd\u00e9 a m\u011bkk\u00e9 p\u00e1jen\u00ed - Fusion, Inc.\" \/>\n<meta property=\"og:description\" content=\"Technologie automatick\u00fdch p\u0159\u00edstroj\u016f pro m\u011bkk\u00e9 a tvrd\u00e9 p\u00e1jen\u00ed od spole\u010dnosti Fusion napom\u00e1h\u00e1 nejen ke sn\u00ed\u017een\u00ed n\u00e1klad\u016f na p\u00e1jen\u00ed a poklesu po\u010dtu vadn\u00fdch v\u00fdrobk\u016f, ale z\u00e1rove\u0148 vylep\u0161uje i kvalitu spoj\u016f. Jeden oper\u00e1tor obvykle vkl\u00e1d\u00e1 a odeb\u00edr\u00e1 sou\u010d\u00e1stky, stroj mezit\u00edm nan\u00e1\u0161\u00ed p\u0159\u00eddavn\u00fd kov a tavidlo a tak\u00e9 prov\u00e1d\u00ed oh\u0159ev i chlazen\u00ed. D\u00edky automatizaci m\u011bkk\u00e9ho a tvrd\u00e9ho p\u00e1jen\u00ed... [...]Read More...\" \/>\n<meta property=\"og:url\" content=\"https:\/\/www.fusion-inc.com\/products\/automated-machines\/\" \/>\n<meta property=\"og:site_name\" content=\"Fusion, Inc.\" \/>\n<meta property=\"article:modified_time\" content=\"2024-01-30T14:15:28+00:00\" \/>\n<meta name=\"twitter:label1\" content=\"Odhadovan\u00e1 doba \u010dten\u00ed\" \/>\n\t<meta name=\"twitter:data1\" content=\"1 minuta\" \/>\n<script type=\"application\/ld+json\" class=\"yoast-schema-graph\">{\"@context\":\"https:\\\/\\\/schema.org\",\"@graph\":[{\"@type\":\"WebPage\",\"@id\":\"https:\\\/\\\/www.fusion-inc.com\\\/products\\\/automated-machines\\\/\",\"url\":\"https:\\\/\\\/www.fusion-inc.com\\\/products\\\/automated-machines\\\/\",\"name\":\"Automatick\u00e9 stroje pro tvrd\u00e9 a m\u011bkk\u00e9 p\u00e1jen\u00ed - Fusion, Inc.\",\"isPartOf\":{\"@id\":\"https:\\\/\\\/www.fusion-inc.com\\\/#website\"},\"datePublished\":\"2024-01-23T13:29:00+00:00\",\"dateModified\":\"2024-01-30T14:15:28+00:00\",\"breadcrumb\":{\"@id\":\"https:\\\/\\\/www.fusion-inc.com\\\/products\\\/automated-machines\\\/#breadcrumb\"},\"inLanguage\":\"cs\",\"potentialAction\":[{\"@type\":\"ReadAction\",\"target\":[\"https:\\\/\\\/www.fusion-inc.com\\\/products\\\/automated-machines\\\/\"]}]},{\"@type\":\"BreadcrumbList\",\"@id\":\"https:\\\/\\\/www.fusion-inc.com\\\/products\\\/automated-machines\\\/#breadcrumb\",\"itemListElement\":[{\"@type\":\"ListItem\",\"position\":1,\"name\":\"Home\",\"item\":\"https:\\\/\\\/www.fusion-inc.com\\\/cs\\\/\"},{\"@type\":\"ListItem\",\"position\":2,\"name\":\"Automatick\u00e9 stroje pro tvrd\u00e9 a m\u011bkk\u00e9 p\u00e1jen\u00ed\"}]},{\"@type\":\"WebSite\",\"@id\":\"https:\\\/\\\/www.fusion-inc.com\\\/#website\",\"url\":\"https:\\\/\\\/www.fusion-inc.com\\\/\",\"name\":\"Fusion, Inc.\",\"description\":\"\",\"potentialAction\":[{\"@type\":\"SearchAction\",\"target\":{\"@type\":\"EntryPoint\",\"urlTemplate\":\"https:\\\/\\\/www.fusion-inc.com\\\/?s={search_term_string}\"},\"query-input\":{\"@type\":\"PropertyValueSpecification\",\"valueRequired\":true,\"valueName\":\"search_term_string\"}}],\"inLanguage\":\"cs\"}]}<\/script>\n<!-- \/ Yoast SEO plugin. -->","yoast_head_json":{"title":"Automatick\u00e9 stroje pro tvrd\u00e9 a m\u011bkk\u00e9 p\u00e1jen\u00ed - Fusion, Inc.","robots":{"index":"index","follow":"follow","max-snippet":"max-snippet:-1","max-image-preview":"max-image-preview:large","max-video-preview":"max-video-preview:-1"},"canonical":"https:\/\/www.fusion-inc.com\/products\/automated-machines\/","og_locale":"cs_CZ","og_type":"article","og_title":"Automatick\u00e9 stroje pro tvrd\u00e9 a m\u011bkk\u00e9 p\u00e1jen\u00ed - Fusion, Inc.","og_description":"Technologie automatick\u00fdch p\u0159\u00edstroj\u016f pro m\u011bkk\u00e9 a tvrd\u00e9 p\u00e1jen\u00ed od spole\u010dnosti Fusion napom\u00e1h\u00e1 nejen ke sn\u00ed\u017een\u00ed n\u00e1klad\u016f na p\u00e1jen\u00ed a poklesu po\u010dtu vadn\u00fdch v\u00fdrobk\u016f, ale z\u00e1rove\u0148 vylep\u0161uje i kvalitu spoj\u016f. Jeden oper\u00e1tor obvykle vkl\u00e1d\u00e1 a odeb\u00edr\u00e1 sou\u010d\u00e1stky, stroj mezit\u00edm nan\u00e1\u0161\u00ed p\u0159\u00eddavn\u00fd kov a tavidlo a tak\u00e9 prov\u00e1d\u00ed oh\u0159ev i chlazen\u00ed. D\u00edky automatizaci m\u011bkk\u00e9ho a tvrd\u00e9ho p\u00e1jen\u00ed... [...]Read More...","og_url":"https:\/\/www.fusion-inc.com\/products\/automated-machines\/","og_site_name":"Fusion, Inc.","article_modified_time":"2024-01-30T14:15:28+00:00","twitter_misc":{"Odhadovan\u00e1 doba \u010dten\u00ed":"1 minuta"},"schema":{"@context":"https:\/\/schema.org","@graph":[{"@type":"WebPage","@id":"https:\/\/www.fusion-inc.com\/products\/automated-machines\/","url":"https:\/\/www.fusion-inc.com\/products\/automated-machines\/","name":"Automatick\u00e9 stroje pro tvrd\u00e9 a m\u011bkk\u00e9 p\u00e1jen\u00ed - Fusion, Inc.","isPartOf":{"@id":"https:\/\/www.fusion-inc.com\/#website"},"datePublished":"2024-01-23T13:29:00+00:00","dateModified":"2024-01-30T14:15:28+00:00","breadcrumb":{"@id":"https:\/\/www.fusion-inc.com\/products\/automated-machines\/#breadcrumb"},"inLanguage":"cs","potentialAction":[{"@type":"ReadAction","target":["https:\/\/www.fusion-inc.com\/products\/automated-machines\/"]}]},{"@type":"BreadcrumbList","@id":"https:\/\/www.fusion-inc.com\/products\/automated-machines\/#breadcrumb","itemListElement":[{"@type":"ListItem","position":1,"name":"Home","item":"https:\/\/www.fusion-inc.com\/cs\/"},{"@type":"ListItem","position":2,"name":"Automatick\u00e9 stroje pro tvrd\u00e9 a m\u011bkk\u00e9 p\u00e1jen\u00ed"}]},{"@type":"WebSite","@id":"https:\/\/www.fusion-inc.com\/#website","url":"https:\/\/www.fusion-inc.com\/","name":"Fusion, Inc.","description":"","potentialAction":[{"@type":"SearchAction","target":{"@type":"EntryPoint","urlTemplate":"https:\/\/www.fusion-inc.com\/?s={search_term_string}"},"query-input":{"@type":"PropertyValueSpecification","valueRequired":true,"valueName":"search_term_string"}}],"inLanguage":"cs"}]}},"_links":{"self":[{"href":"https:\/\/www.fusion-inc.com\/cs\/wp-json\/wp\/v2\/pages\/5068","targetHints":{"allow":["GET"]}}],"collection":[{"href":"https:\/\/www.fusion-inc.com\/cs\/wp-json\/wp\/v2\/pages"}],"about":[{"href":"https:\/\/www.fusion-inc.com\/cs\/wp-json\/wp\/v2\/types\/page"}],"author":[{"embeddable":true,"href":"https:\/\/www.fusion-inc.com\/cs\/wp-json\/wp\/v2\/users\/26"}],"replies":[{"embeddable":true,"href":"https:\/\/www.fusion-inc.com\/cs\/wp-json\/wp\/v2\/comments?post=5068"}],"version-history":[{"count":0,"href":"https:\/\/www.fusion-inc.com\/cs\/wp-json\/wp\/v2\/pages\/5068\/revisions"}],"wp:attachment":[{"href":"https:\/\/www.fusion-inc.com\/cs\/wp-json\/wp\/v2\/media?parent=5068"}],"curies":[{"name":"wp","href":"https:\/\/api.w.org\/{rel}","templated":true}]}}