{"id":5039,"date":"2024-01-23T11:28:37","date_gmt":"2024-01-23T11:28:37","guid":{"rendered":"https:\/\/fusioninc.wpengine.com\/?page_id=5039"},"modified":"2024-01-31T15:45:40","modified_gmt":"2024-01-31T15:45:40","slug":"paste-filler-metals","status":"publish","type":"page","link":"https:\/\/www.fusion-inc.com\/cs\/paste-filler-metals\/","title":{"rendered":"P\u00e1jec\u00ed a letovac\u00ed p\u0159\u00eddavn\u00e9 kovy ve form\u011b pasty"},"content":{"rendered":"<div class=\"alignright\"><a class=\"lightbox\" href=\"\/wp-content\/uploads\/fillerTopPic.jpg\"><img decoding=\"async\" src=\"\/wp-content\/uploads\/fillerTopPic.jpg\" alt=\"Paste Filler Metals \" title=\"Paste Filler Metals \"><\/a><\/div>\n<p>Fusion nab\u00edz\u00ed \u0161irok\u00e9 spektrum r\u016fzn\u00fdch p\u00e1jec\u00edch a letovac\u00edch past pro pou\u017eit\u00ed p\u0159i m\u011bkk\u00e9m a tvrd\u00e9m p\u00e1jen\u00ed kov\u016f. P\u00e1jec\u00ed a letovac\u00ed pasty spole\u010dnosti Fusion se skl\u00e1daj\u00ed z atomizovan\u00e9ho pr\u00e1\u0161ku obsahuj\u00edc\u00edho v\u00fdpl\u0148ov\u00fd kov, tavidla a pojiva pasty. V\u0161echny elementy jsou sm\u00edch\u00e1ny do homogenn\u00ed sm\u011bsi a ka\u017ed\u00e1 z t\u011bchto slo\u017eek pln\u00ed v pastov\u00fdch slitin\u00e1ch spole\u010dnosti Fusion jedine\u010dnou funkci. Tyto pasty pro p\u00e1jen\u00ed kovu se hod\u00ed pro \u0161irokou \u0161k\u00e1lu tvar\u016f a podob spoj\u016f, na\u0161e d\u00e1vkova\u010de umo\u017e\u0148uj\u00ed u\u017eivateli kontrolovat spot\u0159ebu pasty a to v\u0161e p\u0159isp\u00edv\u00e1 k mimo\u0159\u00e1dn\u00e9 kvalit\u011b spoj\u016f a \u00faspor\u00e1m n\u00e1klad\u016f. Charakteristick\u00e9 vlastnosti ka\u017ed\u00e9 pasty, nap\u0159. viskozita a pr\u016ftok, mohou b\u00fdt rovn\u011b\u017e regulov\u00e1ny.<\/p>\n<p>Sortiment spole\u010dnosti Fusion zahrnuje celou \u0159adu p\u00e1jec\u00edch a letovac\u00edch p\u0159\u00eddavn\u00fdch kov\u016f s obsahem st\u0159\u00edbra, fosforu\/m\u011bdi, m\u011bdi, niklu a hlin\u00edku a je ur\u010den pro \u0161irok\u00e9 spektrum p\u00e1jec\u00edch a letovac\u00edch pot\u0159eb. Kovov\u00e1 plniva a p\u00e1jec\u00ed tavidla jsou dostupn\u00e1 pro letov\u00e1n\u00ed st\u0159\u00edbra, p\u00e1jen\u00ed oceli, nerezu, mosazi, m\u011bdi a hlin\u00edku, stejn\u011b tak i pro p\u00e1jen\u00ed karbidu a oceli. Koncentrace pr\u00e1\u0161kov\u00fdch p\u00e1jec\u00edch a letovac\u00edch p\u0159\u00eddavn\u00fdch kov\u016f m\u016f\u017ee b\u00fdt nastavena tak, aby bylo dosa\u017eeno nejlep\u0161\u00edho pom\u011bru v\u00fdkonnosti a n\u00e1klad\u016f.<\/p>\n<p>Spole\u010dnost Fusion, V\u00e1\u0161 univerz\u00e1ln\u00ed dodavatel materi\u00e1l\u016f pro p\u00e1jen\u00ed, vyr\u00e1b\u00ed pasty pro m\u011bkk\u00e9 a tvrd\u00e9 p\u00e1jen\u00ed, tavidla, p\u0159\u00eddavn\u00e9 kovy, d\u00e1vkova\u010de past a automatick\u00e1 strojn\u00ed za\u0159\u00edzen\u00ed pro p\u00e1jen\u00ed a letov\u00e1n\u00ed.<\/p>\n<p><a href=\"\/wp-content\/uploads\/PasteBrazing-Soldering-Alloys.pdf\" target=\"_blank\" rel=\"noopener\"><img decoding=\"async\" src=\"\/wp-content\/uploads\/filler-metals-pdf-thumb.jpg\" alt=\"Filler Metals Pdf Thumb\" \ntitle=\"Filler Metals Pdf Thumb\" class=\"pdf_icon\"><br \/>Download PDF >><\/a><\/p>\n<p>Fusion je V\u00e1m pln\u011b k dispozici na jak\u00e9mkoliv m\u00edst\u011b v \u010cesk\u00e9 republice i jinde na sv\u011bt\u011b. Pros\u00edm, <a href=\"\/worldwide\/#czech-republic\">kontaktujte n\u00e1s<\/a> nebo <a href=\"\/cs\/request-for-quote-czech\/\">popi\u0161t\u011b Va\u0161i aplikaci zde<\/a>.<\/p>\n","protected":false},"excerpt":{"rendered":"<p>Fusion nab\u00edz\u00ed \u0161irok\u00e9 spektrum r\u016fzn\u00fdch p\u00e1jec\u00edch a letovac\u00edch past pro pou\u017eit\u00ed p\u0159i m\u011bkk\u00e9m a tvrd\u00e9m p\u00e1jen\u00ed kov\u016f. P\u00e1jec\u00ed a letovac\u00ed pasty spole\u010dnosti Fusion se skl\u00e1daj\u00ed z atomizovan\u00e9ho pr\u00e1\u0161ku obsahuj\u00edc\u00edho v\u00fdpl\u0148ov\u00fd kov, tavidla a pojiva pasty. V\u0161echny elementy jsou sm\u00edch\u00e1ny do homogenn\u00ed sm\u011bsi a ka\u017ed\u00e1 z t\u011bchto slo\u017eek pln\u00ed v pastov\u00fdch slitin\u00e1ch spole\u010dnosti Fusion jedine\u010dnou funkci&#8230;. [&#8230;]<\/p>\n<p><a class=\"btn btn-secondary understrap-read-more-link\" href=\"https:\/\/www.fusion-inc.com\/cs\/paste-filler-metals\/\">Read More&#8230;<\/a><\/p>\n","protected":false},"author":26,"featured_media":0,"parent":0,"menu_order":0,"comment_status":"closed","ping_status":"closed","template":"page-templates\/destination-content.php","meta":{"_acf_changed":false,"inline_featured_image":false,"footnotes":""},"class_list":["post-5039","page","type-page","status-publish","hentry"],"acf":[],"yoast_head":"<!-- This site is optimized with the Yoast SEO plugin v27.4 - https:\/\/yoast.com\/product\/yoast-seo-wordpress\/ -->\n<title>P\u00e1jec\u00ed a letovac\u00ed p\u0159\u00eddavn\u00e9 kovy ve form\u011b pasty - Fusion, Inc.<\/title>\n<meta name=\"robots\" content=\"index, follow, max-snippet:-1, max-image-preview:large, max-video-preview:-1\" \/>\n<link rel=\"canonical\" href=\"https:\/\/www.fusion-inc.com\/cs\/paste-filler-metals\/\" \/>\n<meta property=\"og:locale\" content=\"cs_CZ\" \/>\n<meta property=\"og:type\" content=\"article\" \/>\n<meta property=\"og:title\" content=\"P\u00e1jec\u00ed a letovac\u00ed p\u0159\u00eddavn\u00e9 kovy ve form\u011b pasty - Fusion, Inc.\" \/>\n<meta property=\"og:description\" content=\"Fusion nab\u00edz\u00ed \u0161irok\u00e9 spektrum r\u016fzn\u00fdch p\u00e1jec\u00edch a letovac\u00edch past pro pou\u017eit\u00ed p\u0159i m\u011bkk\u00e9m a tvrd\u00e9m p\u00e1jen\u00ed kov\u016f. P\u00e1jec\u00ed a letovac\u00ed pasty spole\u010dnosti Fusion se skl\u00e1daj\u00ed z atomizovan\u00e9ho pr\u00e1\u0161ku obsahuj\u00edc\u00edho v\u00fdpl\u0148ov\u00fd kov, tavidla a pojiva pasty. V\u0161echny elementy jsou sm\u00edch\u00e1ny do homogenn\u00ed sm\u011bsi a ka\u017ed\u00e1 z t\u011bchto slo\u017eek pln\u00ed v pastov\u00fdch slitin\u00e1ch spole\u010dnosti Fusion jedine\u010dnou funkci.... [...]Read More...\" \/>\n<meta property=\"og:url\" content=\"https:\/\/www.fusion-inc.com\/cs\/paste-filler-metals\/\" \/>\n<meta property=\"og:site_name\" content=\"Fusion, Inc.\" \/>\n<meta property=\"article:modified_time\" content=\"2024-01-31T15:45:40+00:00\" \/>\n<meta name=\"twitter:label1\" content=\"Odhadovan\u00e1 doba \u010dten\u00ed\" \/>\n\t<meta name=\"twitter:data1\" content=\"2 minuty\" \/>\n<script type=\"application\/ld+json\" class=\"yoast-schema-graph\">{\"@context\":\"https:\\\/\\\/schema.org\",\"@graph\":[{\"@type\":\"WebPage\",\"@id\":\"https:\\\/\\\/www.fusion-inc.com\\\/cs\\\/paste-filler-metals\\\/\",\"url\":\"https:\\\/\\\/www.fusion-inc.com\\\/cs\\\/paste-filler-metals\\\/\",\"name\":\"P\u00e1jec\u00ed a letovac\u00ed p\u0159\u00eddavn\u00e9 kovy ve form\u011b pasty - Fusion, Inc.\",\"isPartOf\":{\"@id\":\"https:\\\/\\\/www.fusion-inc.com\\\/#website\"},\"datePublished\":\"2024-01-23T11:28:37+00:00\",\"dateModified\":\"2024-01-31T15:45:40+00:00\",\"breadcrumb\":{\"@id\":\"https:\\\/\\\/www.fusion-inc.com\\\/cs\\\/paste-filler-metals\\\/#breadcrumb\"},\"inLanguage\":\"cs\",\"potentialAction\":[{\"@type\":\"ReadAction\",\"target\":[\"https:\\\/\\\/www.fusion-inc.com\\\/cs\\\/paste-filler-metals\\\/\"]}]},{\"@type\":\"BreadcrumbList\",\"@id\":\"https:\\\/\\\/www.fusion-inc.com\\\/cs\\\/paste-filler-metals\\\/#breadcrumb\",\"itemListElement\":[{\"@type\":\"ListItem\",\"position\":1,\"name\":\"Home\",\"item\":\"https:\\\/\\\/www.fusion-inc.com\\\/cs\\\/\"},{\"@type\":\"ListItem\",\"position\":2,\"name\":\"P\u00e1jec\u00ed a letovac\u00ed p\u0159\u00eddavn\u00e9 kovy ve form\u011b pasty\"}]},{\"@type\":\"WebSite\",\"@id\":\"https:\\\/\\\/www.fusion-inc.com\\\/#website\",\"url\":\"https:\\\/\\\/www.fusion-inc.com\\\/\",\"name\":\"Fusion, Inc.\",\"description\":\"\",\"potentialAction\":[{\"@type\":\"SearchAction\",\"target\":{\"@type\":\"EntryPoint\",\"urlTemplate\":\"https:\\\/\\\/www.fusion-inc.com\\\/?s={search_term_string}\"},\"query-input\":{\"@type\":\"PropertyValueSpecification\",\"valueRequired\":true,\"valueName\":\"search_term_string\"}}],\"inLanguage\":\"cs\"}]}<\/script>\n<!-- \/ Yoast SEO plugin. -->","yoast_head_json":{"title":"P\u00e1jec\u00ed a letovac\u00ed p\u0159\u00eddavn\u00e9 kovy ve form\u011b pasty - Fusion, Inc.","robots":{"index":"index","follow":"follow","max-snippet":"max-snippet:-1","max-image-preview":"max-image-preview:large","max-video-preview":"max-video-preview:-1"},"canonical":"https:\/\/www.fusion-inc.com\/cs\/paste-filler-metals\/","og_locale":"cs_CZ","og_type":"article","og_title":"P\u00e1jec\u00ed a letovac\u00ed p\u0159\u00eddavn\u00e9 kovy ve form\u011b pasty - Fusion, Inc.","og_description":"Fusion nab\u00edz\u00ed \u0161irok\u00e9 spektrum r\u016fzn\u00fdch p\u00e1jec\u00edch a letovac\u00edch past pro pou\u017eit\u00ed p\u0159i m\u011bkk\u00e9m a tvrd\u00e9m p\u00e1jen\u00ed kov\u016f. P\u00e1jec\u00ed a letovac\u00ed pasty spole\u010dnosti Fusion se skl\u00e1daj\u00ed z atomizovan\u00e9ho pr\u00e1\u0161ku obsahuj\u00edc\u00edho v\u00fdpl\u0148ov\u00fd kov, tavidla a pojiva pasty. V\u0161echny elementy jsou sm\u00edch\u00e1ny do homogenn\u00ed sm\u011bsi a ka\u017ed\u00e1 z t\u011bchto slo\u017eek pln\u00ed v pastov\u00fdch slitin\u00e1ch spole\u010dnosti Fusion jedine\u010dnou funkci.... [...]Read More...","og_url":"https:\/\/www.fusion-inc.com\/cs\/paste-filler-metals\/","og_site_name":"Fusion, Inc.","article_modified_time":"2024-01-31T15:45:40+00:00","twitter_misc":{"Odhadovan\u00e1 doba \u010dten\u00ed":"2 minuty"},"schema":{"@context":"https:\/\/schema.org","@graph":[{"@type":"WebPage","@id":"https:\/\/www.fusion-inc.com\/cs\/paste-filler-metals\/","url":"https:\/\/www.fusion-inc.com\/cs\/paste-filler-metals\/","name":"P\u00e1jec\u00ed a letovac\u00ed p\u0159\u00eddavn\u00e9 kovy ve form\u011b pasty - Fusion, Inc.","isPartOf":{"@id":"https:\/\/www.fusion-inc.com\/#website"},"datePublished":"2024-01-23T11:28:37+00:00","dateModified":"2024-01-31T15:45:40+00:00","breadcrumb":{"@id":"https:\/\/www.fusion-inc.com\/cs\/paste-filler-metals\/#breadcrumb"},"inLanguage":"cs","potentialAction":[{"@type":"ReadAction","target":["https:\/\/www.fusion-inc.com\/cs\/paste-filler-metals\/"]}]},{"@type":"BreadcrumbList","@id":"https:\/\/www.fusion-inc.com\/cs\/paste-filler-metals\/#breadcrumb","itemListElement":[{"@type":"ListItem","position":1,"name":"Home","item":"https:\/\/www.fusion-inc.com\/cs\/"},{"@type":"ListItem","position":2,"name":"P\u00e1jec\u00ed a letovac\u00ed p\u0159\u00eddavn\u00e9 kovy ve form\u011b pasty"}]},{"@type":"WebSite","@id":"https:\/\/www.fusion-inc.com\/#website","url":"https:\/\/www.fusion-inc.com\/","name":"Fusion, Inc.","description":"","potentialAction":[{"@type":"SearchAction","target":{"@type":"EntryPoint","urlTemplate":"https:\/\/www.fusion-inc.com\/?s={search_term_string}"},"query-input":{"@type":"PropertyValueSpecification","valueRequired":true,"valueName":"search_term_string"}}],"inLanguage":"cs"}]}},"_links":{"self":[{"href":"https:\/\/www.fusion-inc.com\/cs\/wp-json\/wp\/v2\/pages\/5039","targetHints":{"allow":["GET"]}}],"collection":[{"href":"https:\/\/www.fusion-inc.com\/cs\/wp-json\/wp\/v2\/pages"}],"about":[{"href":"https:\/\/www.fusion-inc.com\/cs\/wp-json\/wp\/v2\/types\/page"}],"author":[{"embeddable":true,"href":"https:\/\/www.fusion-inc.com\/cs\/wp-json\/wp\/v2\/users\/26"}],"replies":[{"embeddable":true,"href":"https:\/\/www.fusion-inc.com\/cs\/wp-json\/wp\/v2\/comments?post=5039"}],"version-history":[{"count":0,"href":"https:\/\/www.fusion-inc.com\/cs\/wp-json\/wp\/v2\/pages\/5039\/revisions"}],"wp:attachment":[{"href":"https:\/\/www.fusion-inc.com\/cs\/wp-json\/wp\/v2\/media?parent=5039"}],"curies":[{"name":"wp","href":"https:\/\/api.w.org\/{rel}","templated":true}]}}